{"id":9964,"date":"2020-09-01T11:16:36","date_gmt":"2020-09-01T11:16:36","guid":{"rendered":"https:\/\/food-shop.org\/?product=guelcan-paprikaflocken-edelsuess-gewuerz-zubereitung-tatli-pul-biber-180g"},"modified":"2023-04-08T17:09:19","modified_gmt":"2023-04-08T17:09:19","slug":"guelcan-paprikaflocken-edelsuess-gewuerz-zubereitung-tatli-pul-biber-180g","status":"publish","type":"product","link":"https:\/\/food-shop.org\/?product=guelcan-paprikaflocken-edelsuess-gewuerz-zubereitung-tatli-pul-biber-180g","title":{"rendered":"G\u00fclcan &#8211; Paprikaflocken EDELS\u00dcSS &#8211; Gew\u00fcrz-Zubereitung &#8211; Tatli Pul biber (180g)"},"content":{"rendered":"<p><!-- show up to 2 reviews by default --> <\/p>\n<h3>Inhaltsstoffe \/ Zutaten<\/h3>\n<p>Paprikaflocken, Pflanzen\u00f6l, Salz, Gew\u00fcrzzubereitung <\/p>\n<h3>Anschrift Hersteller\/Importeur<\/h3>\n<p>Nergiz Gro\u00dfmarkt GmbH, Fabrikstr. 11, 48599 Gronau, Deutschland <\/p>\n<p>Typisch Balkan<br \/>\nEdels\u00fcsse Variante (mild)<br \/>\n<div class=\"main-cross-sell\" data-asin=\"B07XYY941C\">\n\n\t<div class=\"WooZone-cross-sell-loader\">\n\t\t<div>\n\t\t\t<div id=\"floatingBarsG\">\n\t\t\t\t<div class=\"blockG\" id=\"rotateG_01\"><\/div>\n\t\t\t\t<div class=\"blockG\" id=\"rotateG_02\"><\/div>\n\t\t\t\t<div class=\"blockG\" id=\"rotateG_03\"><\/div>\n\t\t\t\t<div class=\"blockG\" id=\"rotateG_04\"><\/div>\n\t\t\t\t<div class=\"blockG\" id=\"rotateG_05\"><\/div>\n\t\t\t\t<div class=\"blockG\" id=\"rotateG_06\"><\/div>\n\t\t\t\t<div class=\"blockG\" id=\"rotateG_07\"><\/div>\n\t\t\t\t<div class=\"blockG\" id=\"rotateG_08\"><\/div>\n\t\t\t<\/div>\n\t\t\t<div class=\"WooZone-cross-sell-loader-text\"><\/div>\n\t\t<\/div>\n\t<\/div>\n\n\t\t\n<\/div>\n<div style=\"clear:both;\"><\/div>\n","protected":false},"excerpt":{"rendered":"Typisch Balkan\nEdels\u00fcsse Variante (mild)","protected":false},"featured_media":9965,"comment_status":"open","ping_status":"closed","template":"","meta":[],"product_cat":[57,66],"product_tag":[],"_links":{"self":[{"href":"https:\/\/food-shop.org\/index.php?rest_route=\/wp\/v2\/product\/9964"}],"collection":[{"href":"https:\/\/food-shop.org\/index.php?rest_route=\/wp\/v2\/product"}],"about":[{"href":"https:\/\/food-shop.org\/index.php?rest_route=\/wp\/v2\/types\/product"}],"replies":[{"embeddable":true,"href":"https:\/\/food-shop.org\/index.php?rest_route=%2Fwp%2Fv2%2Fcomments&post=9964"}],"wp:featuredmedia":[{"embeddable":true,"href":"https:\/\/food-shop.org\/index.php?rest_route=\/wp\/v2\/media\/9965"}],"wp:attachment":[{"href":"https:\/\/food-shop.org\/index.php?rest_route=%2Fwp%2Fv2%2Fmedia&parent=9964"}],"wp:term":[{"taxonomy":"product_cat","embeddable":true,"href":"https:\/\/food-shop.org\/index.php?rest_route=%2Fwp%2Fv2%2Fproduct_cat&post=9964"},{"taxonomy":"product_tag","embeddable":true,"href":"https:\/\/food-shop.org\/index.php?rest_route=%2Fwp%2Fv2%2Fproduct_tag&post=9964"}],"curies":[{"name":"wp","href":"https:\/\/api.w.org\/{rel}","templated":true}]}}