{"id":9952,"date":"2020-09-01T11:16:28","date_gmt":"2020-09-01T11:16:28","guid":{"rendered":"https:\/\/food-shop.org\/?product=ankerkraut-pommes-frites-salz-270g-im-streuer"},"modified":"2023-04-08T17:09:19","modified_gmt":"2023-04-08T17:09:19","slug":"ankerkraut-pommes-frites-salz-270g-im-streuer","status":"publish","type":"product","link":"https:\/\/food-shop.org\/?product=ankerkraut-pommes-frites-salz-270g-im-streuer","title":{"rendered":"Ankerkraut Pommes Frites Salz, Pommes Gew\u00fcrz, f\u00fcr Pommes und viele weitere Kartoffelgerichte, 270g im Streuer"},"content":{"rendered":"<p><!-- show up to 2 reviews by default --> <\/p>\n<h3>Produktbeschreibung<\/h3>\n<p>Durch diese spezielle W\u00fcrzmischung erhalten knusprige Pommes Frites und andere Kartoffelprodukte eine anspruchsvolle, geschmackliche Note. Insbesondere im Norden Europas und Amerikas werden Pommes Frites nicht nur mit Salz allein gew\u00fcrzt. Die Ankerkraut Pommes-Frites Salzmischung besteht aus Meersalz, das mit einer guten Portion Paprika edels\u00fcss verfeinert wird. Abgerundet wird der Gew\u00fcrzgenuss durch verschiedene Beis\u00e4tze: Knoblauch, Zwiebel und Senfmehl. Damit k\u00f6nnen neben Pommes Frites auch Bratkartoffeln, Pellkartoffeln, R\u00f6sti und R\u00f6stkartoffeln, Gratins und Salate mit Kartoffeln ebenso abgeschmeckt werden wie kr\u00e4ftige Fleischgerichte. Das Pommes Frites Salz mit seinen wenigen, aber markanten Grundzutaten verleiht diesen Gerichten einen kr\u00e4ftigen, w\u00fcrzigen Geschmack auf Salzgrundlage, der durch die aromatische, leichte Sch\u00e4rfe der Paprika abgerundet wird, wobei die geringen Mengen der restlichen Zutaten den Salzgeschmack sanft unterst\u00fctzen. <\/p>\n<h3>Inhaltsstoffe \/ Zutaten<\/h3>\n<p>Zutaten: Meersalz, Paprika edels\u00fc\u00df, SENFmehl, Zwiebel, Petersilie, Rauchsalz (Meersalz, Rauch), Knoblauch, Oregano\/ Kann Spuren von Sellerie enthalten. <\/p>\n<div data-a-expander-name=\"toggle_description\" class=\"a-row a-expander-container a-expander-extend-container\">\n<div class=\"a-expander-content a-expander-extend-content\">\n<h3>Anschrift Hersteller\/Importeur<\/h3>\n<p>Reindorfer Osterberg 75, 21266 Jesteburg <\/p>\n<\/p><\/div>\n<p> <a href=\"void(0)\" data-action=\"a-expander-toggle\" class=\"a-expander-header a-declarative a-expander-extend-header\" data-a-expander-toggle=\"{\"><i class=\"a-icon a-icon-extender-expand\"><\/i><span class=\"a-expander-prompt\">Weitere Informationen<\/span><\/a> <\/div>\n<p>Durch diese spezielle W\u00fcrzmischung erhalten knusprige Pommes Frites und andere Kartoffelprodukte eine anspruchsvolle, geschmackliche Note.<br \/>\nInsbesondere im Norden Europas und Amerikas werden Pommes Frites nicht nur mit Salz allein gew\u00fcrzt.<br \/>\nDie Ankerkraut Pommes-Frites Salzmischung besteht aus Meersalz, das mit einer guten Portion Paprika edels\u00fcss verfeinert wird. Abgerundet wird der Gew\u00fcrzgenuss durch verschiedene Beis\u00e4tze: Knoblauch, Zwiebel und Senfmehl<br \/>\nDamit k\u00f6nnen neben Pommes Frites auch Bratkartoffeln, Pellkartoffeln, R\u00f6sti und R\u00f6stkartoffeln, Gratins und Salate mit Kartoffeln ebenso abgeschmeckt werden wie kr\u00e4ftige Fleischgerichte.<br \/>\n<div class=\"main-cross-sell\" data-asin=\"B06XYHNNDN\">\n\n\t<div class=\"WooZone-cross-sell-loader\">\n\t\t<div>\n\t\t\t<div id=\"floatingBarsG\">\n\t\t\t\t<div class=\"blockG\" id=\"rotateG_01\"><\/div>\n\t\t\t\t<div class=\"blockG\" id=\"rotateG_02\"><\/div>\n\t\t\t\t<div class=\"blockG\" id=\"rotateG_03\"><\/div>\n\t\t\t\t<div class=\"blockG\" id=\"rotateG_04\"><\/div>\n\t\t\t\t<div class=\"blockG\" id=\"rotateG_05\"><\/div>\n\t\t\t\t<div class=\"blockG\" id=\"rotateG_06\"><\/div>\n\t\t\t\t<div class=\"blockG\" id=\"rotateG_07\"><\/div>\n\t\t\t\t<div class=\"blockG\" id=\"rotateG_08\"><\/div>\n\t\t\t<\/div>\n\t\t\t<div class=\"WooZone-cross-sell-loader-text\"><\/div>\n\t\t<\/div>\n\t<\/div>\n\n\t\t\n<\/div>\n<div style=\"clear:both;\"><\/div>\n","protected":false},"excerpt":{"rendered":"Durch diese spezielle W\u00fcrzmischung erhalten knusprige Pommes Frites und andere Kartoffelprodukte eine anspruchsvolle, geschmackliche Note.\nInsbesondere im Norden Europas und Amerikas werden Pommes Frites nicht nur mit Salz allein gew\u00fcrzt.\nDie Ankerkraut Pommes-Frites Salzmischung besteht aus Meersalz, das mit einer guten Portion Paprika edels\u00fcss verfeinert wird. Abgerundet wird der Gew\u00fcrzgenuss durch verschiedene Beis\u00e4tze: Knoblauch, Zwiebel und Senfmehl","protected":false},"featured_media":9953,"comment_status":"open","ping_status":"closed","template":"","meta":[],"product_cat":[57,66],"product_tag":[],"_links":{"self":[{"href":"https:\/\/food-shop.org\/index.php?rest_route=\/wp\/v2\/product\/9952"}],"collection":[{"href":"https:\/\/food-shop.org\/index.php?rest_route=\/wp\/v2\/product"}],"about":[{"href":"https:\/\/food-shop.org\/index.php?rest_route=\/wp\/v2\/types\/product"}],"replies":[{"embeddable":true,"href":"https:\/\/food-shop.org\/index.php?rest_route=%2Fwp%2Fv2%2Fcomments&post=9952"}],"wp:featuredmedia":[{"embeddable":true,"href":"https:\/\/food-shop.org\/index.php?rest_route=\/wp\/v2\/media\/9953"}],"wp:attachment":[{"href":"https:\/\/food-shop.org\/index.php?rest_route=%2Fwp%2Fv2%2Fmedia&parent=9952"}],"wp:term":[{"taxonomy":"product_cat","embeddable":true,"href":"https:\/\/food-shop.org\/index.php?rest_route=%2Fwp%2Fv2%2Fproduct_cat&post=9952"},{"taxonomy":"product_tag","embeddable":true,"href":"https:\/\/food-shop.org\/index.php?rest_route=%2Fwp%2Fv2%2Fproduct_tag&post=9952"}],"curies":[{"name":"wp","href":"https:\/\/api.w.org\/{rel}","templated":true}]}}