{"id":9908,"date":"2020-09-01T11:16:11","date_gmt":"2020-09-01T11:16:11","guid":{"rendered":"https:\/\/food-shop.org\/?product=hallingers-12er-gewuerz-geschenk-set-mit-gewuerzen-aus-aller-welt-220g-klassisches-gewuerz-set-design-karton-zu-muttertag-vatertag"},"modified":"2023-04-08T17:09:18","modified_gmt":"2023-04-08T17:09:18","slug":"hallingers-12er-gewuerz-geschenk-set-mit-gewuerzen-aus-aller-welt-220g-klassisches-gewuerz-set-design-karton-zu-muttertag-vatertag","status":"publish","type":"product","link":"https:\/\/food-shop.org\/?product=hallingers-12er-gewuerz-geschenk-set-mit-gewuerzen-aus-aller-welt-220g-klassisches-gewuerz-set-design-karton-zu-muttertag-vatertag","title":{"rendered":"Hallingers 12er Gew\u00fcrz-Geschenk-Set, Gew\u00fcrze aus aller Welt (160g) &#8211; Klassisches Gew\u00fcrz-Set (Set) &#8211; Passt immer 2023\u2026"},"content":{"rendered":"<p><!-- show up to 2 reviews by default --> <\/p>\n<h3>Produktbeschreibung<\/h3>\n<p>Perfektes Gourmet-Geschenk f\u00fcr alle Hobbyk\u00f6che, Grillmeister und Genie\u00dfer &#8211; 12 feine Gew\u00fcrz-Sorten aus aller Welt, in wiederverschlie\u00dfbaren sowie aromadichten Minigl\u00e4sern von Hand abgef\u00fcllt, versiegelt und verpackt. Die edle Box eignet sich wunderbar als Gew\u00fcrz Organizer und kann gut in der K\u00fcche verstaut werden.. Edle Optik, h\u00f6chster Genuss und Orginalit\u00e4t. Was braucht ein Geschenk mehr, um den liebsten oder guten Freunden ein strahlen ins Gesicht zu zaubern? Eine Prise Liebe. Dieses Gew\u00fcrzset besteht aus 12 mit Liebe ausgew\u00e4hlten und von Hand bef\u00fcllten Gew\u00fcrzmischungen aus aller Welt, von scharf bis exotisch. Die Vielfalt der Aromen l\u00e4dt zum Experimentieren ein und bietet f\u00fcr jeden Geschmack und jedes Gericht das perfekte Gew\u00fcrz. Die speziellen, wiederverschlie\u00dfbaren Gl\u00e4schen erfreuen nicht nur das Auge, sonder bewahren auch besonders lange die feine W\u00fcrze ihres Inhalts. Jedes Set wird in unserer Manufaktur von Hand konfektioniert. Das edle Design unserer Verpackung macht diese Sammlung feinster Gew\u00fcrze zu einem \u00e4sthetischen hingucker in jeder K\u00fcche. Das Gew\u00fcrzset ist ein hochwertiges und originelles Geschenk f\u00fcr Genie\u00dfer und Hobbyk\u00f6che, die sich gerne in der K\u00fcche vergn\u00fcgen. | HALLINGERS &#8211; EINE GR\u00dcNDUNG AUS LEIDENSCHAFT: Seit 2012 produzieren wir in unserer Manufaktur mit gro\u00dfer Leidenschaft unsere Gen\u00fcsse. Alles wird von Hand aus hochwertigen, wo m\u00f6glich regionalen, Zutaten hergestellt. Unsere Produktverpackungen sind modern und innovativ. Wir durften schon einige nationale und internationale Auszeichnungen gewinnen. In unserem Familienunternehmen ist uns eine positive Unternehmenskultur genauso wichtig wie unser soziales Engagement. Besuchen Sie uns und lassen Sie sich von unserer Leidenschaft gefl\u00fcgeln! Ihre Karin und Patrick Hallinger (Gr\u00fcnder und Gesch\u00e4ftsf\u00fchrer) <\/p>\n<h3>Inhaltsstoffe \/ Zutaten<\/h3>\n<p>Pfeffer, Rosmarin, Thymian, Oregano, Fenchel, Basilikum, Chili, Lauch, Koriander, Salbei, Zwiebeln, Meersalz, Petersilie, Schnittlauch, Dill, Knoblauch, Paprika, Zitronenschalen, Orangenschalen, pflanzliches \u00d6l, Trennmittel: Calciumstearat, S\u00e4uerungsmittel: Zitronens\u00e4ure, Roh-Rohrzucker, Liebst\u00f6ckel, SENF, Zimt, Piment, Sternanis, SELLERIE, S\u00fc\u00dfholzwurzel, Pastinaken, Karotten &#8211; und viel Liebe<\/p>\n<p>Pfeffer, Rosmarin, Thymian, Oregano, Fenchel, Basilikum, Chili, Lauch, Koriander, Salbei, Zwiebeln, Meersalz, Petersilie, Schnittlauch, Dill, Knoblauch, Paprika, Zitronenschalen, Orangenschalen, pflanzliches \u00d6l, Trennmittel: Calciumstearat, S\u00e4uerungsmittel: Zitronens\u00e4ure, Roh-Rohrzucker, Liebst\u00f6ckel, SENF, Zimt, Piment, Sternanis, SELLERIE, S\u00fc\u00dfholzwurzel, Pastinaken, Karotten &#8211; und viel Liebe <\/p>\n<div data-a-expander-name=\"toggle_description\" class=\"a-row a-expander-container a-expander-extend-container\">\n<div class=\"a-expander-content a-expander-extend-content\">\n<h3>Anschrift Hersteller\/Importeur<\/h3>\n<p>Hallingers Genuss Manufaktur GmbH, 86899 Landsberg am Lech, Deutschland <\/p>\n<\/p><\/div>\n<p> <a href=\"void(0)\" data-action=\"a-expander-toggle\" class=\"a-expander-header a-declarative a-expander-extend-header\" data-a-expander-toggle=\"{\"><i class=\"a-icon a-icon-extender-expand\"><\/i><span class=\"a-expander-prompt\">Weitere Informationen<\/span><\/a> <\/div>\n<p>Feinstes Gourmet-Gew\u00fcrz-Set von Hallingers &#8211; in zw\u00f6lf Minigl\u00e4sern luftdicht und wiederverschlie\u00dfbar, wiederbef\u00fcllbar und lange haltbar. Perfektes Gew\u00fcrz-Geschenk f\u00fcr M\u00e4nnder oder auch als Geschenk f\u00fcr sie. Bestehend aus je einem Gl\u00e4schen: Spritziger Zitronen-Pfeffer, Wilde Kr\u00e4uterhexe, Salat Power, Kalahari W\u00fcstensalz, Flammendes Steak, Sonniges Tomatengew\u00fcrz, Orient-Pfeffer, Grillgew\u00fcrz M\u00e4nnersache, Steinofen-Pizza, Mystisches Blausalz, Schwarzes Schaf und Bayerischer Kr\u00e4uterbutter<br \/>\nVerbesserte Edition: Noch mehr Inhalt (jetzt ca. 220g F\u00fcllgewicht), noch stabiler, noch edler, mit allen Infos direkt auf dem Glas. Nach wie vor: Nur erlesenste Rohstoffe werden verwendet, frei von Konservierungsstoffen, m\u00f6glichst Natur-belassen, nach unseren Original-Rezepturen in der Manufaktur bereitet<br \/>\nIn 12 wiederverschlie\u00dfbaren (und auch wiederbef\u00fcllbaren) Minigl\u00e4sern &#8211; damit besonders nachhaltig. Jedes Gef\u00e4\u00df ist jetzt mit Namen, Zutaten, N\u00e4hrwerten und Zubereitungshinweisen versehen und damit auch au\u00dferhalb des Gew\u00fcrz-Sets lange nutzbar<br \/>\nEin perfektes Geschenk \u00fcber ganze Jahr, so auch zu Weihnachten und im Advent oder zum Geburtstag sowie Vatertag &#8211; f\u00fcr jeden Fan toller Gew\u00fcrze &#8211; perfekt zum Kochen, Grillen, Marinieren und W\u00fcrzen! Ein Geschenk, welches lange und immer wieder Freude bereitet!<br \/>\nStabil verpackt im richtig edlen Designkarton! Ma\u00dfe: (L x B x H): Ca. 30 x 23 x 6,5 cm. Das Gewicht kann durch die Abf\u00fcllung per Hand variieren und betr\u00e4gt ca. 220g &#8212; ALLERGENE: Enth\u00e4lt: Sellerie, Senf &#8212; Hinweis zu(r) Prim\u00e4rzutat(en): Gew\u00fcrze nicht aus Bayern\/DE stammend<br \/>\n<div class=\"main-cross-sell\" data-asin=\"B01HU16CGC\">\n\n\t<div class=\"WooZone-cross-sell-loader\">\n\t\t<div>\n\t\t\t<div id=\"floatingBarsG\">\n\t\t\t\t<div class=\"blockG\" id=\"rotateG_01\"><\/div>\n\t\t\t\t<div class=\"blockG\" id=\"rotateG_02\"><\/div>\n\t\t\t\t<div class=\"blockG\" id=\"rotateG_03\"><\/div>\n\t\t\t\t<div class=\"blockG\" id=\"rotateG_04\"><\/div>\n\t\t\t\t<div class=\"blockG\" id=\"rotateG_05\"><\/div>\n\t\t\t\t<div class=\"blockG\" id=\"rotateG_06\"><\/div>\n\t\t\t\t<div class=\"blockG\" id=\"rotateG_07\"><\/div>\n\t\t\t\t<div class=\"blockG\" id=\"rotateG_08\"><\/div>\n\t\t\t<\/div>\n\t\t\t<div class=\"WooZone-cross-sell-loader-text\"><\/div>\n\t\t<\/div>\n\t<\/div>\n\n\t\t\n<\/div>\n<div style=\"clear:both;\"><\/div>\n","protected":false},"excerpt":{"rendered":"Feinstes Gourmet-Gew\u00fcrz-Set von Hallingers - in zw\u00f6lf Minigl\u00e4sern luftdicht und wiederverschlie\u00dfbar, wiederbef\u00fcllbar und lange haltbar. Perfektes Gew\u00fcrz-Geschenk f\u00fcr M\u00e4nnder oder auch als Geschenk f\u00fcr sie. Bestehend aus je einem Gl\u00e4schen: Spritziger Zitronen-Pfeffer, Wilde Kr\u00e4uterhexe, Salat Power, Kalahari W\u00fcstensalz, Flammendes Steak, Sonniges Tomatengew\u00fcrz, Orient-Pfeffer, Grillgew\u00fcrz M\u00e4nnersache, Steinofen-Pizza, Mystisches Blausalz, Schwarzes Schaf und Bayerischer Kr\u00e4uterbutter\nVerbesserte Edition: Noch mehr Inhalt (jetzt ca. 220g F\u00fcllgewicht), noch stabiler, noch edler, mit allen Infos direkt auf dem Glas. Nach wie vor: Nur erlesenste Rohstoffe werden verwendet, frei von Konservierungsstoffen, m\u00f6glichst Natur-belassen, nach unseren Original-Rezepturen in der Manufaktur bereitet\nIn 12 wiederverschlie\u00dfbaren (und auch wiederbef\u00fcllbaren) Minigl\u00e4sern - damit besonders nachhaltig. Jedes Gef\u00e4\u00df ist jetzt mit Namen, Zutaten, N\u00e4hrwerten und Zubereitungshinweisen versehen und damit auch au\u00dferhalb des Gew\u00fcrz-Sets lange nutzbar","protected":false},"featured_media":9909,"comment_status":"open","ping_status":"closed","template":"","meta":[],"product_cat":[57,66],"product_tag":[],"_links":{"self":[{"href":"https:\/\/food-shop.org\/index.php?rest_route=\/wp\/v2\/product\/9908"}],"collection":[{"href":"https:\/\/food-shop.org\/index.php?rest_route=\/wp\/v2\/product"}],"about":[{"href":"https:\/\/food-shop.org\/index.php?rest_route=\/wp\/v2\/types\/product"}],"replies":[{"embeddable":true,"href":"https:\/\/food-shop.org\/index.php?rest_route=%2Fwp%2Fv2%2Fcomments&post=9908"}],"wp:featuredmedia":[{"embeddable":true,"href":"https:\/\/food-shop.org\/index.php?rest_route=\/wp\/v2\/media\/9909"}],"wp:attachment":[{"href":"https:\/\/food-shop.org\/index.php?rest_route=%2Fwp%2Fv2%2Fmedia&parent=9908"}],"wp:term":[{"taxonomy":"product_cat","embeddable":true,"href":"https:\/\/food-shop.org\/index.php?rest_route=%2Fwp%2Fv2%2Fproduct_cat&post=9908"},{"taxonomy":"product_tag","embeddable":true,"href":"https:\/\/food-shop.org\/index.php?rest_route=%2Fwp%2Fv2%2Fproduct_tag&post=9908"}],"curies":[{"name":"wp","href":"https:\/\/api.w.org\/{rel}","templated":true}]}}