{"id":9878,"date":"2020-09-01T11:15:57","date_gmt":"2020-09-01T11:15:57","guid":{"rendered":"https:\/\/food-shop.org\/?product=zauber-der-gewuerze-sizilianisches-zitronensalz-mit-zitronenoel-tischsalz-125g"},"modified":"2023-04-09T17:37:17","modified_gmt":"2023-04-09T17:37:17","slug":"zauber-der-gewuerze-sizilianisches-zitronensalz-mit-zitronenoel-tischsalz-125g","status":"publish","type":"product","link":"https:\/\/food-shop.org\/?product=zauber-der-gewuerze-sizilianisches-zitronensalz-mit-zitronenoel-tischsalz-125g","title":{"rendered":"Zauber der Gew\u00fcrze Sizilianisches Zitronensalz, mit Zitronen\u00f6l, Tischsalz, 120g"},"content":{"rendered":"<p><!-- show up to 2 reviews by default --> <\/p>\n<h3>Produktbeschreibungen<\/h3>\n<p>Wer am liebsten das ganze Jahr lang Sommer h\u00e4tte, wird das Sizilianische Zitronensalz lieben. Sein Duft erinnert an lange Sommerabende und Urlaub am Meer. Das Geheimnis seines frischen Geschmacks: Meersalz wird mit einigen Tropfen sizilianischem Zitronen\u00f6l vermischt. Zitronensalz eignet sich hervorragend zum Abschmecken von mediterranen K\u00f6stlichkeiten, gegrilltem Fisch und Meeresfr\u00fcchten, Salaten oder exotischen Chutneys. Mit seiner ansprechenden goldenen Farbe macht sich das Sizilianische Zitronensalz auch perfekt als Tischsalz. Zutaten: Meersalz, Zitronen\u00f6l, Kurkuma, Einwaage: 125g <\/p>\n<h3>Inhaltsstoffe \/ Zutaten<\/h3>\n<p>Meersalz, Zitronen\u00f6l*, Kurkuma* (*aus KbA) <\/p>\n<p>Meersalz wird mit einigen Tropfen sizilianischem Zitronen\u00f6l vermischt. Zitronensalz eignet sich hervorragend zum Abschmecken von mediterranen K\u00f6stlichkeiten, gegrilltem Fisch und Meeresfr\u00fcchten, Salaten oder exotischen Chutneys.<br \/>\nDurch seine goldene Farbe auch optisch ein Genuss. \u00dcberraschen Sie ihre G\u00e4ste mit einem au\u00dfergew\u00f6hlichem Tischsalz!<br \/>\nPremium-Qualit\u00e4t aus besten Anbaugebieten &#8211; f\u00fcr das volle Aroma der Gew\u00fcrze!<br \/>\nEdles, wiederverschlie\u00dfbares D\u00f6schen zur Aufbewahrung: Bester Aromaschutz, Blickfang in der K\u00fcche und Ordnung f\u00fcr die Gew\u00fcrzsammlung<br \/>\nOhne Zusatz von Geschmacksverst\u00e4rkern und Aromen<br \/>\n<div class=\"main-cross-sell\" data-asin=\"B07K6HY6L3\">\n\n\t<div class=\"WooZone-cross-sell-loader\">\n\t\t<div>\n\t\t\t<div id=\"floatingBarsG\">\n\t\t\t\t<div class=\"blockG\" id=\"rotateG_01\"><\/div>\n\t\t\t\t<div class=\"blockG\" id=\"rotateG_02\"><\/div>\n\t\t\t\t<div class=\"blockG\" id=\"rotateG_03\"><\/div>\n\t\t\t\t<div class=\"blockG\" id=\"rotateG_04\"><\/div>\n\t\t\t\t<div class=\"blockG\" id=\"rotateG_05\"><\/div>\n\t\t\t\t<div class=\"blockG\" id=\"rotateG_06\"><\/div>\n\t\t\t\t<div class=\"blockG\" id=\"rotateG_07\"><\/div>\n\t\t\t\t<div class=\"blockG\" id=\"rotateG_08\"><\/div>\n\t\t\t<\/div>\n\t\t\t<div class=\"WooZone-cross-sell-loader-text\"><\/div>\n\t\t<\/div>\n\t<\/div>\n\n\t\t\n<\/div>\n<div style=\"clear:both;\"><\/div>\n","protected":false},"excerpt":{"rendered":"Meersalz wird mit einigen Tropfen sizilianischem Zitronen\u00f6l vermischt. Zitronensalz eignet sich hervorragend zum Abschmecken von mediterranen K\u00f6stlichkeiten, gegrilltem Fisch und Meeresfr\u00fcchten, Salaten oder exotischen Chutneys.\nDurch seine goldene Farbe auch optisch ein Genuss. \u00dcberraschen Sie ihre G\u00e4ste mit einem au\u00dfergew\u00f6hlichem Tischsalz!\nPremium-Qualit\u00e4t aus besten Anbaugebieten - f\u00fcr das volle Aroma der Gew\u00fcrze!","protected":false},"featured_media":9879,"comment_status":"open","ping_status":"closed","template":"","meta":[],"product_cat":[57,66],"product_tag":[],"_links":{"self":[{"href":"https:\/\/food-shop.org\/index.php?rest_route=\/wp\/v2\/product\/9878"}],"collection":[{"href":"https:\/\/food-shop.org\/index.php?rest_route=\/wp\/v2\/product"}],"about":[{"href":"https:\/\/food-shop.org\/index.php?rest_route=\/wp\/v2\/types\/product"}],"replies":[{"embeddable":true,"href":"https:\/\/food-shop.org\/index.php?rest_route=%2Fwp%2Fv2%2Fcomments&post=9878"}],"wp:featuredmedia":[{"embeddable":true,"href":"https:\/\/food-shop.org\/index.php?rest_route=\/wp\/v2\/media\/9879"}],"wp:attachment":[{"href":"https:\/\/food-shop.org\/index.php?rest_route=%2Fwp%2Fv2%2Fmedia&parent=9878"}],"wp:term":[{"taxonomy":"product_cat","embeddable":true,"href":"https:\/\/food-shop.org\/index.php?rest_route=%2Fwp%2Fv2%2Fproduct_cat&post=9878"},{"taxonomy":"product_tag","embeddable":true,"href":"https:\/\/food-shop.org\/index.php?rest_route=%2Fwp%2Fv2%2Fproduct_tag&post=9878"}],"curies":[{"name":"wp","href":"https:\/\/api.w.org\/{rel}","templated":true}]}}