{"id":9872,"date":"2020-09-01T11:15:54","date_gmt":"2020-09-01T11:15:54","guid":{"rendered":"https:\/\/food-shop.org\/?product=ankerkraut-gyros-gewuerz-80g-im-korkenglas"},"modified":"2023-04-09T17:37:17","modified_gmt":"2023-04-09T17:37:17","slug":"ankerkraut-gyros-gewuerz-80g-im-korkenglas","status":"publish","type":"product","link":"https:\/\/food-shop.org\/?product=ankerkraut-gyros-gewuerz-80g-im-korkenglas","title":{"rendered":"Ankerkraut Gyros Gew\u00fcrz, Gew\u00fcrzmischung f\u00fcr Gyros, egal ob aus der Pfanne oder vom Grill, 80g im Korkenglas"},"content":{"rendered":"<p><!-- show up to 2 reviews by default --> <\/p>\n<h3>Produktbeschreibung<\/h3>\n<p>Rezept Vorschlag: Schneiden Sie 500 Gramm Schweinefleisch (zum Beispiel Nackensteaks) in kleine Streifen. Vermischen Sie diese nun mit 5 Teel\u00f6ffeln Gyrosgew\u00fcrz und 5 Essl\u00f6ffel \u00d6l (am besten Oliven\u00f6l) und verpacken Sie diese Mischung luftdicht (zum Beispiel in einem Gefrierbeutel). Lassen Sie das Gyros nun 12-24 Stunden im K\u00fchlschrank ruhen, danach scharf anbraten: Fertig! <\/p>\n<h3>Inhaltsstoffe \/ Zutaten<\/h3>\n<p>Zutaten: Meersalz, Paprika edels\u00fc\u00df, schwarzer Pfeffer, Zwiebel, Knoblauch, Roh-Rohrzucker, Rosmarin, Thymian, Oregano, Majoran, Cumin, Koriandersaat, Chilischrot, Piment\/ Kann Spuren von Senf und Sellerie enthalten. <\/p>\n<div data-a-expander-name=\"toggle_description\" class=\"a-row a-expander-container a-expander-extend-container\">\n<div class=\"a-expander-content a-expander-extend-content\">\n<h3>Anschrift Hersteller\/Importeur<\/h3>\n<p>Reindorfer Osterberg 75, 21266 Jesteburg <\/p>\n<\/p><\/div>\n<p> <a href=\"void(0)\" data-action=\"a-expander-toggle\" class=\"a-expander-header a-declarative a-expander-extend-header\" data-a-expander-toggle=\"{\"><i class=\"a-icon a-icon-extender-expand\"><\/i><span class=\"a-expander-prompt\">Weitere Informationen<\/span><\/a> <\/div>\n<p>Gew\u00fcrzmischung<br \/>\nPerfekt f\u00fcr griechische Spezialit\u00e4ten<br \/>\nOhne Geschmacksverst\u00e4rker, Farbstoffe oder Rieselhilfen<br \/>\n<div class=\"main-cross-sell\" data-asin=\"B010T6D0II\">\n\n\t<div class=\"WooZone-cross-sell-loader\">\n\t\t<div>\n\t\t\t<div id=\"floatingBarsG\">\n\t\t\t\t<div class=\"blockG\" id=\"rotateG_01\"><\/div>\n\t\t\t\t<div class=\"blockG\" id=\"rotateG_02\"><\/div>\n\t\t\t\t<div class=\"blockG\" id=\"rotateG_03\"><\/div>\n\t\t\t\t<div class=\"blockG\" id=\"rotateG_04\"><\/div>\n\t\t\t\t<div class=\"blockG\" id=\"rotateG_05\"><\/div>\n\t\t\t\t<div class=\"blockG\" id=\"rotateG_06\"><\/div>\n\t\t\t\t<div class=\"blockG\" id=\"rotateG_07\"><\/div>\n\t\t\t\t<div class=\"blockG\" id=\"rotateG_08\"><\/div>\n\t\t\t<\/div>\n\t\t\t<div class=\"WooZone-cross-sell-loader-text\"><\/div>\n\t\t<\/div>\n\t<\/div>\n\n\t\t\n<\/div>\n<div style=\"clear:both;\"><\/div>\n","protected":false},"excerpt":{"rendered":"Gew\u00fcrzmischung\nPerfekt f\u00fcr griechische Spezialit\u00e4ten\nOhne Geschmacksverst\u00e4rker, Farbstoffe oder Rieselhilfen","protected":false},"featured_media":9873,"comment_status":"open","ping_status":"closed","template":"","meta":[],"product_cat":[57,66],"product_tag":[],"_links":{"self":[{"href":"https:\/\/food-shop.org\/index.php?rest_route=\/wp\/v2\/product\/9872"}],"collection":[{"href":"https:\/\/food-shop.org\/index.php?rest_route=\/wp\/v2\/product"}],"about":[{"href":"https:\/\/food-shop.org\/index.php?rest_route=\/wp\/v2\/types\/product"}],"replies":[{"embeddable":true,"href":"https:\/\/food-shop.org\/index.php?rest_route=%2Fwp%2Fv2%2Fcomments&post=9872"}],"wp:featuredmedia":[{"embeddable":true,"href":"https:\/\/food-shop.org\/index.php?rest_route=\/wp\/v2\/media\/9873"}],"wp:attachment":[{"href":"https:\/\/food-shop.org\/index.php?rest_route=%2Fwp%2Fv2%2Fmedia&parent=9872"}],"wp:term":[{"taxonomy":"product_cat","embeddable":true,"href":"https:\/\/food-shop.org\/index.php?rest_route=%2Fwp%2Fv2%2Fproduct_cat&post=9872"},{"taxonomy":"product_tag","embeddable":true,"href":"https:\/\/food-shop.org\/index.php?rest_route=%2Fwp%2Fv2%2Fproduct_tag&post=9872"}],"curies":[{"name":"wp","href":"https:\/\/api.w.org\/{rel}","templated":true}]}}