{"id":9869,"date":"2020-09-01T11:15:52","date_gmt":"2020-09-01T11:15:52","guid":{"rendered":"https:\/\/food-shop.org\/?product=wagner-gewuerze-senfkoerner-1-x-100-g"},"modified":"2023-04-09T17:37:17","modified_gmt":"2023-04-09T17:37:17","slug":"wagner-gewuerze-senfkoerner-1-x-100-g","status":"publish","type":"product","link":"https:\/\/food-shop.org\/?product=wagner-gewuerze-senfkoerner-1-x-100-g","title":{"rendered":"Wagner Gew\u00fcrze Senfk\u00f6rner (1 x 100 g)"},"content":{"rendered":"<div class=\"disclaim\"> Anzahl:<strong>1<\/strong> <\/div>\n<p> <!-- show up to 2 reviews by default --> <\/p>\n<h3>Inhaltsstoffe \/ Zutaten<\/h3>\n<p>Zutaten: SENFK\u00d6RNER. <\/p>\n<p>Senfk\u00f6rner haben einen scharfen Geschmack und eignen sich deshalb gut f\u00fcr Fischmarinaden, zum Einlegen von Gurken, K\u00fcrbissen, kleinen Zwiebeln und bei der Wurstbereitung Senfk\u00f6rner werden besonders zum W\u00fcrzen von S\u00fclzen, Wei\u00dfkohl und Sauerkraut verwendet<br \/>\n<div class=\"main-cross-sell\" data-asin=\"B082VPYRQN\">\n\n\t<div class=\"WooZone-cross-sell-loader\">\n\t\t<div>\n\t\t\t<div id=\"floatingBarsG\">\n\t\t\t\t<div class=\"blockG\" id=\"rotateG_01\"><\/div>\n\t\t\t\t<div class=\"blockG\" id=\"rotateG_02\"><\/div>\n\t\t\t\t<div class=\"blockG\" id=\"rotateG_03\"><\/div>\n\t\t\t\t<div class=\"blockG\" id=\"rotateG_04\"><\/div>\n\t\t\t\t<div class=\"blockG\" id=\"rotateG_05\"><\/div>\n\t\t\t\t<div class=\"blockG\" id=\"rotateG_06\"><\/div>\n\t\t\t\t<div class=\"blockG\" id=\"rotateG_07\"><\/div>\n\t\t\t\t<div class=\"blockG\" id=\"rotateG_08\"><\/div>\n\t\t\t<\/div>\n\t\t\t<div class=\"WooZone-cross-sell-loader-text\"><\/div>\n\t\t<\/div>\n\t<\/div>\n\n\t\t\n<\/div>\n<div style=\"clear:both;\"><\/div>\n","protected":false},"excerpt":{"rendered":"Senfk\u00f6rner haben einen scharfen Geschmack und eignen sich deshalb gut f\u00fcr Fischmarinaden, zum Einlegen von Gurken, K\u00fcrbissen, kleinen Zwiebeln und bei der Wurstbereitung Senfk\u00f6rner werden besonders zum W\u00fcrzen von S\u00fclzen, Wei\u00dfkohl und Sauerkraut verwendet","protected":false},"featured_media":9870,"comment_status":"open","ping_status":"closed","template":"","meta":[],"product_cat":[57,66],"product_tag":[],"_links":{"self":[{"href":"https:\/\/food-shop.org\/index.php?rest_route=\/wp\/v2\/product\/9869"}],"collection":[{"href":"https:\/\/food-shop.org\/index.php?rest_route=\/wp\/v2\/product"}],"about":[{"href":"https:\/\/food-shop.org\/index.php?rest_route=\/wp\/v2\/types\/product"}],"replies":[{"embeddable":true,"href":"https:\/\/food-shop.org\/index.php?rest_route=%2Fwp%2Fv2%2Fcomments&post=9869"}],"wp:featuredmedia":[{"embeddable":true,"href":"https:\/\/food-shop.org\/index.php?rest_route=\/wp\/v2\/media\/9870"}],"wp:attachment":[{"href":"https:\/\/food-shop.org\/index.php?rest_route=%2Fwp%2Fv2%2Fmedia&parent=9869"}],"wp:term":[{"taxonomy":"product_cat","embeddable":true,"href":"https:\/\/food-shop.org\/index.php?rest_route=%2Fwp%2Fv2%2Fproduct_cat&post=9869"},{"taxonomy":"product_tag","embeddable":true,"href":"https:\/\/food-shop.org\/index.php?rest_route=%2Fwp%2Fv2%2Fproduct_tag&post=9869"}],"curies":[{"name":"wp","href":"https:\/\/api.w.org\/{rel}","templated":true}]}}