{"id":9865,"date":"2020-09-01T11:15:50","date_gmt":"2020-09-01T11:15:50","guid":{"rendered":"https:\/\/food-shop.org\/?product=fuchs-gewuerze-124675-gewuerzmischungen"},"modified":"2023-04-09T17:37:17","modified_gmt":"2023-04-09T17:37:17","slug":"fuchs-gewuerze-124675-gewuerzmischungen","status":"publish","type":"product","link":"https:\/\/food-shop.org\/?product=fuchs-gewuerze-124675-gewuerzmischungen","title":{"rendered":"Fuchs Gew\u00fcrze 124675 Gew\u00fcrzmischungen"},"content":{"rendered":"<p><!-- show up to 2 reviews by default --> <\/p>\n<h3>Produktbeschreibung<\/h3>\n<p>Warnhinweise Nicht dem direkten Sonnenlicht aussetzen. Weitere Informationen Nicht dem direkten Sonnenlicht aussetzen. Warnhinweise Nicht dem direkten Sonnenlicht aussetzen. Nach Anbruch das Produkt wieder verschlie\u00dfen sowie k\u00fchl und trocken lagern. W\u00fcrzen statt Salzen 7 Kr\u00e4uter Gew\u00fcrzmischung von Fuchs Gew\u00fcrze &#8211; leckerer Geschmack, ohne die Zugabe von Salz im praktischen 55g Nachf\u00fcllbeutel <\/p>\n<h3>Gebrauchsanweisung<\/h3>\n<p>Nach Anbruch das Produkt wieder verschlie\u00dfen sowie k\u00fchl und trocken lagern. <\/p>\n<div data-a-expander-name=\"toggle_description\" class=\"a-row a-expander-container a-expander-extend-container\">\n<div class=\"a-expander-content a-expander-extend-content\">\n<h3>Warnhinweise<\/h3>\n<p>Nicht dem direkten Sonnenlicht aussetzen. <\/p>\n<\/p><\/div>\n<p> <a href=\"void(0)\" data-action=\"a-expander-toggle\" class=\"a-expander-header a-declarative a-expander-extend-header\" data-a-expander-toggle=\"{\"><i class=\"a-icon a-icon-extender-expand\"><\/i><span class=\"a-expander-prompt\">Weitere Informationen<\/span><\/a> <\/div>\n<p>Der pure Geschmack aus Kr\u00e4utern: Rosmarin, Petersilie, Majoran, Basilikum, Schnittlauch, Liebst\u00f6ckel und Sellerie sind ein ausgewogenes Arrangement.<br \/>\nQualit\u00e4tsversprechen: alle Fuchs Gew\u00fcrze enthalten nur nat\u00fcrliche Zutaten ohne geschmacksverst\u00e4rkende Zusatzstoffe oder Palm\u00f6l.<br \/>\nAu\u00dfergew\u00f6hnlicher Geschmack und herausragende Qualit\u00e4t: echte Kenner und K\u00f6nner, die Wert auf besondere Ern\u00e4hrung, gute K\u00fcche und den dazu passenden Lifestyle setzen, vertrauen auf Fuchs Gew\u00fcrze.<br \/>\nArtikel Paket Gewicht:- 0.0585 kilograms<br \/>\n<div class=\"main-cross-sell\" data-asin=\"B07VVDFWPG\">\n\n\t<div class=\"WooZone-cross-sell-loader\">\n\t\t<div>\n\t\t\t<div id=\"floatingBarsG\">\n\t\t\t\t<div class=\"blockG\" id=\"rotateG_01\"><\/div>\n\t\t\t\t<div class=\"blockG\" id=\"rotateG_02\"><\/div>\n\t\t\t\t<div class=\"blockG\" id=\"rotateG_03\"><\/div>\n\t\t\t\t<div class=\"blockG\" id=\"rotateG_04\"><\/div>\n\t\t\t\t<div class=\"blockG\" id=\"rotateG_05\"><\/div>\n\t\t\t\t<div class=\"blockG\" id=\"rotateG_06\"><\/div>\n\t\t\t\t<div class=\"blockG\" id=\"rotateG_07\"><\/div>\n\t\t\t\t<div class=\"blockG\" id=\"rotateG_08\"><\/div>\n\t\t\t<\/div>\n\t\t\t<div class=\"WooZone-cross-sell-loader-text\"><\/div>\n\t\t<\/div>\n\t<\/div>\n\n\t\t\n<\/div>\n<div style=\"clear:both;\"><\/div>\n","protected":false},"excerpt":{"rendered":"Der pure Geschmack aus Kr\u00e4utern: Rosmarin, Petersilie, Majoran, Basilikum, Schnittlauch, Liebst\u00f6ckel und Sellerie sind ein ausgewogenes Arrangement.\nQualit\u00e4tsversprechen: alle Fuchs Gew\u00fcrze enthalten nur nat\u00fcrliche Zutaten ohne geschmacksverst\u00e4rkende Zusatzstoffe oder Palm\u00f6l.\nAu\u00dfergew\u00f6hnlicher Geschmack und herausragende Qualit\u00e4t: echte Kenner und K\u00f6nner, die Wert auf besondere Ern\u00e4hrung, gute K\u00fcche und den dazu passenden Lifestyle setzen, vertrauen auf Fuchs Gew\u00fcrze.","protected":false},"featured_media":9866,"comment_status":"open","ping_status":"closed","template":"","meta":[],"product_cat":[57,66],"product_tag":[],"_links":{"self":[{"href":"https:\/\/food-shop.org\/index.php?rest_route=\/wp\/v2\/product\/9865"}],"collection":[{"href":"https:\/\/food-shop.org\/index.php?rest_route=\/wp\/v2\/product"}],"about":[{"href":"https:\/\/food-shop.org\/index.php?rest_route=\/wp\/v2\/types\/product"}],"replies":[{"embeddable":true,"href":"https:\/\/food-shop.org\/index.php?rest_route=%2Fwp%2Fv2%2Fcomments&post=9865"}],"wp:featuredmedia":[{"embeddable":true,"href":"https:\/\/food-shop.org\/index.php?rest_route=\/wp\/v2\/media\/9866"}],"wp:attachment":[{"href":"https:\/\/food-shop.org\/index.php?rest_route=%2Fwp%2Fv2%2Fmedia&parent=9865"}],"wp:term":[{"taxonomy":"product_cat","embeddable":true,"href":"https:\/\/food-shop.org\/index.php?rest_route=%2Fwp%2Fv2%2Fproduct_cat&post=9865"},{"taxonomy":"product_tag","embeddable":true,"href":"https:\/\/food-shop.org\/index.php?rest_route=%2Fwp%2Fv2%2Fproduct_tag&post=9865"}],"curies":[{"name":"wp","href":"https:\/\/api.w.org\/{rel}","templated":true}]}}