{"id":9841,"date":"2020-09-01T11:06:27","date_gmt":"2020-09-01T11:06:27","guid":{"rendered":"https:\/\/food-shop.org\/?product=wagner-gewuerze-majoran-gerebelt-1-x-100-g"},"modified":"2023-04-09T17:37:16","modified_gmt":"2023-04-09T17:37:16","slug":"wagner-gewuerze-majoran-gerebelt-1-x-100-g","status":"publish","type":"product","link":"https:\/\/food-shop.org\/?product=wagner-gewuerze-majoran-gerebelt-1-x-100-g","title":{"rendered":"Wagner Gew\u00fcrze Majoran gerebelt (1 x 100 g)"},"content":{"rendered":"<div class=\"disclaim\"> Anzahl:<strong>1<\/strong> <\/div>\n<p> <!-- show up to 2 reviews by default --> <\/p>\n<h3>Inhaltsstoffe \/ Zutaten<\/h3>\n<p>Zutaten: Majoran. <\/p>\n<p>Durch seinen herb-pfeffrigen Geschmack passt Majoran perfekt zu Eint\u00f6pfen, Kartoffelgerichten, salzigen K\u00e4segerichten, Hackbraten, Schmalz, dunklen Pilzen, Gurkengem\u00fcse, Bohnengerichten und Kr\u00e4uterquark<br \/>\n<div class=\"main-cross-sell\" data-asin=\"B082VP33FJ\">\n\n\t<div class=\"WooZone-cross-sell-loader\">\n\t\t<div>\n\t\t\t<div id=\"floatingBarsG\">\n\t\t\t\t<div class=\"blockG\" id=\"rotateG_01\"><\/div>\n\t\t\t\t<div class=\"blockG\" id=\"rotateG_02\"><\/div>\n\t\t\t\t<div class=\"blockG\" id=\"rotateG_03\"><\/div>\n\t\t\t\t<div class=\"blockG\" id=\"rotateG_04\"><\/div>\n\t\t\t\t<div class=\"blockG\" id=\"rotateG_05\"><\/div>\n\t\t\t\t<div class=\"blockG\" id=\"rotateG_06\"><\/div>\n\t\t\t\t<div class=\"blockG\" id=\"rotateG_07\"><\/div>\n\t\t\t\t<div class=\"blockG\" id=\"rotateG_08\"><\/div>\n\t\t\t<\/div>\n\t\t\t<div class=\"WooZone-cross-sell-loader-text\"><\/div>\n\t\t<\/div>\n\t<\/div>\n\n\t\t\n<\/div>\n<div style=\"clear:both;\"><\/div>\n","protected":false},"excerpt":{"rendered":"Durch seinen herb-pfeffrigen Geschmack passt Majoran perfekt zu Eint\u00f6pfen, Kartoffelgerichten, salzigen K\u00e4segerichten, Hackbraten, Schmalz, dunklen Pilzen, Gurkengem\u00fcse, Bohnengerichten und Kr\u00e4uterquark","protected":false},"featured_media":9842,"comment_status":"open","ping_status":"closed","template":"","meta":[],"product_cat":[57,66],"product_tag":[],"_links":{"self":[{"href":"https:\/\/food-shop.org\/index.php?rest_route=\/wp\/v2\/product\/9841"}],"collection":[{"href":"https:\/\/food-shop.org\/index.php?rest_route=\/wp\/v2\/product"}],"about":[{"href":"https:\/\/food-shop.org\/index.php?rest_route=\/wp\/v2\/types\/product"}],"replies":[{"embeddable":true,"href":"https:\/\/food-shop.org\/index.php?rest_route=%2Fwp%2Fv2%2Fcomments&post=9841"}],"wp:featuredmedia":[{"embeddable":true,"href":"https:\/\/food-shop.org\/index.php?rest_route=\/wp\/v2\/media\/9842"}],"wp:attachment":[{"href":"https:\/\/food-shop.org\/index.php?rest_route=%2Fwp%2Fv2%2Fmedia&parent=9841"}],"wp:term":[{"taxonomy":"product_cat","embeddable":true,"href":"https:\/\/food-shop.org\/index.php?rest_route=%2Fwp%2Fv2%2Fproduct_cat&post=9841"},{"taxonomy":"product_tag","embeddable":true,"href":"https:\/\/food-shop.org\/index.php?rest_route=%2Fwp%2Fv2%2Fproduct_tag&post=9841"}],"curies":[{"name":"wp","href":"https:\/\/api.w.org\/{rel}","templated":true}]}}