{"id":9803,"date":"2020-09-01T11:06:09","date_gmt":"2020-09-01T11:06:09","guid":{"rendered":"https:\/\/food-shop.org\/?product=ankerkraut-bratkartoffel-gewuerz-80g-im-korkenglas-gewuerzzubereitung-fuer-bratkartoffeln"},"modified":"2023-04-09T17:37:15","modified_gmt":"2023-04-09T17:37:15","slug":"ankerkraut-bratkartoffel-gewuerz-80g-im-korkenglas-gewuerzzubereitung-fuer-bratkartoffeln","status":"publish","type":"product","link":"https:\/\/food-shop.org\/?product=ankerkraut-bratkartoffel-gewuerz-80g-im-korkenglas-gewuerzzubereitung-fuer-bratkartoffeln","title":{"rendered":"Ankerkraut Bratkartoffel Gew\u00fcrz, Gew\u00fcrzmischung f\u00fcr Kartoffelgerichte, 80g im Korkenglas"},"content":{"rendered":"<p><!-- show up to 2 reviews by default --> <\/p>\n<h3>Produktbeschreibung<\/h3>\n<p>Gew\u00fcrzmischung f\u00fcr Bratkartoffeln, W\u00fcrzig und Rustikal, Ohne Zusatzstoffe, In der schicken Glasflasche ein echter Hingucker im Gew\u00fcrzregal <\/p>\n<h3>Inhaltsstoffe \/ Zutaten<\/h3>\n<p>Zutaten: R\u00f6stzwiebeln, Meersalz, Paprika edels\u00fc\u00df, Zwiebel, Petersilie, schwarzer Pfeffer, Rosmarin, K\u00fcmmel, Liebst\u00f6ckelbl\u00e4tter, Majoran\/ Kann Spuren von Senf und Sellerie enthalten. <\/p>\n<div data-a-expander-name=\"toggle_description\" class=\"a-row a-expander-container a-expander-extend-container\">\n<div class=\"a-expander-content a-expander-extend-content\">\n<h3>Anschrift Hersteller\/Importeur<\/h3>\n<p>Reindorfer Osterberg 75, 21266 Jesteburg <\/p>\n<\/p><\/div>\n<p> <a href=\"void(0)\" data-action=\"a-expander-toggle\" class=\"a-expander-header a-declarative a-expander-extend-header\" data-a-expander-toggle=\"{\"><i class=\"a-icon a-icon-extender-expand\"><\/i><span class=\"a-expander-prompt\">Weitere Informationen<\/span><\/a> <\/div>\n<p>Gew\u00fcrzzubereitung f\u00fcr Bratkartoffeln<br \/>\nKartoffel-Hausmannskost: deftig, bodenst\u00e4ndig, lecker<br \/>\nEgal ob Bratkartoffeln pur oder rustikales Bauernfr\u00fchst\u00fcck<br \/>\nCirca 1 EL auf 250g Kartoffeln<br \/>\nOhne Geschmacksverst\u00e4rker, Farbstoffe oder Rieselhilfen<br \/>\n<div class=\"main-cross-sell\" data-asin=\"B019CE9M94\">\n\n\t<div class=\"WooZone-cross-sell-loader\">\n\t\t<div>\n\t\t\t<div id=\"floatingBarsG\">\n\t\t\t\t<div class=\"blockG\" id=\"rotateG_01\"><\/div>\n\t\t\t\t<div class=\"blockG\" id=\"rotateG_02\"><\/div>\n\t\t\t\t<div class=\"blockG\" id=\"rotateG_03\"><\/div>\n\t\t\t\t<div class=\"blockG\" id=\"rotateG_04\"><\/div>\n\t\t\t\t<div class=\"blockG\" id=\"rotateG_05\"><\/div>\n\t\t\t\t<div class=\"blockG\" id=\"rotateG_06\"><\/div>\n\t\t\t\t<div class=\"blockG\" id=\"rotateG_07\"><\/div>\n\t\t\t\t<div class=\"blockG\" id=\"rotateG_08\"><\/div>\n\t\t\t<\/div>\n\t\t\t<div class=\"WooZone-cross-sell-loader-text\"><\/div>\n\t\t<\/div>\n\t<\/div>\n\n\t\t\n<\/div>\n<div style=\"clear:both;\"><\/div>\n","protected":false},"excerpt":{"rendered":"Gew\u00fcrzzubereitung f\u00fcr Bratkartoffeln\nKartoffel-Hausmannskost: deftig, bodenst\u00e4ndig, lecker\nEgal ob Bratkartoffeln pur oder rustikales Bauernfr\u00fchst\u00fcck","protected":false},"featured_media":9804,"comment_status":"open","ping_status":"closed","template":"","meta":[],"product_cat":[57,66],"product_tag":[],"_links":{"self":[{"href":"https:\/\/food-shop.org\/index.php?rest_route=\/wp\/v2\/product\/9803"}],"collection":[{"href":"https:\/\/food-shop.org\/index.php?rest_route=\/wp\/v2\/product"}],"about":[{"href":"https:\/\/food-shop.org\/index.php?rest_route=\/wp\/v2\/types\/product"}],"replies":[{"embeddable":true,"href":"https:\/\/food-shop.org\/index.php?rest_route=%2Fwp%2Fv2%2Fcomments&post=9803"}],"wp:featuredmedia":[{"embeddable":true,"href":"https:\/\/food-shop.org\/index.php?rest_route=\/wp\/v2\/media\/9804"}],"wp:attachment":[{"href":"https:\/\/food-shop.org\/index.php?rest_route=%2Fwp%2Fv2%2Fmedia&parent=9803"}],"wp:term":[{"taxonomy":"product_cat","embeddable":true,"href":"https:\/\/food-shop.org\/index.php?rest_route=%2Fwp%2Fv2%2Fproduct_cat&post=9803"},{"taxonomy":"product_tag","embeddable":true,"href":"https:\/\/food-shop.org\/index.php?rest_route=%2Fwp%2Fv2%2Fproduct_tag&post=9803"}],"curies":[{"name":"wp","href":"https:\/\/api.w.org\/{rel}","templated":true}]}}