{"id":9792,"date":"2020-09-01T11:06:04","date_gmt":"2020-09-01T11:06:04","guid":{"rendered":"https:\/\/food-shop.org\/?product=emsa-2201080700-gewuerzkarussell-8-gewuerze-glas-kunststoff-schwarz"},"modified":"2023-04-09T17:37:15","modified_gmt":"2023-04-09T17:37:15","slug":"emsa-2201080700-gewuerzkarussell-8-gewuerze-glas-kunststoff-schwarz","status":"publish","type":"product","link":"https:\/\/food-shop.org\/?product=emsa-2201080700-gewuerzkarussell-8-gewuerze-glas-kunststoff-schwarz","title":{"rendered":"Emsa 2201080700 Gew\u00fcrzkarussell, 8 Gew\u00fcrze, Glas\/Kunststoff, schwarz"},"content":{"rendered":"<div class=\"disclaim\"> Farbe:<strong>Schwarz<\/strong> <\/div>\n<p> <!-- show up to 2 reviews by default --> <\/p>\n<h3>Produktbeschreibung<\/h3>\n<p>Auf einen blick und griff &#8211; Mit dem dekorativen Emsa Gew\u00fcrzkarussell Galarie haben Sie nun Ihre beliebtesten Gew\u00fcrze griffbereit zur Hand und w\u00fcrzen im Handumdrehen. Das Karussell ist mit insgesamt acht gef\u00fcllten Gew\u00fcrzgl\u00e4sern ausgestattet. Dank Drehfunktion und Einh\u00e4ngen der Gew\u00fcrzgl\u00e4ser haben Sie alle Ihre Gew\u00fcrze auf einen Griff und k\u00f6nnen z\u00fcgig w\u00fcrzen. Mithilfe des mitgelieferten mehrsprachigen Etiketteneinsatz beschriften Sie die Gl\u00e4ser zur besseren \u00dcbersicht. Einfache Dosierung und Schutz der Aromen &#8211; Mittels der unterschiedlichen Streusiebe und -l\u00f6cher k\u00f6nnen Sie die jeweiligen Gew\u00fcrze einfach dosieren. Zur Bewahrung der Aromen Ihrer Gew\u00fcrze verf\u00fcgen die einzelnen Gl\u00e4ser \u00fcber luftdichte Aromasafe-Verschl\u00fcsse. Einfach nachf\u00fcllbar sind die Gl\u00e4ser durch den Deckel. &#8211; Made in Germany &#8211; Hergestellt in Deutschland verspricht das Gew\u00fcrzkarussell h\u00f6chste Qualit\u00e4t. Durch die Kombination aus Kunststoff und Glas ist Ihr neuer K\u00fcchenhelfer besonders robust und l\u00e4sst sich leicht reinigen. <\/p>\n<h3>Rechtliche Hinweise<\/h3>\n<p>reiner Privatverkauf ohne Gew\u00e4hrleistung, R\u00fcckgaberecht etc. Bitte nur kaufen wenn Sie damit einverstanden sind. DANKE <\/p>\n<p>Praktisches Gew\u00fcrzkarussell in Schwarz mit Gl\u00e4sern zur griffbereiten sowie dekorativen Aufbewahrung von 8 Gew\u00fcrzen inkl. Gew\u00fcrzen zur Erstbef\u00fcllung<br \/>\nAuf einen Blick und Griff: Z\u00fcgiges W\u00fcrzen dank Drehfunktion und Einh\u00e4ngen der Gew\u00fcrzgl\u00e4ser; Beschriftung der Gl\u00e4ser mittels mehrsprachigem Etikettensatz<br \/>\nEinfache Dosierung der jeweiligen Gew\u00fcrze mittels Streusiebe und l\u00f6cher; Bewahrung der Aromen durch luftdichten Aromasafe-Verschluss; Nachf\u00fcllbar<br \/>\nMade in Germany; Robust durch Kombination aus Kunststoff und Glas; Leichte Reinigung; Inkl. acht Gew\u00fcrzgl\u00e4sern mit Gew\u00fcrzen<br \/>\nLieferumfang: 1x Emsa Gew\u00fcrzkarussell Galerie<br \/>\n<div class=\"main-cross-sell\" data-asin=\"B000A8BKVU\">\n\n\t<div class=\"WooZone-cross-sell-loader\">\n\t\t<div>\n\t\t\t<div id=\"floatingBarsG\">\n\t\t\t\t<div class=\"blockG\" id=\"rotateG_01\"><\/div>\n\t\t\t\t<div class=\"blockG\" id=\"rotateG_02\"><\/div>\n\t\t\t\t<div class=\"blockG\" id=\"rotateG_03\"><\/div>\n\t\t\t\t<div class=\"blockG\" id=\"rotateG_04\"><\/div>\n\t\t\t\t<div class=\"blockG\" id=\"rotateG_05\"><\/div>\n\t\t\t\t<div class=\"blockG\" id=\"rotateG_06\"><\/div>\n\t\t\t\t<div class=\"blockG\" id=\"rotateG_07\"><\/div>\n\t\t\t\t<div class=\"blockG\" id=\"rotateG_08\"><\/div>\n\t\t\t<\/div>\n\t\t\t<div class=\"WooZone-cross-sell-loader-text\"><\/div>\n\t\t<\/div>\n\t<\/div>\n\n\t\t\n<\/div>\n<div style=\"clear:both;\"><\/div>\n","protected":false},"excerpt":{"rendered":"Praktisches Gew\u00fcrzkarussell in Schwarz mit Gl\u00e4sern zur griffbereiten sowie dekorativen Aufbewahrung von 8 Gew\u00fcrzen inkl. Gew\u00fcrzen zur Erstbef\u00fcllung\nAuf einen Blick und Griff: Z\u00fcgiges W\u00fcrzen dank Drehfunktion und Einh\u00e4ngen der Gew\u00fcrzgl\u00e4ser; Beschriftung der Gl\u00e4ser mittels mehrsprachigem Etikettensatz\nEinfache Dosierung der jeweiligen Gew\u00fcrze mittels Streusiebe und l\u00f6cher; Bewahrung der Aromen durch luftdichten Aromasafe-Verschluss; Nachf\u00fcllbar","protected":false},"featured_media":9793,"comment_status":"open","ping_status":"closed","template":"","meta":[],"product_cat":[57,66],"product_tag":[],"_links":{"self":[{"href":"https:\/\/food-shop.org\/index.php?rest_route=\/wp\/v2\/product\/9792"}],"collection":[{"href":"https:\/\/food-shop.org\/index.php?rest_route=\/wp\/v2\/product"}],"about":[{"href":"https:\/\/food-shop.org\/index.php?rest_route=\/wp\/v2\/types\/product"}],"replies":[{"embeddable":true,"href":"https:\/\/food-shop.org\/index.php?rest_route=%2Fwp%2Fv2%2Fcomments&post=9792"}],"wp:featuredmedia":[{"embeddable":true,"href":"https:\/\/food-shop.org\/index.php?rest_route=\/wp\/v2\/media\/9793"}],"wp:attachment":[{"href":"https:\/\/food-shop.org\/index.php?rest_route=%2Fwp%2Fv2%2Fmedia&parent=9792"}],"wp:term":[{"taxonomy":"product_cat","embeddable":true,"href":"https:\/\/food-shop.org\/index.php?rest_route=%2Fwp%2Fv2%2Fproduct_cat&post=9792"},{"taxonomy":"product_tag","embeddable":true,"href":"https:\/\/food-shop.org\/index.php?rest_route=%2Fwp%2Fv2%2Fproduct_tag&post=9792"}],"curies":[{"name":"wp","href":"https:\/\/api.w.org\/{rel}","templated":true}]}}