{"id":9766,"date":"2020-09-01T11:05:52","date_gmt":"2020-09-01T11:05:52","guid":{"rendered":"https:\/\/food-shop.org\/?product=ankerkraut-magic-dust-im-streuer-bbq-rub-gewuerzmischung-zum-marinieren-von-fleisch"},"modified":"2023-04-09T17:37:15","modified_gmt":"2023-04-09T17:37:15","slug":"ankerkraut-magic-dust-im-streuer-bbq-rub-gewuerzmischung-zum-marinieren-von-fleisch","status":"publish","type":"product","link":"https:\/\/food-shop.org\/?product=ankerkraut-magic-dust-im-streuer-bbq-rub-gewuerzmischung-zum-marinieren-von-fleisch","title":{"rendered":"Ankerkraut Magic Dust, BBQ-Rub, Marinade f\u00fcr Fleisch, Gew\u00fcrzmischung zum Grillen, 230g im Streuer"},"content":{"rendered":"<p><!-- show up to 2 reviews by default --> <\/p>\n<h3>Produktbeschreibung<\/h3>\n<p>Marinaden oder auch BBQ Rubs sind Gew\u00fcrze, die man zum Einlegen von Fleisch verwendet. Meist mariniert man Fleisch, bevor man es grillt, aber auch gebratenes oder Fleisch, das man im Backofen und Dampfgarer zubereitet, schmeckt gut wenn es vorher mariniert wurde. Die Ankerkraut Fleischmarinaden werden mit \u00d6l (wir benutzen gerne Oliven\u00f6l), Wasser, Rotwein oder Bier anger\u00fchrt. Wer es ganz exotisch mag, kann auch mit Honig, Zitronensaft oder Marmelade experimentieren. Erlaubt ist, was schmeckt! Mit dieser fertig anger\u00fchrten Mischung bestreicht man das Fleisch nun, oder legt es gleich komplett hinein. Keine Sorge: Rind, Schwein, Gefl\u00fcgel oder auch exotische Fleischarten (probieren Sie doch auch mal Wildfleisch) werden von Ankerkraut BBQ Rubs verfeinert. Am besten lassen Sie das Fleisch \u00fcber Nacht im K\u00fchlschrank marinieren, wer wenig Zeit hat, sollte das Fleisch mindestens 30 Minuten ziehen lassen. Auch Vegetarier d\u00fcrfen hier zugreifen: Sie k\u00f6nnen mit unseren Rubs auch Gem\u00fcse oder K\u00e4se f\u00fcr den Grill veredeln: Besonders gut eignen sich hier Zucchini, Paprika, Aubergine, Schafsk\u00e4se oder Halloumi. <\/p>\n<h3>Inhaltsstoffe \/ Zutaten<\/h3>\n<p>Paprika edels\u00fc\u00df, Meersalz, Roh-Rohrzucker, SENFMEHL, Knoblauch, schwarzer Pfeffer, Cumin, Jalapeno ger\u00e4uchert (Jalapeno, Rauch), Paprika ger\u00e4uchert (Paprika, Rauch), Cayennepfeffer. Kann Spuren von SELLERIE enthalten <\/p>\n<div data-a-expander-name=\"toggle_description\" class=\"a-row a-expander-container a-expander-extend-container\">\n<div class=\"a-expander-content a-expander-extend-content\">\n<h3>Anschrift Hersteller\/Importeur<\/h3>\n<p>Reindorfer Osterberg 75, 21266 Jesteburg <\/p>\n<\/p><\/div>\n<p> <a href=\"void(0)\" data-action=\"a-expander-toggle\" class=\"a-expander-header a-declarative a-expander-extend-header\" data-a-expander-toggle=\"{\"><i class=\"a-icon a-icon-extender-expand\"><\/i><span class=\"a-expander-prompt\">Weitere Informationen<\/span><\/a> <\/div>\n<p>Rubs sind Mischungen w\u00fcrzender, trockener Zutaten, die gerne beim BBQ bzw. Grillen verwendet werden. Dabei beschreibt der Name Rub bereits die Zubereitungsweise, n\u00e4mlich das Einmassieren der Gew\u00fcrzzutaten, haupts\u00e4chlich von Fleisch. Sie bilden auf dem Fleisch zun\u00e4chst eine leckere Marinade und anschlie\u00dfend w\u00e4hrend des Garens eine schmackhafte Kruste. Dabei eignen sich Rubs f\u00fcr allerlei Fleischsorten.<br \/>\nDer Ankerkraut Magic Dust Rub besitzt einen w\u00fcrzigen Paprikageschmack mit leicht pikanter Note. Man kann es prima f\u00fcr diverse Fleischsorten, so z.B. Schweinefleisch(z.B. Pulled Pork), Rindfleisch, Gefl\u00fcgelfleisch oder Kalbfleisch, benutzen. Die Marinade macht aus jedem dieser Gerichte ein wahres Geschmackserlebnis, selbst in Kombination mit Gem\u00fcse (Paprika, Zucchini, Aubergine) oder K\u00e4se (Schafsk\u00e4se, Halloumi) f\u00fcr den Grill.<br \/>\nDie Zutaten dieser W\u00fcrzmischung werden frisch bezogen, in die praktische, UV-lichtgesch\u00fctzte Ankerkraut Streuer (230 Gramm) umgef\u00fcllt und nach sehr kurzer Lagerzeit an die Kunden versandt. Dies geschieht alles in Handarbeit ohne jegliche Geschmacksverst\u00e4rker oder Konservierungsmittel. Magic Dust von Ankerkraut gibt es zudem auch in eleganten Korkengl\u00e4sern (100 Gramm), sowie in T\u00fcten (250 Gramm und 750 Gramm).<br \/>\nAls Erfinder dieses leckeren BBQ Rubs gilt Mike Mills, somit findet diese W\u00fcrzmischung ihren Ursprung in den USA, sprich in der Barbecue Hochburg schlechthin. Wir haben die Mischung unseres Ankerkraut Magic Dust Rubs an Mike Mills Originalrezept ausgerichtet.<br \/>\nDiese Gew\u00fcrzmischung ist der absolute Bestseller der Ankerkraut Geschmacksmanufaktur, die ihren Schwerpunkt auf Grillgew\u00fcrze legt. Probieren Sie Ankerkraut Magic Dust, wir sind sicher, Ihr Gaumen wird Ihnen daf\u00fcr danken. Sollten Sie wider Erwarten nicht zufrieden sein, sind wir Ihnen um Ihr Feedback sehr verbunden: Wir sind erst gl\u00fccklich wenn Sie es sind!<br \/>\n<div class=\"main-cross-sell\" data-asin=\"B00NEG6SX0\">\n\n\t<div class=\"WooZone-cross-sell-loader\">\n\t\t<div>\n\t\t\t<div id=\"floatingBarsG\">\n\t\t\t\t<div class=\"blockG\" id=\"rotateG_01\"><\/div>\n\t\t\t\t<div class=\"blockG\" id=\"rotateG_02\"><\/div>\n\t\t\t\t<div class=\"blockG\" id=\"rotateG_03\"><\/div>\n\t\t\t\t<div class=\"blockG\" id=\"rotateG_04\"><\/div>\n\t\t\t\t<div class=\"blockG\" id=\"rotateG_05\"><\/div>\n\t\t\t\t<div class=\"blockG\" id=\"rotateG_06\"><\/div>\n\t\t\t\t<div class=\"blockG\" id=\"rotateG_07\"><\/div>\n\t\t\t\t<div class=\"blockG\" id=\"rotateG_08\"><\/div>\n\t\t\t<\/div>\n\t\t\t<div class=\"WooZone-cross-sell-loader-text\"><\/div>\n\t\t<\/div>\n\t<\/div>\n\n\t\t\n<\/div>\n<div style=\"clear:both;\"><\/div>\n","protected":false},"excerpt":{"rendered":"Rubs sind Mischungen w\u00fcrzender, trockener Zutaten, die gerne beim BBQ bzw. Grillen verwendet werden. Dabei beschreibt der Name Rub bereits die Zubereitungsweise, n\u00e4mlich das Einmassieren der Gew\u00fcrzzutaten, haupts\u00e4chlich von Fleisch. Sie bilden auf dem Fleisch zun\u00e4chst eine leckere Marinade und anschlie\u00dfend w\u00e4hrend des Garens eine schmackhafte Kruste. Dabei eignen sich Rubs f\u00fcr allerlei Fleischsorten.\nDer Ankerkraut Magic Dust Rub besitzt einen w\u00fcrzigen Paprikageschmack mit leicht pikanter Note. Man kann es prima f\u00fcr diverse Fleischsorten, so z.B. Schweinefleisch(z.B. Pulled Pork), Rindfleisch, Gefl\u00fcgelfleisch oder Kalbfleisch, benutzen. Die Marinade macht aus jedem dieser Gerichte ein wahres Geschmackserlebnis, selbst in Kombination mit Gem\u00fcse (Paprika, Zucchini, Aubergine) oder K\u00e4se (Schafsk\u00e4se, Halloumi) f\u00fcr den Grill.\nDie Zutaten dieser W\u00fcrzmischung werden frisch bezogen, in die praktische, UV-lichtgesch\u00fctzte Ankerkraut Streuer (230 Gramm) umgef\u00fcllt und nach sehr kurzer Lagerzeit an die Kunden versandt. Dies geschieht alles in Handarbeit ohne jegliche Geschmacksverst\u00e4rker oder Konservierungsmittel. Magic Dust von Ankerkraut gibt es zudem auch in eleganten Korkengl\u00e4sern (100 Gramm), sowie in T\u00fcten (250 Gramm und 750 Gramm).","protected":false},"featured_media":9767,"comment_status":"open","ping_status":"closed","template":"","meta":[],"product_cat":[57,66],"product_tag":[],"_links":{"self":[{"href":"https:\/\/food-shop.org\/index.php?rest_route=\/wp\/v2\/product\/9766"}],"collection":[{"href":"https:\/\/food-shop.org\/index.php?rest_route=\/wp\/v2\/product"}],"about":[{"href":"https:\/\/food-shop.org\/index.php?rest_route=\/wp\/v2\/types\/product"}],"replies":[{"embeddable":true,"href":"https:\/\/food-shop.org\/index.php?rest_route=%2Fwp%2Fv2%2Fcomments&post=9766"}],"wp:featuredmedia":[{"embeddable":true,"href":"https:\/\/food-shop.org\/index.php?rest_route=\/wp\/v2\/media\/9767"}],"wp:attachment":[{"href":"https:\/\/food-shop.org\/index.php?rest_route=%2Fwp%2Fv2%2Fmedia&parent=9766"}],"wp:term":[{"taxonomy":"product_cat","embeddable":true,"href":"https:\/\/food-shop.org\/index.php?rest_route=%2Fwp%2Fv2%2Fproduct_cat&post=9766"},{"taxonomy":"product_tag","embeddable":true,"href":"https:\/\/food-shop.org\/index.php?rest_route=%2Fwp%2Fv2%2Fproduct_tag&post=9766"}],"curies":[{"name":"wp","href":"https:\/\/api.w.org\/{rel}","templated":true}]}}