{"id":9760,"date":"2020-09-01T11:05:49","date_gmt":"2020-09-01T11:05:49","guid":{"rendered":"https:\/\/food-shop.org\/?product=ankerkraut-italienische-kraeuter-20g-im-korkenglas-mediterales-universalgewuerz"},"modified":"2023-04-09T17:37:15","modified_gmt":"2023-04-09T17:37:15","slug":"ankerkraut-italienische-kraeuter-20g-im-korkenglas-mediterales-universalgewuerz","status":"publish","type":"product","link":"https:\/\/food-shop.org\/?product=ankerkraut-italienische-kraeuter-20g-im-korkenglas-mediterales-universalgewuerz","title":{"rendered":"Ankerkraut Italienische Kr\u00e4uter, mediterranes Universalgew\u00fcrz f\u00fcr Pasta, Pizza und Salate, 20g im Korkenglas"},"content":{"rendered":"<p><!-- show up to 2 reviews by default --> <\/p>\n<h3>Produktbeschreibung<\/h3>\n<p>Unsere Gew\u00fcrzmischung &#8222;italienische Kr\u00e4uter&#8220; ist das mediterrane Universalgew\u00fcrz, alles was nach &#8222;Urlaub im S\u00fcden&#8220; schmecken soll, k\u00f6nnen Sie damit verfeinern. Sie k\u00f6nnen mit dieser italienischen Gew\u00fcrzmischung eine Tomatenso\u00dfe abschmecken, einen Salat w\u00fcrzen oder es f\u00fcr Pasta Gerichte verwenden. Ganz besonders lecker schmeckt es nat\u00fcrlich auf einer Pizza, streuen Sie es nach dem Backen \u00fcber den knusprigen K\u00e4se. <\/p>\n<h3>Inhaltsstoffe \/ Zutaten<\/h3>\n<p>Zutaten: Basilikum, Oregano, Rosmarin, Majoran, Thymian, Salbei\/ Kann Spuren von Senf und Sellerie enthalten. <\/p>\n<div data-a-expander-name=\"toggle_description\" class=\"a-row a-expander-container a-expander-extend-container\">\n<div class=\"a-expander-content a-expander-extend-content\">\n<h3>Anschrift Hersteller\/Importeur<\/h3>\n<p>Reindorfer Osterberg 75, 21266 Jesteburg <\/p>\n<\/p><\/div>\n<p> <a href=\"void(0)\" data-action=\"a-expander-toggle\" class=\"a-expander-header a-declarative a-expander-extend-header\" data-a-expander-toggle=\"{\"><i class=\"a-icon a-icon-extender-expand\"><\/i><span class=\"a-expander-prompt\">Weitere Informationen<\/span><\/a> <\/div>\n<p>Universalgew\u00fcrz f\u00fcr Pasta, Pizza oder Salate<br \/>\nSchmeckt wie der Urlaub in Europas S\u00fcden \ud83d\ude42<br \/>\nPerfekt als Geschenk oder kleine Aufmerksamkeit geeignet<br \/>\nOhne Konservierungsstoffe, Geschmacksverst\u00e4rker und Rieselhilfen<br \/>\n<div class=\"main-cross-sell\" data-asin=\"B00CRF8382\">\n\n\t<div class=\"WooZone-cross-sell-loader\">\n\t\t<div>\n\t\t\t<div id=\"floatingBarsG\">\n\t\t\t\t<div class=\"blockG\" id=\"rotateG_01\"><\/div>\n\t\t\t\t<div class=\"blockG\" id=\"rotateG_02\"><\/div>\n\t\t\t\t<div class=\"blockG\" id=\"rotateG_03\"><\/div>\n\t\t\t\t<div class=\"blockG\" id=\"rotateG_04\"><\/div>\n\t\t\t\t<div class=\"blockG\" id=\"rotateG_05\"><\/div>\n\t\t\t\t<div class=\"blockG\" id=\"rotateG_06\"><\/div>\n\t\t\t\t<div class=\"blockG\" id=\"rotateG_07\"><\/div>\n\t\t\t\t<div class=\"blockG\" id=\"rotateG_08\"><\/div>\n\t\t\t<\/div>\n\t\t\t<div class=\"WooZone-cross-sell-loader-text\"><\/div>\n\t\t<\/div>\n\t<\/div>\n\n\t\t\n<\/div>\n<div style=\"clear:both;\"><\/div>\n","protected":false},"excerpt":{"rendered":"Universalgew\u00fcrz f\u00fcr Pasta, Pizza oder Salate\nSchmeckt wie der Urlaub in Europas S\u00fcden :-)\nPerfekt als Geschenk oder kleine Aufmerksamkeit geeignet","protected":false},"featured_media":9761,"comment_status":"open","ping_status":"closed","template":"","meta":[],"product_cat":[57,66],"product_tag":[],"_links":{"self":[{"href":"https:\/\/food-shop.org\/index.php?rest_route=\/wp\/v2\/product\/9760"}],"collection":[{"href":"https:\/\/food-shop.org\/index.php?rest_route=\/wp\/v2\/product"}],"about":[{"href":"https:\/\/food-shop.org\/index.php?rest_route=\/wp\/v2\/types\/product"}],"replies":[{"embeddable":true,"href":"https:\/\/food-shop.org\/index.php?rest_route=%2Fwp%2Fv2%2Fcomments&post=9760"}],"wp:featuredmedia":[{"embeddable":true,"href":"https:\/\/food-shop.org\/index.php?rest_route=\/wp\/v2\/media\/9761"}],"wp:attachment":[{"href":"https:\/\/food-shop.org\/index.php?rest_route=%2Fwp%2Fv2%2Fmedia&parent=9760"}],"wp:term":[{"taxonomy":"product_cat","embeddable":true,"href":"https:\/\/food-shop.org\/index.php?rest_route=%2Fwp%2Fv2%2Fproduct_cat&post=9760"},{"taxonomy":"product_tag","embeddable":true,"href":"https:\/\/food-shop.org\/index.php?rest_route=%2Fwp%2Fv2%2Fproduct_tag&post=9760"}],"curies":[{"name":"wp","href":"https:\/\/api.w.org\/{rel}","templated":true}]}}