{"id":9737,"date":"2020-09-01T10:58:43","date_gmt":"2020-09-01T10:58:43","guid":{"rendered":"https:\/\/food-shop.org\/?product=schokoladenliebhaber-geschenkkorb-schokoladenauswahlbox-fuer-alle"},"modified":"2023-04-09T17:37:15","modified_gmt":"2023-04-09T17:37:15","slug":"schokoladenliebhaber-geschenkkorb-schokoladenauswahlbox-fuer-alle","status":"publish","type":"product","link":"https:\/\/food-shop.org\/?product=schokoladenliebhaber-geschenkkorb-schokoladenauswahlbox-fuer-alle","title":{"rendered":"Schokoladenliebhaber Geschenkkorb Schokoladenauswahlbox f\u00fcr alle"},"content":{"rendered":"<div class=\"disclaim\"> Gr\u00f6\u00dfe:<strong>Chocolate Gift Hamper<\/strong> <\/div>\n<p> <!-- show up to 2 reviews by default --> <\/p>\n<p>&gt;Ulimate Chocolate Lovers Gift Hamper Contains<\/p>\n<p>&gt; 2 x Nestle Aero Mint 36g<\/p>\n<p>&gt; 1 x Nestle Rolo 52g<\/p>\n<p>&gt; 2 x Nestle Kitkat Chunky 40g <\/p>\n<p>&gt; 1 x Nestle Yorkie 46g<\/p>\n<p>&gt; 2 x Lion 50g<\/p>\n<p>&gt; 1 x Kinder Bueno 43g <\/p>\n<p>&gt; 1 x Fry\u2019s Chocolate <\/p>\n<p>&gt; 2 x Snickers 50g<\/p>\n<p>&gt; 1 x Turkish Delight <\/p>\n<p>&gt; 2 x Toffecrisp 38g<\/p>\n<p>&gt; 1 x Cadbury Flake 36g <\/p>\n<p>&gt; 1 x Terrys Chocolate Orange Bar <\/p>\n<p>&gt; Please note we will always endeavor to assemble the Selection box wit the above selection &#8211; however we reserve the right to use substitutes if a particular item is not available at the time of order<\/p>\n<p>Enth\u00e4lt 17 Riegel in voller Gr\u00f6\u00dfe &#8211; Nestle Aero Mint, Nestle Rolo, Nestle Kitkat Chunky, Nestle Yorkie und Lion<br \/>\nCadbury Diary Milchkaramell, Kinder Bueno, Frys Schokoladen-Snickers, Turkish Delight, Toffee Crisp, Cadbury Flake<br \/>\nSCHOKOLADENLIEBHABER &#8211; Eine Auswahl all Ihrer Favoriten an einem Ort<br \/>\nDAS PERFEKTE GESCHENK &#8211; Ausgezeichnetes Last-Minute-Geschenk f\u00fcr Anl\u00e4sse wie Geburtstage, Danke, Gute Besserung, Gl\u00fcckw\u00fcnsche, Jubil\u00e4en, Hochzeiten und perfekt f\u00fcr Sie oder Ihn!<br \/>\nGenie\u00dfen Sie eine superschnelle und superzuverl\u00e4ssige Amazon-Lieferung. Bestellen Sie noch heute und sie k\u00f6nnen MORGEN bei Ihnen sein. Oder w\u00e4hlen Sie KOSTENLOSE AMAZON-LIEFERUNG f\u00fcr den bestm\u00f6glichen Wert.<br \/>\n<div class=\"main-cross-sell\" data-asin=\"B087XCHQP3\">\n\n\t<div class=\"WooZone-cross-sell-loader\">\n\t\t<div>\n\t\t\t<div id=\"floatingBarsG\">\n\t\t\t\t<div class=\"blockG\" id=\"rotateG_01\"><\/div>\n\t\t\t\t<div class=\"blockG\" id=\"rotateG_02\"><\/div>\n\t\t\t\t<div class=\"blockG\" id=\"rotateG_03\"><\/div>\n\t\t\t\t<div class=\"blockG\" id=\"rotateG_04\"><\/div>\n\t\t\t\t<div class=\"blockG\" id=\"rotateG_05\"><\/div>\n\t\t\t\t<div class=\"blockG\" id=\"rotateG_06\"><\/div>\n\t\t\t\t<div class=\"blockG\" id=\"rotateG_07\"><\/div>\n\t\t\t\t<div class=\"blockG\" id=\"rotateG_08\"><\/div>\n\t\t\t<\/div>\n\t\t\t<div class=\"WooZone-cross-sell-loader-text\"><\/div>\n\t\t<\/div>\n\t<\/div>\n\n\t\t\n<\/div>\n<div style=\"clear:both;\"><\/div>\n","protected":false},"excerpt":{"rendered":"Enth\u00e4lt 17 Riegel in voller Gr\u00f6\u00dfe - Nestle Aero Mint, Nestle Rolo, Nestle Kitkat Chunky, Nestle Yorkie und Lion\nCadbury Diary Milchkaramell, Kinder Bueno, Frys Schokoladen-Snickers, Turkish Delight, Toffee Crisp, Cadbury Flake\nSCHOKOLADENLIEBHABER - Eine Auswahl all Ihrer Favoriten an einem Ort","protected":false},"featured_media":9738,"comment_status":"open","ping_status":"closed","template":"","meta":[],"product_cat":[62],"product_tag":[],"_links":{"self":[{"href":"https:\/\/food-shop.org\/index.php?rest_route=\/wp\/v2\/product\/9737"}],"collection":[{"href":"https:\/\/food-shop.org\/index.php?rest_route=\/wp\/v2\/product"}],"about":[{"href":"https:\/\/food-shop.org\/index.php?rest_route=\/wp\/v2\/types\/product"}],"replies":[{"embeddable":true,"href":"https:\/\/food-shop.org\/index.php?rest_route=%2Fwp%2Fv2%2Fcomments&post=9737"}],"wp:featuredmedia":[{"embeddable":true,"href":"https:\/\/food-shop.org\/index.php?rest_route=\/wp\/v2\/media\/9738"}],"wp:attachment":[{"href":"https:\/\/food-shop.org\/index.php?rest_route=%2Fwp%2Fv2%2Fmedia&parent=9737"}],"wp:term":[{"taxonomy":"product_cat","embeddable":true,"href":"https:\/\/food-shop.org\/index.php?rest_route=%2Fwp%2Fv2%2Fproduct_cat&post=9737"},{"taxonomy":"product_tag","embeddable":true,"href":"https:\/\/food-shop.org\/index.php?rest_route=%2Fwp%2Fv2%2Fproduct_tag&post=9737"}],"curies":[{"name":"wp","href":"https:\/\/api.w.org\/{rel}","templated":true}]}}