{"id":9654,"date":"2020-09-01T10:58:07","date_gmt":"2020-09-01T10:58:07","guid":{"rendered":"https:\/\/food-shop.org\/?product=suessigkeiten-geschenk-ddr-ostpaket-zahl-40-geschenk-idee-frau"},"modified":"2023-04-09T17:37:14","modified_gmt":"2023-04-09T17:37:14","slug":"suessigkeiten-geschenk-ddr-ostpaket-zahl-40-geschenk-idee-frau","status":"publish","type":"product","link":"https:\/\/food-shop.org\/?product=suessigkeiten-geschenk-ddr-ostpaket-zahl-40-geschenk-idee-frau","title":{"rendered":"S\u00fcssigkeiten Geschenk + DDR Ostpaket + Zahl 40 + Geschenk Idee Frau"},"content":{"rendered":"<div class=\"disclaim\"> Gr\u00f6\u00dfe:<strong>S\u00fc\u00dfes zum 40.<\/strong> <\/div>\n<p> <!-- show up to 2 reviews by default --> <\/p>\n<h3>Produktbeschreibungen<\/h3>\n<p>16 OSTPRODUKTE im GESCHENK SET: Trabi Puffreis Schokolade, Wikana Butterkeks Wittenberger, Liebesperlen Babyfl\u00e4schchen, Wurzener Extra Waffelbl\u00e4tter Milchschokolade, Othello Keks Wikana, Brausepulver, Schokolade DDR Geld, Kalter Hund Blister, Zetti Knusperflocken Vollmilch, Halloren-Kugeln Classic, Viba Nougat Stange, Mokkabohnen, Rotk\u00e4ppchen Sekt 0,2l, Pfeffi Stange 5er, Mintkissen Viba, Zetti Cocosflocken inkl. anlassbezogener Geschenkverpackung. <\/p>\n<p>DDR KOCHBUCH: B\u00fcchlein im handlichen A6 Format (114 S., UPV 3,99\u20ac), festes Cover. Auf geht\u2019s zur kulinarischen Zeitreise mit dem DDR Kochbuch. Mit gro\u00dfem Einfallsreichtum meisterten die \u201eDDR Hausfrauen\u201c so manchen Versorgungsengpass und zauberten eine ganze Reihe leckerer Gerichte, die wir heute nicht missen m\u00f6chten. \u00dcber 40 neu fotografierte K\u00f6stlichkeiten mit leicht verst\u00e4ndlichen Anleitungen zum Nachkochen: Soljanka, Letscho, Senfeier, Kalter Hund und Quarkkeulchen &#8211; Guten Appetit..<\/p>\n<p>24h LIEFERUNG: Bestellungen werden werktags innerhalb von max. 24h in den DHL-Versand gegeben + \u00dcber 1000 weitere DDR Geschenkideen in unserem H\u00e4ndlershop + Geschenkboxen sind wiederverschlie\u00dfbar \u2013 legen Sie noch individuelle Geschenkideen dazu + viele weitere Ostprodukte und Ossiartikel + Ihr Geschenkespezialist f\u00fcr DDR-Produkte + Ostprodukte Versand seit 2003 Deutschlands Nummer 1 f\u00fcr Ostalgie.<\/p>\n<p>WEITERE PR\u00c4SENTK\u00d6RBE: Bei uns gibt es viele weitere Ideen f\u00fcr DDR-Pr\u00e4sentk\u00f6rbe gef\u00fcllt mit Ostprodukten. Wir bieten Ihnen eine au\u00dfergew\u00f6hnliche Geschenkidee f\u00fcr jeden &#8222;Ossi&#8220; mit Ostalgie-Produkten und f\u00fcr jeden &#8222;Wessi&#8220; mit traditionsreichen, hochwertigen &#8222;DDR&#8220;-Produkten. Unsere Ostpakete sind genau das Richtige f\u00fcr Geburtstag oder Weihnachten. Dazu neben dem \u201eOssi-Shop\u201c eine breite Palette an Geschenkideen. Geschenkk\u00f6rbe, Ostpakete und Geschenksets f\u00fcr jeden Anlass <\/p>\n<h3>Inhaltsstoffe \/ Zutaten<\/h3>\n<p>Weitere Hersteller- und Produktangaben sowie Informationen zu Allergenen finden Sie in den Bilddaten <\/p>\n<div data-a-expander-name=\"toggle_description\" class=\"a-row a-expander-container a-expander-extend-container\">\n<div class=\"a-expander-content a-expander-extend-content\">\n<h3>Gebrauchsanweisung<\/h3>\n<p>In diesem DDR Geschenkset befinden sich originelle Produkte aus dem Osten. Fertig zum Verschenken mit edler Geschenkbox mit Ostmotiven. Bekommen &#8211; \u00d6ffnen &#8211; Genie\u00dfen und die Erinnerungen aufleben lassen. Lassen Sie es sich schmecken. Verschenken Sie ein bisschen Ostalgie in der passenden DDR Box. F\u00fcgen Sie noch weitere DDR Waren hinzu. Die Geschenkbox ist wiederverschlie\u00dfbar. <\/p>\n<h3>Anschrift Hersteller\/Importeur<\/h3>\n<p>Sekt: Rotk\u00e4ppchen Sektkellereien, 06637 Freyburg\/Unstrut <\/p>\n<\/p><\/div>\n<p> <a href=\"void(0)\" data-action=\"a-expander-toggle\" class=\"a-expander-header a-declarative a-expander-extend-header\" data-a-expander-toggle=\"{\"><i class=\"a-icon a-icon-extender-expand\"><\/i><span class=\"a-expander-prompt\">Weitere Informationen<\/span><\/a> <\/div>\n<p>16 OSTPRODUKTE im GESCHENK SET: Trabi Puffreis Schokolade, Wikana Butterkeks Wittenberger, Liebesperlen Babyfl\u00e4schchen, Wurzener Extra Waffelbl\u00e4tter Milchschokolade, Othello Keks Wikana, Brausepulver, Schokolade DDR Geld, Kalter Hund Blister, Zetti Knusperflocken Vollmilch, Halloren-Kugeln Classic, Viba Nougat Stange, Mokkabohnen, Rotk\u00e4ppchen Sekt 0,2l, Pfeffi Stange 5er, Mintkissen Viba, Zetti Cocosflocken inkl. anlassbezogener Geschenkverpackung<br \/>\nDDR KOCHBUCH: B\u00fcchlein im handlichen A6 Format (114 S., UPV 3,99\u20ac), festes Cover. Auf geht\u2019s zur kulinarischen Zeitreise mit dem DDR Kochbuch. Mit gro\u00dfem Einfallsreichtum meisterten die \u201eDDR Hausfrauen\u201c so manchen Versorgungsengpass und zauberten eine ganze Reihe leckerer Gerichte, die wir heute nicht missen m\u00f6chten. \u00dcber 40 neu fotografierte K\u00f6stlichkeiten mit leicht verst\u00e4ndlichen Anleitungen zum Nachkochen: Soljanka, Letscho, Senfeier, Kalter Hund und Quarkkeulchen &#8211; Guten Appetit.<br \/>\n24h LIEFERUNG: Bestellungen werden werktags innerhalb von max. 24h in den DHL-Versand gegeben + \u00dcber 1000 weitere DDR Geschenkideen in unserem H\u00e4ndlershop + Geschenkboxen sind wiederverschlie\u00dfbar \u2013 legen Sie noch individuelle Geschenkideen dazu + viele weitere Ostprodukte und Ossiartikel + Ihr Geschenkespezialist f\u00fcr DDR-Produkte + Ostprodukte Versand seit 2003 Deutschlands Nummer 1 f\u00fcr Ostalgie<br \/>\nWEITERE PR\u00c4SENTK\u00d6RBE: Bei uns gibt es viele weitere Ideen f\u00fcr DDR-Pr\u00e4sentk\u00f6rbe gef\u00fcllt mit Ostprodukten. Wir bieten Ihnen eine au\u00dfergew\u00f6hnliche Geschenkidee f\u00fcr jeden &#8222;Ossi&#8220; mit Ostalgie-Produkten und f\u00fcr jeden &#8222;Wessi&#8220; mit traditionsreichen, hochwertigen &#8222;DDR&#8220;-Produkten. Unsere Ostpakete sind genau das Richtige f\u00fcr Geburtstag oder Weihnachten. Dazu neben dem \u201eOssi-Shop\u201c eine breite Palette an Geschenkideen. Geschenkk\u00f6rbe, Ostpakete und Geschenksets f\u00fcr jeden Anlass<br \/>\nAuch bei Amazon erh\u00e4ltlich: ausgefallene Geschenke zum 40 Geburtstag, ausgefallene Geschenke zum 40. Geburtstag, ausgefallenen Geschenke zum 40 Geburtstag Frau, ballon Geburtstag 40, besondere Geschenke 40 Geburtstag, besondere Geschenke zum 40 Geburtstag, besondere Geschenke zum 40 Geburtstag einer Frau, besondere Geschenke zum 40. Geburtstag, bier Geschenke 40. Geburtstag, bier Geschenke Geburtstag, bier Geschenke Geburtstag 40 Frau, 40. Geburtstag Geschenke Frauen, Geschenke 40. Geburtstag<br \/>\n<div class=\"main-cross-sell\" data-asin=\"B077P911BT\">\n\n\t<div class=\"WooZone-cross-sell-loader\">\n\t\t<div>\n\t\t\t<div id=\"floatingBarsG\">\n\t\t\t\t<div class=\"blockG\" id=\"rotateG_01\"><\/div>\n\t\t\t\t<div class=\"blockG\" id=\"rotateG_02\"><\/div>\n\t\t\t\t<div class=\"blockG\" id=\"rotateG_03\"><\/div>\n\t\t\t\t<div class=\"blockG\" id=\"rotateG_04\"><\/div>\n\t\t\t\t<div class=\"blockG\" id=\"rotateG_05\"><\/div>\n\t\t\t\t<div class=\"blockG\" id=\"rotateG_06\"><\/div>\n\t\t\t\t<div class=\"blockG\" id=\"rotateG_07\"><\/div>\n\t\t\t\t<div class=\"blockG\" id=\"rotateG_08\"><\/div>\n\t\t\t<\/div>\n\t\t\t<div class=\"WooZone-cross-sell-loader-text\"><\/div>\n\t\t<\/div>\n\t<\/div>\n\n\t\t\n<\/div>\n<div style=\"clear:both;\"><\/div>\n","protected":false},"excerpt":{"rendered":"16 OSTPRODUKTE im GESCHENK SET: Trabi Puffreis Schokolade, Wikana Butterkeks Wittenberger, Liebesperlen Babyfl\u00e4schchen, Wurzener Extra Waffelbl\u00e4tter Milchschokolade, Othello Keks Wikana, Brausepulver, Schokolade DDR Geld, Kalter Hund Blister, Zetti Knusperflocken Vollmilch, Halloren-Kugeln Classic, Viba Nougat Stange, Mokkabohnen, Rotk\u00e4ppchen Sekt 0,2l, Pfeffi Stange 5er, Mintkissen Viba, Zetti Cocosflocken inkl. anlassbezogener Geschenkverpackung\nDDR KOCHBUCH: B\u00fcchlein im handlichen A6 Format (114 S., UPV 3,99\u20ac), festes Cover. Auf geht\u2019s zur kulinarischen Zeitreise mit dem DDR Kochbuch. Mit gro\u00dfem Einfallsreichtum meisterten die \u201eDDR Hausfrauen\u201c so manchen Versorgungsengpass und zauberten eine ganze Reihe leckerer Gerichte, die wir heute nicht missen m\u00f6chten. \u00dcber 40 neu fotografierte K\u00f6stlichkeiten mit leicht verst\u00e4ndlichen Anleitungen zum Nachkochen: Soljanka, Letscho, Senfeier, Kalter Hund und Quarkkeulchen - Guten Appetit.\n24h LIEFERUNG: Bestellungen werden werktags innerhalb von max. 24h in den DHL-Versand gegeben + \u00dcber 1000 weitere DDR Geschenkideen in unserem H\u00e4ndlershop + Geschenkboxen sind wiederverschlie\u00dfbar \u2013 legen Sie noch individuelle Geschenkideen dazu + viele weitere Ostprodukte und Ossiartikel + Ihr Geschenkespezialist f\u00fcr DDR-Produkte + Ostprodukte Versand seit 2003 Deutschlands Nummer 1 f\u00fcr Ostalgie","protected":false},"featured_media":9655,"comment_status":"open","ping_status":"closed","template":"","meta":[],"product_cat":[62],"product_tag":[],"_links":{"self":[{"href":"https:\/\/food-shop.org\/index.php?rest_route=\/wp\/v2\/product\/9654"}],"collection":[{"href":"https:\/\/food-shop.org\/index.php?rest_route=\/wp\/v2\/product"}],"about":[{"href":"https:\/\/food-shop.org\/index.php?rest_route=\/wp\/v2\/types\/product"}],"replies":[{"embeddable":true,"href":"https:\/\/food-shop.org\/index.php?rest_route=%2Fwp%2Fv2%2Fcomments&post=9654"}],"wp:featuredmedia":[{"embeddable":true,"href":"https:\/\/food-shop.org\/index.php?rest_route=\/wp\/v2\/media\/9655"}],"wp:attachment":[{"href":"https:\/\/food-shop.org\/index.php?rest_route=%2Fwp%2Fv2%2Fmedia&parent=9654"}],"wp:term":[{"taxonomy":"product_cat","embeddable":true,"href":"https:\/\/food-shop.org\/index.php?rest_route=%2Fwp%2Fv2%2Fproduct_cat&post=9654"},{"taxonomy":"product_tag","embeddable":true,"href":"https:\/\/food-shop.org\/index.php?rest_route=%2Fwp%2Fv2%2Fproduct_tag&post=9654"}],"curies":[{"name":"wp","href":"https:\/\/api.w.org\/{rel}","templated":true}]}}