{"id":9627,"date":"2020-09-01T10:57:56","date_gmt":"2020-09-01T10:57:56","guid":{"rendered":"https:\/\/food-shop.org\/?product=captain-play-fuellung-schultuete-suessigkeiten-ohne-schokolade-32-teilig"},"modified":"2023-04-09T17:37:13","modified_gmt":"2023-04-09T17:37:13","slug":"captain-play-fuellung-schultuete-suessigkeiten-ohne-schokolade-32-teilig","status":"publish","type":"product","link":"https:\/\/food-shop.org\/?product=captain-play-fuellung-schultuete-suessigkeiten-ohne-schokolade-32-teilig","title":{"rendered":"CAPTAIN PLAY | F\u00fcllung Schult\u00fcte S\u00fc\u00dfigkeiten | ohne Schokolade | 32-teilig"},"content":{"rendered":"<p><!-- show up to 2 reviews by default --> <\/p>\n<h3>Produktbeschreibungen<\/h3>\n<p>Ob Schulstart, Geburtstag oder einfach nur so \u2013 mit dieser interessanten S\u00fc\u00dfigkeiten Mischung steht immer das passende Geschenk bzw. die passende Aufmerksamkeit zur Verf\u00fcgung. Ein ausgefallener bis leicht verr\u00fcckter Inhalt ist Ausdruck von Kreativit\u00e4t, Individualit\u00e4t und Wertsch\u00e4tzung gegen\u00fcber dem Beschenkten. <\/p>\n<p> Mit HARIBO Goldb\u00e4ren, Pop Rock Magic Gum, Swizzels S\u00fc\u00dfe Pilze, Trolli Saure Gl\u00fchw\u00fcrmchen, ZED CANDY Gum Powder, DOK Swizzels Double Dip, FINI Kaugummi, VIDAL Kaugummi und SADEX Brause St\u00e4bchen. <\/p>\n<\/p>\n<h3>Inhaltsstoffe \/ Zutaten<\/h3>\n<p>Trolli Saure Gl\u00fchw\u00fcrmchen: Zutaten: Zucker; Glukosesirup; Gelatine; S\u00e4uerungsmittel: Citronens\u00e4ure, MILCHS\u00c4URE, \u00c4pfels\u00e4ure; modifizierte Kartoffelst\u00e4rke; Feuchthaltemittel: Sorbit; S\u00e4ureregulator: Calciumcitrate; Aromen; Farbstoff: Titandioxid, Echtes Karmin, Kurkumin, Brillantblau FCF; pflanzliches Fett (Palm). Haribo Goldb\u00e4ren: Zutaten: Glukosesirup; Zucker; Gelatine; Dextrose; Fruchtsaft aus Fruchtsaftkonzentrat: Apfel, Erdbeere, Himbeere, Orange, Zitrone, Ananas; S\u00e4uerungsmittel: Citronens\u00e4ure; Frucht- und Pflanzenkonzentrate: Saflor, Spirulina, Apfel, Holunderbeere, Orange, Schwarze Johannisbeere, Kiwi, Zitrone, Aronia, Mango, Passionsfrucht, Traube; Aroma; Holunderbeerextrakt; \u00dcberzugsmittel: Bienenwachs wei\u00df und gelb, Carnaubawachs. Kann Spuren von Milch, Weizen enthalten. Swizzels S\u00fcssen Pilze: Zutaten: Zucker, Glukosesirup, Geliermittel: Gelatine; Aromen, Apfelmark (enth\u00e4lt Konservierungsmittel: Schwefeldioxid); S\u00e4uerungsmittel: Citronens\u00e4ure; S\u00e4ureregulator: Trinatriumcitrat; Modifizierte St\u00e4rke, Farbstoffe: E163; \u00dcberzugsmittel: Pflanzliches \u00d6l (Palm, Palmkern, Kokosnuss), Carnaubawachs. Magic Gum Pop Rocks: Zutaten: Zucker, LAKTOSE (MILCH), Kaumasse (enth\u00e4lt Emulgator: SOJALECITHIN), Glukosesirup, Emulgator (E422), S\u00e4uerungsmittel (E330), Aroma, Kohlendioxid (E290), Antioxidationsmittel (E321). <\/p>\n<div data-a-expander-name=\"toggle_description\" class=\"a-row a-expander-container a-expander-extend-container\">\n<div class=\"a-expander-content a-expander-extend-content\">\n<h3>Anschrift Hersteller\/Importeur<\/h3>\n<p>CAPTAIN PLAY Deutschland GmbH, Akazienweg 19, 64665 Alsbach-H\u00e4hnlein <\/p>\n<\/p><\/div>\n<p> <a href=\"void(0)\" data-action=\"a-expander-toggle\" class=\"a-expander-header a-declarative a-expander-extend-header\" data-a-expander-toggle=\"{\"><i class=\"a-icon a-icon-extender-expand\"><\/i><span class=\"a-expander-prompt\">Weitere Informationen<\/span><\/a> <\/div>\n<p>ausgefallene Hilfestellung zum Bef\u00fcllen einer kleinen Schult\u00fcte<br \/>\nmehr als 10 verschiedene Produkte enthalten &#8211; unkonventionelle und interessante Zusammenstellung aus Kaugummis, Brausen sowie s\u00fc\u00dfen und sauren Zuckerwaren<br \/>\nLieferung in original CAPTAIN PLAY Box (ca. 23 x 15 x 4cm), von Hand gepackt, alle S\u00fc\u00dfigkeiten sind einzelen verpackt und garantiert ohne Schokolade<br \/>\nje nach individuellem Empfinden sind die S\u00fc\u00dfigkeiten nicht ausreichend um eine Schult\u00fcte vollst\u00e4ndig zu f\u00fcllen, keine Schult\u00fcte enthalten<br \/>\nideal zum Schulanfang oder zur Einschulung &#8211; f\u00fcr M\u00e4dchen, Jungen und nat\u00fcrlich auch \u00e4ltere Genie\u00dfer einsetzbar<br \/>\n<div class=\"main-cross-sell\" data-asin=\"B08CX6XGFL\">\n\n\t<div class=\"WooZone-cross-sell-loader\">\n\t\t<div>\n\t\t\t<div id=\"floatingBarsG\">\n\t\t\t\t<div class=\"blockG\" id=\"rotateG_01\"><\/div>\n\t\t\t\t<div class=\"blockG\" id=\"rotateG_02\"><\/div>\n\t\t\t\t<div class=\"blockG\" id=\"rotateG_03\"><\/div>\n\t\t\t\t<div class=\"blockG\" id=\"rotateG_04\"><\/div>\n\t\t\t\t<div class=\"blockG\" id=\"rotateG_05\"><\/div>\n\t\t\t\t<div class=\"blockG\" id=\"rotateG_06\"><\/div>\n\t\t\t\t<div class=\"blockG\" id=\"rotateG_07\"><\/div>\n\t\t\t\t<div class=\"blockG\" id=\"rotateG_08\"><\/div>\n\t\t\t<\/div>\n\t\t\t<div class=\"WooZone-cross-sell-loader-text\"><\/div>\n\t\t<\/div>\n\t<\/div>\n\n\t\t\n<\/div>\n<div style=\"clear:both;\"><\/div>\n","protected":false},"excerpt":{"rendered":"ausgefallene Hilfestellung zum Bef\u00fcllen einer kleinen Schult\u00fcte\nmehr als 10 verschiedene Produkte enthalten - unkonventionelle und interessante Zusammenstellung aus Kaugummis, Brausen sowie s\u00fc\u00dfen und sauren Zuckerwaren\nLieferung in original CAPTAIN PLAY Box (ca. 23 x 15 x 4cm), von Hand gepackt, alle S\u00fc\u00dfigkeiten sind einzelen verpackt und garantiert ohne Schokolade","protected":false},"featured_media":9628,"comment_status":"open","ping_status":"closed","template":"","meta":[],"product_cat":[62],"product_tag":[],"_links":{"self":[{"href":"https:\/\/food-shop.org\/index.php?rest_route=\/wp\/v2\/product\/9627"}],"collection":[{"href":"https:\/\/food-shop.org\/index.php?rest_route=\/wp\/v2\/product"}],"about":[{"href":"https:\/\/food-shop.org\/index.php?rest_route=\/wp\/v2\/types\/product"}],"replies":[{"embeddable":true,"href":"https:\/\/food-shop.org\/index.php?rest_route=%2Fwp%2Fv2%2Fcomments&post=9627"}],"wp:featuredmedia":[{"embeddable":true,"href":"https:\/\/food-shop.org\/index.php?rest_route=\/wp\/v2\/media\/9628"}],"wp:attachment":[{"href":"https:\/\/food-shop.org\/index.php?rest_route=%2Fwp%2Fv2%2Fmedia&parent=9627"}],"wp:term":[{"taxonomy":"product_cat","embeddable":true,"href":"https:\/\/food-shop.org\/index.php?rest_route=%2Fwp%2Fv2%2Fproduct_cat&post=9627"},{"taxonomy":"product_tag","embeddable":true,"href":"https:\/\/food-shop.org\/index.php?rest_route=%2Fwp%2Fv2%2Fproduct_tag&post=9627"}],"curies":[{"name":"wp","href":"https:\/\/api.w.org\/{rel}","templated":true}]}}