{"id":9522,"date":"2020-09-01T10:38:51","date_gmt":"2020-09-01T10:38:51","guid":{"rendered":"https:\/\/food-shop.org\/?product=praesentkorb-zur-hochzeit"},"modified":"2023-04-09T17:37:12","modified_gmt":"2023-04-09T17:37:12","slug":"praesentkorb-zur-hochzeit","status":"publish","type":"product","link":"https:\/\/food-shop.org\/?product=praesentkorb-zur-hochzeit","title":{"rendered":"Pr\u00e4sentkorb zur Hochzeit"},"content":{"rendered":"<p><!-- show up to 2 reviews by default --> <\/p>\n<h3>Produktbeschreibungen<\/h3>\n<p>Pr\u00e4sentkorb \u201eHochzeit\u201c<\/p>\n<p> bestehend aus:<\/p>\n<p> RooSecco Perlwein rot lieblich 0,75l \u2013 9% vol.<\/p>\n<p> Die neue Kreation unseres Winzers der RooSecco Linie. Rubinrot ist die Farbe dieses Seccos. Er schmeckt super fruchtig nach roten Beeren und schwarzen Fr\u00fcchten. Die verf\u00fchrerische S\u00fc\u00dfe und das liebliche Prickeln verleiht diesem Secco einen leichten fruchtigen Genuss.<\/p>\n<p> Gutting Pfalznudeln Herz Nudeln &#8211; gelb\/rot<\/p>\n<p> Inhalt: 250g <\/p>\n<p> Deheck Wildkirschlik\u00f6r mit Whisky 0,1l &#8211; 30% vol.<\/p>\n<p> Irischer Whisky trifft auf vollmundig fruchtige Wildkirsche. Der beliebte Wildkirschlik\u00f6r wurde in dieser Variante mit 10% Whisky verfeinert. <\/p>\n<p> Deheck Mandel Sahnelik\u00f6r 0,1l &#8211; 18% vol.<\/p>\n<p> \u201eWei\u00dfe Mandel\u201c &#8211; Die edle Schwester der mit Walnuss verfeinerten Rheinhessencr\u00e8me lockt mit zartem Bitterton.<\/p>\n<p> Manufaktur Reinhardt Whisky Gelee 100g<\/p>\n<p> Dornfelder Gelee 100g von Manufaktur Reinhardt<\/p>\n<p> Cranberry Nougat in Zartbitter Schokolade im Tray 100g von Chocolaterie Holzderber<\/p>\n<p> Eine softe, wei\u00dfe Nougatmasse, das mit saftigen, getrockneten Cranberries verfeinert wird. Anschlie\u00dfend wird das Nougat in dunkle Schokolade getaucht, so dass dieses ein Fu\u00df aus knackiger Zartbitter Schokolade erh\u00e4lt. <\/p>\n<p> Soft Nougat mit ger\u00f6steten Erdn\u00fcssen Vanille 100g von Chocolaterie Holzderber<\/p>\n<p> Die Riegel bestehen aus einer soften, wei\u00dfen Nougatmasse, die mit knackigen, ger\u00f6steten Erdn\u00fcssen und Vanille verfeinert wird<\/p>\n<p> Unsere Pr\u00e4sentk\u00f6rbe werden geschenkfertig versendet.<\/p>\n<p> Die Deko kann abweichend sein <\/p>\n<h3>Rechtliche Hinweise<\/h3>\n<p>Abgabe an Personen unter 18 Jahren verboten <\/p>\n<p>Ein festlicher Pr\u00e4sentkorb zur Hochzeit mit regionalen Delikatessen<br \/>\nEin hochwertiges und liebevolles Geschenk f\u00fcr das Brautpaar<br \/>\nGeschenkidee zur Verm\u00e4hlung<br \/>\nUnsere Pr\u00e4sentk\u00f6rbe werden geschenkfertig inkl. Deko und Geschenkfolie versendet.<br \/>\nRooSecco Perlwein rot lieblich, Herz Nudeln, Wildkirschlik\u00f6r mit Whisky, Mandel Sahnelik\u00f6r, Whisky Gelee, Dornfelder Gelee, Soft Nougat mit ger\u00f6steten Erdn\u00fcssen Vanille und Cranberry Nougat<br \/>\n<div class=\"main-cross-sell\" data-asin=\"B01N6M183T\">\n\n\t<div class=\"WooZone-cross-sell-loader\">\n\t\t<div>\n\t\t\t<div id=\"floatingBarsG\">\n\t\t\t\t<div class=\"blockG\" id=\"rotateG_01\"><\/div>\n\t\t\t\t<div class=\"blockG\" id=\"rotateG_02\"><\/div>\n\t\t\t\t<div class=\"blockG\" id=\"rotateG_03\"><\/div>\n\t\t\t\t<div class=\"blockG\" id=\"rotateG_04\"><\/div>\n\t\t\t\t<div class=\"blockG\" id=\"rotateG_05\"><\/div>\n\t\t\t\t<div class=\"blockG\" id=\"rotateG_06\"><\/div>\n\t\t\t\t<div class=\"blockG\" id=\"rotateG_07\"><\/div>\n\t\t\t\t<div class=\"blockG\" id=\"rotateG_08\"><\/div>\n\t\t\t<\/div>\n\t\t\t<div class=\"WooZone-cross-sell-loader-text\"><\/div>\n\t\t<\/div>\n\t<\/div>\n\n\t\t\n<\/div>\n<div style=\"clear:both;\"><\/div>\n","protected":false},"excerpt":{"rendered":"Ein festlicher Pr\u00e4sentkorb zur Hochzeit mit regionalen Delikatessen\nEin hochwertiges und liebevolles Geschenk f\u00fcr das Brautpaar\nGeschenkidee zur Verm\u00e4hlung","protected":false},"featured_media":9523,"comment_status":"open","ping_status":"closed","template":"","meta":[],"product_cat":[62],"product_tag":[],"_links":{"self":[{"href":"https:\/\/food-shop.org\/index.php?rest_route=\/wp\/v2\/product\/9522"}],"collection":[{"href":"https:\/\/food-shop.org\/index.php?rest_route=\/wp\/v2\/product"}],"about":[{"href":"https:\/\/food-shop.org\/index.php?rest_route=\/wp\/v2\/types\/product"}],"replies":[{"embeddable":true,"href":"https:\/\/food-shop.org\/index.php?rest_route=%2Fwp%2Fv2%2Fcomments&post=9522"}],"wp:featuredmedia":[{"embeddable":true,"href":"https:\/\/food-shop.org\/index.php?rest_route=\/wp\/v2\/media\/9523"}],"wp:attachment":[{"href":"https:\/\/food-shop.org\/index.php?rest_route=%2Fwp%2Fv2%2Fmedia&parent=9522"}],"wp:term":[{"taxonomy":"product_cat","embeddable":true,"href":"https:\/\/food-shop.org\/index.php?rest_route=%2Fwp%2Fv2%2Fproduct_cat&post=9522"},{"taxonomy":"product_tag","embeddable":true,"href":"https:\/\/food-shop.org\/index.php?rest_route=%2Fwp%2Fv2%2Fproduct_tag&post=9522"}],"curies":[{"name":"wp","href":"https:\/\/api.w.org\/{rel}","templated":true}]}}