{"id":9518,"date":"2020-09-01T10:38:50","date_gmt":"2020-09-01T10:38:50","guid":{"rendered":"https:\/\/food-shop.org\/?product=altenburger-original-geschenkbox-mediterran-praesentkorb-mit-sommerlicher-feinkost"},"modified":"2025-12-02T14:07:49","modified_gmt":"2025-12-02T14:07:49","slug":"altenburger-original-geschenkbox-mediterran-praesentkorb-mit-sommerlicher-feinkost","status":"publish","type":"product","link":"https:\/\/food-shop.org\/?product=altenburger-original-geschenkbox-mediterran-praesentkorb-mit-sommerlicher-feinkost","title":{"rendered":"Altenburger Original Geschenkbox Mediterran, Pr\u00e4sentkorb mit sommerlicher Feinkost"},"content":{"rendered":"<p>Die besondere Geschenkidee: Die Altenburger Original Geschenkbox Mediterran beinhaltet alles f\u00fcr ein entspanntes Sommergericht.<br \/>\nDarauf k\u00f6nnen Sie sich freuen: Bruschetta, Feige mit Balsamico und Walnuss, Aglio Olio, Pflaumen Balsamico, Gew\u00fcrzt\u00fcte Mediterranes Gew\u00fcrzsalz, Kr\u00e4uter der Priovene Senf<br \/>\nQualit\u00e4t aus Deutschland: Die Altenburger Senfm\u00fchle stellt alle enthaltenen Feinkostprodukte nach traditionellen Verfahren in Deutschland her.<br \/>\nFertig zum Verschenken: Alle Spezialit\u00e4ten kommen in einer Geschenkbox, die ihren neuen Besitzer sofort gl\u00fccklich machen wird.<br \/>\nSommerliches Mitbringsel: Unsere Mediterrane Box ist das ideale Geschenk zum Geburtstag, zum Jubil\u00e4um, f\u00fcr Hobbyk\u00fcche und zum selber genie\u00dfen.<br \/>\n<div class=\"main-cross-sell\" data-asin=\"B08CKRRZQR\">\n\n\t<div class=\"WooZone-cross-sell-loader\">\n\t\t<div>\n\t\t\t<div id=\"floatingBarsG\">\n\t\t\t\t<div class=\"blockG\" id=\"rotateG_01\"><\/div>\n\t\t\t\t<div class=\"blockG\" id=\"rotateG_02\"><\/div>\n\t\t\t\t<div class=\"blockG\" id=\"rotateG_03\"><\/div>\n\t\t\t\t<div class=\"blockG\" id=\"rotateG_04\"><\/div>\n\t\t\t\t<div class=\"blockG\" id=\"rotateG_05\"><\/div>\n\t\t\t\t<div class=\"blockG\" id=\"rotateG_06\"><\/div>\n\t\t\t\t<div class=\"blockG\" id=\"rotateG_07\"><\/div>\n\t\t\t\t<div class=\"blockG\" id=\"rotateG_08\"><\/div>\n\t\t\t<\/div>\n\t\t\t<div class=\"WooZone-cross-sell-loader-text\"><\/div>\n\t\t<\/div>\n\t<\/div>\n\n\t\t\n<\/div>\n<div style=\"clear:both;\"><\/div>\n","protected":false},"excerpt":{"rendered":"Die besondere Geschenkidee: Die Altenburger Original Geschenkbox Mediterran beinhaltet alles f\u00fcr ein entspanntes Sommergericht.\nDarauf k\u00f6nnen Sie sich freuen: Bruschetta, Feige mit Balsamico und Walnuss, Aglio Olio, Pflaumen Balsamico, Gew\u00fcrzt\u00fcte Mediterranes Gew\u00fcrzsalz, Kr\u00e4uter der Priovene Senf\nQualit\u00e4t aus Deutschland: Die Altenburger Senfm\u00fchle stellt alle enthaltenen Feinkostprodukte nach traditionellen Verfahren in Deutschland her.","protected":false},"featured_media":9519,"comment_status":"open","ping_status":"closed","template":"","meta":[],"product_cat":[62],"product_tag":[],"_links":{"self":[{"href":"https:\/\/food-shop.org\/index.php?rest_route=\/wp\/v2\/product\/9518"}],"collection":[{"href":"https:\/\/food-shop.org\/index.php?rest_route=\/wp\/v2\/product"}],"about":[{"href":"https:\/\/food-shop.org\/index.php?rest_route=\/wp\/v2\/types\/product"}],"replies":[{"embeddable":true,"href":"https:\/\/food-shop.org\/index.php?rest_route=%2Fwp%2Fv2%2Fcomments&post=9518"}],"wp:featuredmedia":[{"embeddable":true,"href":"https:\/\/food-shop.org\/index.php?rest_route=\/wp\/v2\/media\/9519"}],"wp:attachment":[{"href":"https:\/\/food-shop.org\/index.php?rest_route=%2Fwp%2Fv2%2Fmedia&parent=9518"}],"wp:term":[{"taxonomy":"product_cat","embeddable":true,"href":"https:\/\/food-shop.org\/index.php?rest_route=%2Fwp%2Fv2%2Fproduct_cat&post=9518"},{"taxonomy":"product_tag","embeddable":true,"href":"https:\/\/food-shop.org\/index.php?rest_route=%2Fwp%2Fv2%2Fproduct_tag&post=9518"}],"curies":[{"name":"wp","href":"https:\/\/api.w.org\/{rel}","templated":true}]}}