{"id":9506,"date":"2020-09-01T10:35:45","date_gmt":"2020-09-01T10:35:45","guid":{"rendered":"https:\/\/food-shop.org\/?product=schwarzwald-art-adler-praesentkorb-geschenkkorb-brotzeit-schwarzwaldart"},"modified":"2023-04-09T17:37:12","modified_gmt":"2023-04-09T17:37:12","slug":"schwarzwald-art-adler-praesentkorb-geschenkkorb-brotzeit-schwarzwaldart","status":"publish","type":"product","link":"https:\/\/food-shop.org\/?product=schwarzwald-art-adler-praesentkorb-geschenkkorb-brotzeit-schwarzwaldart","title":{"rendered":"Schwarzwald Art Adler Pr\u00e4sentkorb Geschenkkorb- Brotzeit &#8222;SchwarzwaldArt&#8220;"},"content":{"rendered":"<p><!-- show up to 2 reviews by default --> <\/p>\n<h3>Produktbeschreibungen<\/h3>\n<p>Unserer liebevoll zusammengestellter Pr\u00e4sentkorb &#8222;Brotzeit SchwarzwaldArt&#8220; besteht aus original Schwarzw\u00e4lder Schinken 500g, deftigen Gourmet Landj\u00e4gern 2 Paar, besonders magerem Karreeschinken, mindestens 400g f\u00fcr Ihre bewusste Ern\u00e4hrung, einer wiederverschlie\u00dfbaren Dose Hausmacher Leberwurst 200g tradtionellem Apfelgriebenschmalz im Glas 140g, kernigem Pumpernickel 140g und k\u00f6stlichem Delikatess Senf mittelscharf 140ml. Ein St\u00fcckchen Schwarzwald f\u00fcr Ihr Zuhause. Dieses Pr\u00e4sent wird, f\u00fcr einen sicheren Transport, eingeschwei\u00dft an Sie verschickt! <\/p>\n<h3>Inhaltsstoffe \/ Zutaten<\/h3>\n<p>siehe Produktblatt bei den Bildern! <\/p>\n<div data-a-expander-name=\"toggle_description\" class=\"a-row a-expander-container a-expander-extend-container\">\n<div class=\"a-expander-content a-expander-extend-content\">\n<h3>Rechtliche Hinweise<\/h3>\n<p>Online-Streitbeilegung gem\u00e4\u00df Art. 14 Abs. 1 ODR-VO: Die Europ\u00e4ische Kommission stellt eine Plattform zur Online-Streitbeilegung (OS) bereit, die Sie hier finden http:\/\/ec.europa.eu\/consumers\/odr\/. Verbraucher haben die M\u00f6glichkeit, diese Plattform f\u00fcr die Beilegung ihrer Streitigkeiten zu nutzen. Wir sind bereit, an einem au\u00dfergerichtlichen Schlichtungsverfahren teilzunehmen. <\/p>\n<\/p><\/div>\n<p> <a href=\"void(0)\" data-action=\"a-expander-toggle\" class=\"a-expander-header a-declarative a-expander-extend-header\" data-a-expander-toggle=\"{\"><i class=\"a-icon a-icon-extender-expand\"><\/i><span class=\"a-expander-prompt\">Weitere Informationen<\/span><\/a> <\/div>\n<p>Original Schwarzw\u00e4lder Schinken aus dem Hause Adler 500g<br \/>\nextra magerer Karreeschinken, mindestens 400g, f\u00fcr Ihre bewusste Ern\u00e4hrung<br \/>\npraktischen Gourmet-Landj\u00e4ger 2 Paar f\u00fcr Ihre Vesperdose<br \/>\nHausmacher Leberwurst 200g in einer praktischen wiederverschlie\u00dfbaren Dose<br \/>\ntradtionelles Apfelgriebenschmalz 140g im Glas, Pumpernickel Party-Rounds 250g und Delikatess Senf, mittelscharf 140ml verpackt in einer f\u00fcnfeck Kartonsschale in dunkelblau.<br \/>\n<div class=\"main-cross-sell\" data-asin=\"B06WRP4WY4\">\n\n\t<div class=\"WooZone-cross-sell-loader\">\n\t\t<div>\n\t\t\t<div id=\"floatingBarsG\">\n\t\t\t\t<div class=\"blockG\" id=\"rotateG_01\"><\/div>\n\t\t\t\t<div class=\"blockG\" id=\"rotateG_02\"><\/div>\n\t\t\t\t<div class=\"blockG\" id=\"rotateG_03\"><\/div>\n\t\t\t\t<div class=\"blockG\" id=\"rotateG_04\"><\/div>\n\t\t\t\t<div class=\"blockG\" id=\"rotateG_05\"><\/div>\n\t\t\t\t<div class=\"blockG\" id=\"rotateG_06\"><\/div>\n\t\t\t\t<div class=\"blockG\" id=\"rotateG_07\"><\/div>\n\t\t\t\t<div class=\"blockG\" id=\"rotateG_08\"><\/div>\n\t\t\t<\/div>\n\t\t\t<div class=\"WooZone-cross-sell-loader-text\"><\/div>\n\t\t<\/div>\n\t<\/div>\n\n\t\t\n<\/div>\n<div style=\"clear:both;\"><\/div>\n","protected":false},"excerpt":{"rendered":"Original Schwarzw\u00e4lder Schinken aus dem Hause Adler 500g\nextra magerer Karreeschinken, mindestens 400g, f\u00fcr Ihre bewusste Ern\u00e4hrung\npraktischen Gourmet-Landj\u00e4ger 2 Paar f\u00fcr Ihre Vesperdose","protected":false},"featured_media":9507,"comment_status":"open","ping_status":"closed","template":"","meta":[],"product_cat":[62],"product_tag":[],"_links":{"self":[{"href":"https:\/\/food-shop.org\/index.php?rest_route=\/wp\/v2\/product\/9506"}],"collection":[{"href":"https:\/\/food-shop.org\/index.php?rest_route=\/wp\/v2\/product"}],"about":[{"href":"https:\/\/food-shop.org\/index.php?rest_route=\/wp\/v2\/types\/product"}],"replies":[{"embeddable":true,"href":"https:\/\/food-shop.org\/index.php?rest_route=%2Fwp%2Fv2%2Fcomments&post=9506"}],"wp:featuredmedia":[{"embeddable":true,"href":"https:\/\/food-shop.org\/index.php?rest_route=\/wp\/v2\/media\/9507"}],"wp:attachment":[{"href":"https:\/\/food-shop.org\/index.php?rest_route=%2Fwp%2Fv2%2Fmedia&parent=9506"}],"wp:term":[{"taxonomy":"product_cat","embeddable":true,"href":"https:\/\/food-shop.org\/index.php?rest_route=%2Fwp%2Fv2%2Fproduct_cat&post=9506"},{"taxonomy":"product_tag","embeddable":true,"href":"https:\/\/food-shop.org\/index.php?rest_route=%2Fwp%2Fv2%2Fproduct_tag&post=9506"}],"curies":[{"name":"wp","href":"https:\/\/api.w.org\/{rel}","templated":true}]}}