{"id":9496,"date":"2020-09-01T10:35:39","date_gmt":"2020-09-01T10:35:39","guid":{"rendered":"https:\/\/food-shop.org\/?product=praesentkorb-alles-liebe"},"modified":"2023-04-09T17:37:12","modified_gmt":"2023-04-09T17:37:12","slug":"praesentkorb-alles-liebe","status":"publish","type":"product","link":"https:\/\/food-shop.org\/?product=praesentkorb-alles-liebe","title":{"rendered":"Pr\u00e4sentkorb &#8222;Alles Liebe&#8220;"},"content":{"rendered":"<p><!-- show up to 2 reviews by default --> <\/p>\n<h3>Produktbeschreibungen<\/h3>\n<p>Pr\u00e4sentkorb &#8222;Alles Liebe&#8220; bestehend aus: Pistazien-Sahnelik\u00f6r von DEHECK Destillerie Lik\u00f6rmanufaktur Inhalt: 0,2l &#8211; 15% vol. Das ger\u00f6stete, aber ungesalzene Aroma der Pistazie wird kombiniert mit Alkohol und Sahne, wodurch es einen s\u00fc\u00dfen, mandeligen Charakter erh\u00e4lt. Palio Granatapfel \u2013 Secco von Wein &amp; Secco K\u00f6th GmbH Inhalt: 0,20l &#8211; 10% vol. Die saftig-feinherbe Fruchtnote des s\u00fcdl\u00e4ndischen Granatapfels. enth\u00e4lt Sulfite Erdbeerfruchtaufstrich verfeinert mit Rotwein 200g Ein fruchtiger Brotaufstrich aus Erdbeeren kombiniert mit einer feinen Note Rotwein Cuve\u00e9 58 Weingut Michel-Roos enth\u00e4lt Sulfite Soft Nougat Variation Erdbeer, Vanille, Amaretto, Himbeer und Aronia 100g von Chocolaterie Holzderber Das weiche Nougat wird mit getrockneten Himbeeren, Erdbeeren, Aronia, Vanille und Amaretto verfeinert. Kann Spuren von N\u00fcssen &amp; Schalenfr\u00fcchten enthalten Marzipan Baumstamm 100g von Chocolaterie Holzderber Marzipan Baumstamm mit Zartbitter Schokolade \u00fcberzogen Kann Spuren von Erdn\u00fcssen, Schalenfr\u00fcchten und Milch enthalten Unsere Pr\u00e4sentk\u00f6rbe werden geschenkfertig versendet. Die Deko kann abweichend sein <\/p>\n<h3>Rechtliche Hinweise<\/h3>\n<p>Abgabe an Personen unter 18 Jahren verboten <\/p>\n<p>Eine edle Auswahl unserer Delikatessen, hergestellt von regionalen Produzenten<br \/>\nEin hochwertiges und liebevolles Geschenk zu allen Anl\u00e4ssen und f\u00fcr alle Menschen, die Ihnen am Herzen liegen und Ihnen Freude bringen soll<br \/>\nGeschenkidee zum Geburtstag, Jahrestag, zum Danke sagen, Hochzeit, Pensionierung, Muttertag, Valentinstag und um einfach Gl\u00fcckw\u00fcnsche zu \u00fcbersenden<br \/>\nUnsere Pr\u00e4sentk\u00f6rbe werden geschenkfertig inkl. Deko und Geschenkfolie versendet.<br \/>\nPistazien Sahneik\u00f6r, Granatapfel Secco, Erdbeer Fruchtaufstrich, Soft Nougat Variation Erdbeer, Vanille, Amaretto, Himbeer und Aronia, Marzipan Baumstamm<br \/>\n<div class=\"main-cross-sell\" data-asin=\"B01MSBVOCT\">\n\n\t<div class=\"WooZone-cross-sell-loader\">\n\t\t<div>\n\t\t\t<div id=\"floatingBarsG\">\n\t\t\t\t<div class=\"blockG\" id=\"rotateG_01\"><\/div>\n\t\t\t\t<div class=\"blockG\" id=\"rotateG_02\"><\/div>\n\t\t\t\t<div class=\"blockG\" id=\"rotateG_03\"><\/div>\n\t\t\t\t<div class=\"blockG\" id=\"rotateG_04\"><\/div>\n\t\t\t\t<div class=\"blockG\" id=\"rotateG_05\"><\/div>\n\t\t\t\t<div class=\"blockG\" id=\"rotateG_06\"><\/div>\n\t\t\t\t<div class=\"blockG\" id=\"rotateG_07\"><\/div>\n\t\t\t\t<div class=\"blockG\" id=\"rotateG_08\"><\/div>\n\t\t\t<\/div>\n\t\t\t<div class=\"WooZone-cross-sell-loader-text\"><\/div>\n\t\t<\/div>\n\t<\/div>\n\n\t\t\n<\/div>\n<div style=\"clear:both;\"><\/div>\n","protected":false},"excerpt":{"rendered":"Eine edle Auswahl unserer Delikatessen, hergestellt von regionalen Produzenten\nEin hochwertiges und liebevolles Geschenk zu allen Anl\u00e4ssen und f\u00fcr alle Menschen, die Ihnen am Herzen liegen und Ihnen Freude bringen soll\nGeschenkidee zum Geburtstag, Jahrestag, zum Danke sagen, Hochzeit, Pensionierung, Muttertag, Valentinstag und um einfach Gl\u00fcckw\u00fcnsche zu \u00fcbersenden","protected":false},"featured_media":9497,"comment_status":"open","ping_status":"closed","template":"","meta":[],"product_cat":[62],"product_tag":[],"_links":{"self":[{"href":"https:\/\/food-shop.org\/index.php?rest_route=\/wp\/v2\/product\/9496"}],"collection":[{"href":"https:\/\/food-shop.org\/index.php?rest_route=\/wp\/v2\/product"}],"about":[{"href":"https:\/\/food-shop.org\/index.php?rest_route=\/wp\/v2\/types\/product"}],"replies":[{"embeddable":true,"href":"https:\/\/food-shop.org\/index.php?rest_route=%2Fwp%2Fv2%2Fcomments&post=9496"}],"wp:featuredmedia":[{"embeddable":true,"href":"https:\/\/food-shop.org\/index.php?rest_route=\/wp\/v2\/media\/9497"}],"wp:attachment":[{"href":"https:\/\/food-shop.org\/index.php?rest_route=%2Fwp%2Fv2%2Fmedia&parent=9496"}],"wp:term":[{"taxonomy":"product_cat","embeddable":true,"href":"https:\/\/food-shop.org\/index.php?rest_route=%2Fwp%2Fv2%2Fproduct_cat&post=9496"},{"taxonomy":"product_tag","embeddable":true,"href":"https:\/\/food-shop.org\/index.php?rest_route=%2Fwp%2Fv2%2Fproduct_tag&post=9496"}],"curies":[{"name":"wp","href":"https:\/\/api.w.org\/{rel}","templated":true}]}}