{"id":9484,"date":"2020-09-01T10:35:35","date_gmt":"2020-09-01T10:35:35","guid":{"rendered":"https:\/\/food-shop.org\/?product=schwarzwald-art-praesentkorb-geschenkkorb-schwarzwald-tanne-tannenzaepfle"},"modified":"2023-04-09T17:37:12","modified_gmt":"2023-04-09T17:37:12","slug":"schwarzwald-art-praesentkorb-geschenkkorb-schwarzwald-tanne-tannenzaepfle","status":"publish","type":"product","link":"https:\/\/food-shop.org\/?product=schwarzwald-art-praesentkorb-geschenkkorb-schwarzwald-tanne-tannenzaepfle","title":{"rendered":"Schwarzwald Art Pr\u00e4sentkorb Geschenkkorb &#8211; Schwarzw\u00e4lder Kiste &#8211; Holzkiste small (Tannenz\u00e4pfle)"},"content":{"rendered":"<div class=\"disclaim\"> Stil:<strong>Tannenz\u00e4pfle<\/strong> <\/div>\n<p> <!-- show up to 2 reviews by default --> <\/p>\n<h3>Produktbeschreibungen<\/h3>\n<p>Holen Sie sich mit unserem Pr\u00e4sent in dekorativer Tannenform ein St\u00fcck Schwarzwald nach Hause. Dunkelgr\u00fcner Korb in Tannenform, gef\u00fcllt mit: &#8222;Adler&#8220; Schwarzw\u00e4lder Schinken Vesperscheibe 150g &#8222;Adler&#8220; Hausmacher Lyoner Dose 200g &#8222;Adler&#8220; Gourmet-Landj\u00e4ger 1Paar &#8222;Rothaus&#8220; Tannenz\u00e4pfle Pils 0,33l <\/p>\n<h3>Rechtliche Hinweise<\/h3>\n<p>Online-Streitbeilegung gem\u00e4\u00df Art. 14 Abs. 1 ODR-VO: Die Europ\u00e4ische Kommission stellt eine Plattform zur Online-Streitbeilegung (OS) bereit, die Sie hier finden http:\/\/ec.europa.eu\/consumers\/odr\/. Verbraucher haben die M\u00f6glichkeit, diese Plattform f\u00fcr die Beilegung ihrer Streitigkeiten zu nutzen. Wir sind bereit, an einem au\u00dfergerichtlichen Schlichtungsverfahren teilzunehmen. <\/p>\n<p>Holen Sie sich mit unserem Pr\u00e4sent in dekorativer Tannenform ein St\u00fcck Schwarzwald nach Hause. Dunkelgr\u00fcner Korb in Tannenform, gef\u00fcllt mit:<br \/>\n&#8222;Adler&#8220; Schwarzw\u00e4lder Schinken Vesperscheibe 150g<br \/>\n&#8222;Adler&#8220; Hausmacher Lyoner Dose 200g<br \/>\n&#8222;Adler&#8220; Gourmet-Landj\u00e4ger 1Paar<br \/>\n&#8222;Rothaus&#8220; Tannenz\u00e4pfle Pils 0,33l<br \/>\n<div class=\"main-cross-sell\" data-asin=\"B01M71SSCS\">\n\n\t<div class=\"WooZone-cross-sell-loader\">\n\t\t<div>\n\t\t\t<div id=\"floatingBarsG\">\n\t\t\t\t<div class=\"blockG\" id=\"rotateG_01\"><\/div>\n\t\t\t\t<div class=\"blockG\" id=\"rotateG_02\"><\/div>\n\t\t\t\t<div class=\"blockG\" id=\"rotateG_03\"><\/div>\n\t\t\t\t<div class=\"blockG\" id=\"rotateG_04\"><\/div>\n\t\t\t\t<div class=\"blockG\" id=\"rotateG_05\"><\/div>\n\t\t\t\t<div class=\"blockG\" id=\"rotateG_06\"><\/div>\n\t\t\t\t<div class=\"blockG\" id=\"rotateG_07\"><\/div>\n\t\t\t\t<div class=\"blockG\" id=\"rotateG_08\"><\/div>\n\t\t\t<\/div>\n\t\t\t<div class=\"WooZone-cross-sell-loader-text\"><\/div>\n\t\t<\/div>\n\t<\/div>\n\n\t\t\n<\/div>\n<div style=\"clear:both;\"><\/div>\n","protected":false},"excerpt":{"rendered":"Holen Sie sich mit unserem Pr\u00e4sent in dekorativer Tannenform ein St\u00fcck Schwarzwald nach Hause. Dunkelgr\u00fcner Korb in Tannenform, gef\u00fcllt mit:\n\"Adler\" Schwarzw\u00e4lder Schinken Vesperscheibe 150g\n\"Adler\" Hausmacher Lyoner Dose 200g","protected":false},"featured_media":9485,"comment_status":"open","ping_status":"closed","template":"","meta":[],"product_cat":[62],"product_tag":[],"_links":{"self":[{"href":"https:\/\/food-shop.org\/index.php?rest_route=\/wp\/v2\/product\/9484"}],"collection":[{"href":"https:\/\/food-shop.org\/index.php?rest_route=\/wp\/v2\/product"}],"about":[{"href":"https:\/\/food-shop.org\/index.php?rest_route=\/wp\/v2\/types\/product"}],"replies":[{"embeddable":true,"href":"https:\/\/food-shop.org\/index.php?rest_route=%2Fwp%2Fv2%2Fcomments&post=9484"}],"wp:featuredmedia":[{"embeddable":true,"href":"https:\/\/food-shop.org\/index.php?rest_route=\/wp\/v2\/media\/9485"}],"wp:attachment":[{"href":"https:\/\/food-shop.org\/index.php?rest_route=%2Fwp%2Fv2%2Fmedia&parent=9484"}],"wp:term":[{"taxonomy":"product_cat","embeddable":true,"href":"https:\/\/food-shop.org\/index.php?rest_route=%2Fwp%2Fv2%2Fproduct_cat&post=9484"},{"taxonomy":"product_tag","embeddable":true,"href":"https:\/\/food-shop.org\/index.php?rest_route=%2Fwp%2Fv2%2Fproduct_tag&post=9484"}],"curies":[{"name":"wp","href":"https:\/\/api.w.org\/{rel}","templated":true}]}}