{"id":9480,"date":"2020-09-01T10:35:32","date_gmt":"2020-09-01T10:35:32","guid":{"rendered":"https:\/\/food-shop.org\/?product=praesentkorb-spreewaelder-allerlei-ohne-alkohol"},"modified":"2023-04-09T17:37:12","modified_gmt":"2023-04-09T17:37:12","slug":"praesentkorb-spreewaelder-allerlei-ohne-alkohol","status":"publish","type":"product","link":"https:\/\/food-shop.org\/?product=praesentkorb-spreewaelder-allerlei-ohne-alkohol","title":{"rendered":"Pr\u00e4sentkorb &#8218;Spreew\u00e4lder Allerlei&#8216; &#8211; ohne Alkohol"},"content":{"rendered":"<p><!-- show up to 2 reviews by default --> <\/p>\n<h3>Produktbeschreibungen<\/h3>\n<p>Allerlei aus dem Spreewald<br \/>Gewinnen Sie mit diesem Pr\u00e4sentkorb einen Einblick in die Kulinarischen Gen\u00fcsse, die der Spreewald und die Lausitz zu bieten haben.Verf\u00fchrerische Schokob\u00e4llchen zeigen die &#8218;Schokoladenseite der Lausitz&#8216;, Kr\u00fcgermanns Spreewaldgurken sowie die &#8218;Get One&#8216; die knackige W\u00fcrze und der F\u00fcnf-Kr\u00e4uter-Senf der Senfmanufaktur Koal die Frische von einheimischen Kr\u00e4utern.<br \/>Dieser Geschenkkorb enth\u00e4lt keine alkoholischen Produkte.<br \/>Dieser Pr\u00e4sentkorb besteht aus folgenden Produkten:<br \/>1 x Schokob\u00e4llchen der Confiserie Felicitas (100 g)1 x Sanddorn Gelee -extra- (225 g)1 x Gurken Snack Get One &#8211; Die Gew\u00fcrzgurke aus der Dose (1 Gurke\/ 100 g)1 x Knoblauchzehen in \u00d6l mit Kr\u00e4utern (185 g Glas)1 x Original Spreew\u00e4lder Sahnemeerrettich im Gl\u00e4schen (100 g)1 x Koals Spreew\u00e4lder 5-Kr\u00e4uter-Senf (158 ml)1 x Gew\u00fcrzgurken von Spreewald-Rabe (370 ml Glas)1 x Henkelkorb Gr. 1, ca. 32x28x29 cm (LxBxH) <\/p>\n<h3>Inhaltsstoffe \/ Zutaten<\/h3>\n<p>1 x Pralinen der Confiserie Felicitas (150 g)<br \/> 1 x Sanddorn Gelee -extra- (225 g)<br \/> 1 x Gurken Snack Get One &#8211; Die Gew\u00fcrzgurke aus der Dose (1 Gurke\/ 100 g)<br \/> 1 x Knoblauchzehen in \u00d6l mit Kr\u00e4utern (185 g Glas)<br \/> 1 x Original Spreew\u00e4lder Sahnemeerrettich im Gl\u00e4schen (100 g)<br \/> 1 x Koals Spreew\u00e4lder 5-Kr\u00e4uter-Senf (158 ml)<br \/> 1 x Gew\u00fcrzgurken von Spreewald-Rabe (370 ml Glas)<br \/> 1 x Henkelkorb Gr. 1, ca. 32x28x29 cm (LxBxH) <\/p>\n<div class=\"main-cross-sell\" data-asin=\"B06XCDQCN7\">\n\n\t<div class=\"WooZone-cross-sell-loader\">\n\t\t<div>\n\t\t\t<div id=\"floatingBarsG\">\n\t\t\t\t<div class=\"blockG\" id=\"rotateG_01\"><\/div>\n\t\t\t\t<div class=\"blockG\" id=\"rotateG_02\"><\/div>\n\t\t\t\t<div class=\"blockG\" id=\"rotateG_03\"><\/div>\n\t\t\t\t<div class=\"blockG\" id=\"rotateG_04\"><\/div>\n\t\t\t\t<div class=\"blockG\" id=\"rotateG_05\"><\/div>\n\t\t\t\t<div class=\"blockG\" id=\"rotateG_06\"><\/div>\n\t\t\t\t<div class=\"blockG\" id=\"rotateG_07\"><\/div>\n\t\t\t\t<div class=\"blockG\" id=\"rotateG_08\"><\/div>\n\t\t\t<\/div>\n\t\t\t<div class=\"WooZone-cross-sell-loader-text\"><\/div>\n\t\t<\/div>\n\t<\/div>\n\n\t\t\n<\/div>\n<div style=\"clear:both;\"><\/div>\n","protected":false},"excerpt":{"rendered":"Produktbeschreibungen Allerlei aus dem SpreewaldGewinnen Sie mit diesem Pr\u00e4sentkorb einen Einblick in die Kulinarischen Gen\u00fcsse, die der Spreewald und die Lausitz zu bieten haben.Verf\u00fchrerische Schokob\u00e4llchen zeigen die 'Schokoladenseite der Lausitz', Kr\u00fcgermanns Spreewaldgurken sowie die 'Get One' die knackige W\u00fcrze und der F\u00fcnf-Kr\u00e4uter-Senf der Senfmanufaktur Koal die Frische von einheimischen Kr\u00e4utern.Dieser Geschenkkorb enth\u00e4lt keine alkoholischen Produkte.Dieser [...]","protected":false},"featured_media":9481,"comment_status":"open","ping_status":"closed","template":"","meta":[],"product_cat":[62],"product_tag":[],"_links":{"self":[{"href":"https:\/\/food-shop.org\/index.php?rest_route=\/wp\/v2\/product\/9480"}],"collection":[{"href":"https:\/\/food-shop.org\/index.php?rest_route=\/wp\/v2\/product"}],"about":[{"href":"https:\/\/food-shop.org\/index.php?rest_route=\/wp\/v2\/types\/product"}],"replies":[{"embeddable":true,"href":"https:\/\/food-shop.org\/index.php?rest_route=%2Fwp%2Fv2%2Fcomments&post=9480"}],"wp:featuredmedia":[{"embeddable":true,"href":"https:\/\/food-shop.org\/index.php?rest_route=\/wp\/v2\/media\/9481"}],"wp:attachment":[{"href":"https:\/\/food-shop.org\/index.php?rest_route=%2Fwp%2Fv2%2Fmedia&parent=9480"}],"wp:term":[{"taxonomy":"product_cat","embeddable":true,"href":"https:\/\/food-shop.org\/index.php?rest_route=%2Fwp%2Fv2%2Fproduct_cat&post=9480"},{"taxonomy":"product_tag","embeddable":true,"href":"https:\/\/food-shop.org\/index.php?rest_route=%2Fwp%2Fv2%2Fproduct_tag&post=9480"}],"curies":[{"name":"wp","href":"https:\/\/api.w.org\/{rel}","templated":true}]}}