{"id":9473,"date":"2020-09-01T10:35:29","date_gmt":"2020-09-01T10:35:29","guid":{"rendered":"https:\/\/food-shop.org\/?product=eilles-tee-geschenkkorb-mit-schokolade-und-plaetzchen"},"modified":"2023-04-09T17:37:12","modified_gmt":"2023-04-09T17:37:12","slug":"eilles-tee-geschenkkorb-mit-schokolade-und-plaetzchen","status":"publish","type":"product","link":"https:\/\/food-shop.org\/?product=eilles-tee-geschenkkorb-mit-schokolade-und-plaetzchen","title":{"rendered":"EILLES Tee Geschenkkorb mit Schokolade und Pl\u00e4tzchen"},"content":{"rendered":"<p><!-- show up to 2 reviews by default --> <\/p>\n<h3>Produktbeschreibungen<\/h3>\n<p>EILLES ist einer der hochwertigsten Teegenuss Marken Europas &#8230; und stammt aus unserer Firmengruppe. Mit diesem Geschenkkorb haben unsere EILLES Experten ein besonders sch\u00f6nes Arrangement kreiert. Herzst\u00fcck sind zwei gro\u00dfe 25er Schachteln unserer beliebtesten EILLES Teebeutel Deluxe mit aromasicherer Folienverpackung. Tipp: bestellen Sie zus\u00e4tzliche Teesorten dazu und wir packen Sie dem Geschenk bei. Sie finden viele weitere Teesorten aus dem Deluxe-Sortiment in unserem Teebereich. Inhalt des Sets: &#8211; Wiederverwendbarer Pr\u00e4sentkorb aus Naturkartonmaterial &#8211; EILLES Deluxe Teebeutel Kr\u00e4utergarten und Vita Orange (50 Teebeutel gesamt) &#8211; Zwei Premium Honige, z.B. mit Vanilleschote und Mandeln &#8211; Drei Tafeln EILLES Gourmet Schokolade, z.B. Marc de Champagne, Nougat o.\u00e4. &#8211; Eine Auswahl an EILLES Frischegeb\u00e4ck und diverse Butter Cookies Alle Artikel werden im Geschenkkarton geliefert. Bitte beachten Sie, dass wir alle Einzelteile sorgsam verpacken und eventuell mit Polstermaterial zus\u00e4tzlich f\u00fcr den Transport sch\u00fctzen. Sollte ein Artikel in Ausnahmef\u00e4lle nicht lieferbar sein, nutzen wir gleichwertigen oder h\u00f6herwertigen Ersatz. Zutaten:Zitonengras, Rooibos, Krauseminze, Fenchel, S\u00fc\u00dfholzwurzel, Zimt, Heidelbeeren, Kamille. Hibiskus, Apfelbestandteile, Orangenschalen, Zimt, Niacin, Pantothens\u00e4ure, Vitamin B6, Vitamin B2, Vitamin B1, Vitamin B12, Biotin, nat\u00fcrliches Orangenaroma Honig aus EU und Niht EU L\u00e4nder Zucker, Kakaobutter, VOLLMILCHPULVER, SAHNE, Kakaomasse, Marc de Champagne (2,9%), Glukosesirup, MAGERMILCHPULVER, Dextrose, Emulgator: Lecithine (SOJA, Sonnenblumen), Vanilleextrakt, nat\u00fcrliches Vanille-Aroma WEIZENMEHL, MANDELCREME 28% (Zucker, pflanzliches \u00d6l z.T. geh\u00e4rtet, MANDELN 13%, Kakaopulver, LAKTOSE, MAGERMILCHPULVER, Emulgator SOJA-LECITHIN, Vanillin), BUTTERREINFETT 20%, Zucker, VOLLEI fl\u00fcssig, Kochsalz, Backtriebmittel: Ammoniumhydrogencarbonat. <\/p>\n<h3>Inhaltsstoffe \/ Zutaten<\/h3>\n<p>Zutaten:Zitonengras, Rooibos, Krauseminze, Fenchel, S\u00fc\u00dfholzwurzel, Zimt, Heidelbeeren, Kamille. Hibiskus, Apfelbestandteile, Orangenschalen, Zimt, Niacin, Pantothens\u00e4ure, Vitamin B6, Vitamin B2, Vitamin B1, Vitamin B12, Biotin, nat\u00fcrliches Orangenaroma Honig aus EU und Niht EU L\u00e4nder Zucker, Kakaobutter, VOLLMILCHPULVER, SAHNE, Kakaomasse, Marc de Champagne (2,9%), Glukosesirup, MAGERMILCHPULVER, Dextrose, Emulgator: Lecithine (SOJA, Sonnenblumen), Vanilleextrakt, nat\u00fcrliches Vanille-Aroma WEIZENMEHL, MANDELCREME 28% (Zucker, pflanzliches \u00d6l z.T. geh\u00e4rtet, MANDELN 13%, Kakaopulver, LAKTOSE, MAGERMILCHPULVER, Emulgator SOJA-LECITHIN, Vanillin), BUTTERREINFETT 20%, Zucker, VOLLEI fl\u00fcssig, Kochsalz, Backtriebmittel: Ammoniumhydrogencarbonat. <\/p>\n<p>Perfekt f\u00fcr Teefans<br \/>\nMit hochwertiger Schokolade von Eilles<br \/>\nAnsprechender Geschenkkarton<br \/>\nHochwertige Honige<br \/>\nMit echtem Eilles Geb\u00e4ck<br \/>\n<div class=\"main-cross-sell\" data-asin=\"B00E7SEYR6\">\n\n\t<div class=\"WooZone-cross-sell-loader\">\n\t\t<div>\n\t\t\t<div id=\"floatingBarsG\">\n\t\t\t\t<div class=\"blockG\" id=\"rotateG_01\"><\/div>\n\t\t\t\t<div class=\"blockG\" id=\"rotateG_02\"><\/div>\n\t\t\t\t<div class=\"blockG\" id=\"rotateG_03\"><\/div>\n\t\t\t\t<div class=\"blockG\" id=\"rotateG_04\"><\/div>\n\t\t\t\t<div class=\"blockG\" id=\"rotateG_05\"><\/div>\n\t\t\t\t<div class=\"blockG\" id=\"rotateG_06\"><\/div>\n\t\t\t\t<div class=\"blockG\" id=\"rotateG_07\"><\/div>\n\t\t\t\t<div class=\"blockG\" id=\"rotateG_08\"><\/div>\n\t\t\t<\/div>\n\t\t\t<div class=\"WooZone-cross-sell-loader-text\"><\/div>\n\t\t<\/div>\n\t<\/div>\n\n\t\t\n<\/div>\n<div style=\"clear:both;\"><\/div>\n","protected":false},"excerpt":{"rendered":"Perfekt f\u00fcr Teefans\nMit hochwertiger Schokolade von Eilles\nAnsprechender Geschenkkarton","protected":false},"featured_media":9474,"comment_status":"open","ping_status":"closed","template":"","meta":[],"product_cat":[62],"product_tag":[],"_links":{"self":[{"href":"https:\/\/food-shop.org\/index.php?rest_route=\/wp\/v2\/product\/9473"}],"collection":[{"href":"https:\/\/food-shop.org\/index.php?rest_route=\/wp\/v2\/product"}],"about":[{"href":"https:\/\/food-shop.org\/index.php?rest_route=\/wp\/v2\/types\/product"}],"replies":[{"embeddable":true,"href":"https:\/\/food-shop.org\/index.php?rest_route=%2Fwp%2Fv2%2Fcomments&post=9473"}],"wp:featuredmedia":[{"embeddable":true,"href":"https:\/\/food-shop.org\/index.php?rest_route=\/wp\/v2\/media\/9474"}],"wp:attachment":[{"href":"https:\/\/food-shop.org\/index.php?rest_route=%2Fwp%2Fv2%2Fmedia&parent=9473"}],"wp:term":[{"taxonomy":"product_cat","embeddable":true,"href":"https:\/\/food-shop.org\/index.php?rest_route=%2Fwp%2Fv2%2Fproduct_cat&post=9473"},{"taxonomy":"product_tag","embeddable":true,"href":"https:\/\/food-shop.org\/index.php?rest_route=%2Fwp%2Fv2%2Fproduct_tag&post=9473"}],"curies":[{"name":"wp","href":"https:\/\/api.w.org\/{rel}","templated":true}]}}