{"id":9441,"date":"2020-09-01T10:35:16","date_gmt":"2020-09-01T10:35:16","guid":{"rendered":"https:\/\/food-shop.org\/?product=geschenkset-schatzkiste-pasta-co"},"modified":"2023-04-09T17:35:56","modified_gmt":"2023-04-09T17:35:56","slug":"geschenkset-schatzkiste-pasta-co","status":"publish","type":"product","link":"https:\/\/food-shop.org\/?product=geschenkset-schatzkiste-pasta-co","title":{"rendered":"Geschenkset Schatzkiste Pasta &amp; Co."},"content":{"rendered":"<p><!-- show up to 2 reviews by default --> <\/p>\n<h3>Produktbeschreibungen<\/h3>\n<p>Feine Bandnudel-Spezialit\u00e4ten und dazu passende K\u00f6stlichkeiten f\u00fcr verw\u00f6hnte Gaumen verbergen sich in dieser Schatzkiste. Ein Fest f\u00fcr Feinschmecker! <\/p>\n<h3>Inhaltsstoffe \/ Zutaten<\/h3>\n<p>Grie\u00df <\/p>\n<p>Je 250 g feine Bandnudeln Pasta Tr\u00fcffel und Pasta Steinpilz<br \/>\n20 g getrocknete Steinpilze, 200ml aromatischer Waldpilz-Senf<br \/>\n55 ml Oliven\u00f6l mit schwarzen Tr\u00fcffeln<br \/>\n45 g Butter mit wei\u00dfen Tr\u00fcffeln<br \/>\nSchatzkiste aus Holz mit Metall- und Lederbeschl\u00e4gen, 36 x 24 x 12 cm<br \/>\n<div class=\"main-cross-sell\" data-asin=\"B0184940HW\">\n\n\t<div class=\"WooZone-cross-sell-loader\">\n\t\t<div>\n\t\t\t<div id=\"floatingBarsG\">\n\t\t\t\t<div class=\"blockG\" id=\"rotateG_01\"><\/div>\n\t\t\t\t<div class=\"blockG\" id=\"rotateG_02\"><\/div>\n\t\t\t\t<div class=\"blockG\" id=\"rotateG_03\"><\/div>\n\t\t\t\t<div class=\"blockG\" id=\"rotateG_04\"><\/div>\n\t\t\t\t<div class=\"blockG\" id=\"rotateG_05\"><\/div>\n\t\t\t\t<div class=\"blockG\" id=\"rotateG_06\"><\/div>\n\t\t\t\t<div class=\"blockG\" id=\"rotateG_07\"><\/div>\n\t\t\t\t<div class=\"blockG\" id=\"rotateG_08\"><\/div>\n\t\t\t<\/div>\n\t\t\t<div class=\"WooZone-cross-sell-loader-text\"><\/div>\n\t\t<\/div>\n\t<\/div>\n\n\t\t\n<\/div>\n<div style=\"clear:both;\"><\/div>\n","protected":false},"excerpt":{"rendered":"Je 250 g feine Bandnudeln Pasta Tr\u00fcffel und Pasta Steinpilz\n20 g getrocknete Steinpilze, 200ml aromatischer Waldpilz-Senf\n55 ml Oliven\u00f6l mit schwarzen Tr\u00fcffeln","protected":false},"featured_media":9442,"comment_status":"open","ping_status":"closed","template":"","meta":[],"product_cat":[62],"product_tag":[],"_links":{"self":[{"href":"https:\/\/food-shop.org\/index.php?rest_route=\/wp\/v2\/product\/9441"}],"collection":[{"href":"https:\/\/food-shop.org\/index.php?rest_route=\/wp\/v2\/product"}],"about":[{"href":"https:\/\/food-shop.org\/index.php?rest_route=\/wp\/v2\/types\/product"}],"replies":[{"embeddable":true,"href":"https:\/\/food-shop.org\/index.php?rest_route=%2Fwp%2Fv2%2Fcomments&post=9441"}],"wp:featuredmedia":[{"embeddable":true,"href":"https:\/\/food-shop.org\/index.php?rest_route=\/wp\/v2\/media\/9442"}],"wp:attachment":[{"href":"https:\/\/food-shop.org\/index.php?rest_route=%2Fwp%2Fv2%2Fmedia&parent=9441"}],"wp:term":[{"taxonomy":"product_cat","embeddable":true,"href":"https:\/\/food-shop.org\/index.php?rest_route=%2Fwp%2Fv2%2Fproduct_cat&post=9441"},{"taxonomy":"product_tag","embeddable":true,"href":"https:\/\/food-shop.org\/index.php?rest_route=%2Fwp%2Fv2%2Fproduct_tag&post=9441"}],"curies":[{"name":"wp","href":"https:\/\/api.w.org\/{rel}","templated":true}]}}