{"id":9433,"date":"2020-09-01T10:35:12","date_gmt":"2020-09-01T10:35:12","guid":{"rendered":"https:\/\/food-shop.org\/?product=grosser-italienischer-praesentkorb-bestueckt-mit-leckersten-italienischen-spezialitaeten-geschenkkorb-aus-weide-mit-wein-olivenoel-pasta-und-weiteren-delikatessen-aus-bella-italia"},"modified":"2023-04-09T17:35:56","modified_gmt":"2023-04-09T17:35:56","slug":"grosser-italienischer-praesentkorb-bestueckt-mit-leckersten-italienischen-spezialitaeten-geschenkkorb-aus-weide-mit-wein-olivenoel-pasta-und-weiteren-delikatessen-aus-bella-italia","status":"publish","type":"product","link":"https:\/\/food-shop.org\/?product=grosser-italienischer-praesentkorb-bestueckt-mit-leckersten-italienischen-spezialitaeten-geschenkkorb-aus-weide-mit-wein-olivenoel-pasta-und-weiteren-delikatessen-aus-bella-italia","title":{"rendered":"Gro\u00dfer italienischer Pr\u00e4sentkorb best\u00fcckt mit leckersten italienischen Spezialit\u00e4ten &#8211; Geschenkkorb aus Weide mit Wein\u2026"},"content":{"rendered":"<p><!-- show up to 2 reviews by default --> <\/p>\n<p>Dieser urige italienische Geschenkkorb mit Holzgriffen mit feinsten Spezialit\u00e4ten aus dem sch\u00f6nen Italien ist sowohl im privaten als auch im gesch\u00e4ftlichen Umfeld eine sch\u00f6ne Geschenkidee f\u00fcr jeden Anlass. Mit diesem Geschenkkorb verw\u00f6hnen Sie die Beschenkten mit Feinkost aus der vielgelobten italienischen K\u00fcche. In unserem Korb befinden sich ausschlie\u00dflich ausgew\u00e4hlte hochwertige Produkte <\/p>\n<p>Dieser urige italienische Geschenkkorb mit Holzgriffen mit feinsten Spezialit\u00e4ten aus dem sch\u00f6nen Italien ist sowohl im privaten als auch im gesch\u00e4ftlichen Umfeld eine sch\u00f6ne Geschenkidee f\u00fcr jeden Anlass. Mit diesem Geschenkkorb verw\u00f6hnen Sie die Beschenkten mit Feinkost aus der vielgelobten italienischen K\u00fcche. In unserem Korb befinden sich ausschlie\u00dflich ausgew\u00e4hlte hochwertige Produkte<br \/>\n0,75l Wein 11,5% vol. &#8211; 130g Basilikum Pesto &#8211; 100ml natives Oliven\u00f6l<br \/>\n325ml Tomatensauce &#8211; 310g Gr\u00fcne Oliven (Abtropfgewicht 170g) &#8211; 500g Pasta<br \/>\n250ml Balsamico I.G.P &#8211; 500g Risotto Reis &#8211; 100g Amarettini Mandelgep\u00e4ck<br \/>\nVerschenken Sie unseren Geschenkkorb italienisch der dem Beschenkten garantiert ein L\u00e4cheln ins Gesicht zaubern wird<br \/>\n<div class=\"main-cross-sell\" data-asin=\"B08423Z8PS\">\n\n\t<div class=\"WooZone-cross-sell-loader\">\n\t\t<div>\n\t\t\t<div id=\"floatingBarsG\">\n\t\t\t\t<div class=\"blockG\" id=\"rotateG_01\"><\/div>\n\t\t\t\t<div class=\"blockG\" id=\"rotateG_02\"><\/div>\n\t\t\t\t<div class=\"blockG\" id=\"rotateG_03\"><\/div>\n\t\t\t\t<div class=\"blockG\" id=\"rotateG_04\"><\/div>\n\t\t\t\t<div class=\"blockG\" id=\"rotateG_05\"><\/div>\n\t\t\t\t<div class=\"blockG\" id=\"rotateG_06\"><\/div>\n\t\t\t\t<div class=\"blockG\" id=\"rotateG_07\"><\/div>\n\t\t\t\t<div class=\"blockG\" id=\"rotateG_08\"><\/div>\n\t\t\t<\/div>\n\t\t\t<div class=\"WooZone-cross-sell-loader-text\"><\/div>\n\t\t<\/div>\n\t<\/div>\n\n\t\t\n<\/div>\n<div style=\"clear:both;\"><\/div>\n","protected":false},"excerpt":{"rendered":"Dieser urige italienische Geschenkkorb mit Holzgriffen mit feinsten Spezialit\u00e4ten aus dem sch\u00f6nen Italien ist sowohl im privaten als auch im gesch\u00e4ftlichen Umfeld eine sch\u00f6ne Geschenkidee f\u00fcr jeden Anlass. Mit diesem Geschenkkorb verw\u00f6hnen Sie die Beschenkten mit Feinkost aus der vielgelobten italienischen K\u00fcche. In unserem Korb befinden sich ausschlie\u00dflich ausgew\u00e4hlte hochwertige Produkte\n0,75l Wein 11,5% vol. - 130g Basilikum Pesto - 100ml natives Oliven\u00f6l\n325ml Tomatensauce - 310g Gr\u00fcne Oliven (Abtropfgewicht 170g) - 500g Pasta","protected":false},"featured_media":9434,"comment_status":"open","ping_status":"closed","template":"","meta":[],"product_cat":[62],"product_tag":[],"_links":{"self":[{"href":"https:\/\/food-shop.org\/index.php?rest_route=\/wp\/v2\/product\/9433"}],"collection":[{"href":"https:\/\/food-shop.org\/index.php?rest_route=\/wp\/v2\/product"}],"about":[{"href":"https:\/\/food-shop.org\/index.php?rest_route=\/wp\/v2\/types\/product"}],"replies":[{"embeddable":true,"href":"https:\/\/food-shop.org\/index.php?rest_route=%2Fwp%2Fv2%2Fcomments&post=9433"}],"wp:featuredmedia":[{"embeddable":true,"href":"https:\/\/food-shop.org\/index.php?rest_route=\/wp\/v2\/media\/9434"}],"wp:attachment":[{"href":"https:\/\/food-shop.org\/index.php?rest_route=%2Fwp%2Fv2%2Fmedia&parent=9433"}],"wp:term":[{"taxonomy":"product_cat","embeddable":true,"href":"https:\/\/food-shop.org\/index.php?rest_route=%2Fwp%2Fv2%2Fproduct_cat&post=9433"},{"taxonomy":"product_tag","embeddable":true,"href":"https:\/\/food-shop.org\/index.php?rest_route=%2Fwp%2Fv2%2Fproduct_tag&post=9433"}],"curies":[{"name":"wp","href":"https:\/\/api.w.org\/{rel}","templated":true}]}}