{"id":9429,"date":"2020-09-01T10:33:05","date_gmt":"2020-09-01T10:33:05","guid":{"rendered":"https:\/\/food-shop.org\/?product=ostpaket-ddr-spezialitaeten-box-geschenkset-geburtstag-fuer-sie"},"modified":"2023-04-09T17:35:56","modified_gmt":"2023-04-09T17:35:56","slug":"ostpaket-ddr-spezialitaeten-box-geschenkset-geburtstag-fuer-sie","status":"publish","type":"product","link":"https:\/\/food-shop.org\/?product=ostpaket-ddr-spezialitaeten-box-geschenkset-geburtstag-fuer-sie","title":{"rendered":"Ostpaket \u201eDDR SPEZIALIT\u00c4TEN BOX\u201c \/ Geschenkset Geburtstag f\u00fcr Sie"},"content":{"rendered":"<div class=\"disclaim\"> Stil:<strong>Set 1<\/strong> <\/div>\n<p> <!-- show up to 2 reviews by default --> <\/p>\n<h3>Produktbeschreibungen<\/h3>\n<p>12 OSTPRODUKTE in GESCHENKBOX: Rotk\u00e4ppchen Piccolo Sekt 0,2l, Halberst\u00e4dter Schmalzfleisch, rote Gr\u00fctze Himbeer, Kr\u00fcgerol Halsbonbon, Schlagers\u00fc\u00dftafel, Heringsfilet Tomatencreme 200g, Kartoffelsuppe 3 Portionen im Beutel, Viba Nougat Stange, Pfeffi Lik\u00f6r, Pfeffi Stange 2 Einzelstangen, Gurken Snack Get One aus dem Spreewald, Brausepulver 2 Einzelt\u00fcten, inkl. Geschenkeverpackung. <\/p>\n<p>DDR KOCHBUCH: B\u00fcchlein im handlichen A6 Format (114 S., UPV 3,99\u20ac), festes Cover. Auf geht\u2019s zur kulinarischen Zeitreise mit dem DDR Kochbuch. Mit gro\u00dfem Einfallsreichtum meisterten die \u201eDDR Hausfrauen\u201c so manchen Versorgungsengpass und zauberten eine ganze Reihe leckerer Gerichte, die wir heute nicht missen m\u00f6chten. \u00dcber 40 neu fotografierte K\u00f6stlichkeiten mit leicht verst\u00e4ndlichen Anleitungen zum Nachkochen: Soljanka, Letscho, Senfeier, Kalter Hund und Quarkkeulchen &#8211; Guten Appetit..<\/p>\n<p>24h LIEFERUNG: Bestellungen werden werktags innerhalb von max. 24h in den DHL-Versand gegeben + \u00dcber 1000 weitere DDR Geschenkideen in unserem H\u00e4ndlershop + Geschenkboxen sind wiederverschlie\u00dfbar \u2013 legen Sie noch individuelle Geschenkideen dazu + viele weitere Ostprodukte und Ossiartikel + Ihr Geschenkespezialist f\u00fcr DDR-Produkte + Ostprodukte Versand seit 2003 Deutschlands Nummer 1 f\u00fcr Ostalgie.<\/p>\n<p>WEITERE PR\u00c4SENTK\u00d6RBE: Bei uns gibt es viele weitere Ideen f\u00fcr DDR-Pr\u00e4sentk\u00f6rbe gef\u00fcllt mit Ostprodukten. Wir bieten Ihnen eine au\u00dfergew\u00f6hnliche Geschenkidee f\u00fcr jeden &#8222;Ossi&#8220; mit Ostalgie-Produkten und f\u00fcr jeden &#8222;Wessi&#8220; mit traditionsreichen, hochwertigen &#8222;DDR&#8220;-Produkten. Unsere Ostpakete sind genau das Richtige f\u00fcr Geburtstag oder Weihnachten. Dazu neben dem \u201eOssi-Shop\u201c eine breite Palette an Geschenkideen. Geschenkk\u00f6rbe, Ostpakete und Geschenksets f\u00fcr jeden Anlass <\/p>\n<h3>Inhaltsstoffe \/ Zutaten<\/h3>\n<p>Weitere Hersteller- und Produktangaben sowie Informationen zu Allergenen finden Sie in den Bilddaten <\/p>\n<div data-a-expander-name=\"toggle_description\" class=\"a-row a-expander-container a-expander-extend-container\">\n<div class=\"a-expander-content a-expander-extend-content\">\n<h3>Gebrauchsanweisung<\/h3>\n<p>In diesem DDR Geschenkset befinden sich originelle Produkte aus dem Osten. Fertig zum Verschenken mit edler Geschenkbox mit Ostmotiven. Bekommen &#8211; \u00d6ffnen &#8211; Genie\u00dfen und die Erinnerungen aufleben lassen. Lassen Sie es sich schmecken. Verschenken Sie ein bisschen Ostalgie in der passenden DDR Box. F\u00fcgen Sie noch weitere DDR Waren hinzu. Die Geschenkbox ist wiederverschlie\u00dfbar. <\/p>\n<h3>Anschrift Hersteller\/Importeur<\/h3>\n<p>Sekt: Rotk\u00e4ppchen Sektkellereien, 06637 Freyburg\/Unstrut <\/p>\n<\/p><\/div>\n<p> <a href=\"void(0)\" data-action=\"a-expander-toggle\" class=\"a-expander-header a-declarative a-expander-extend-header\" data-a-expander-toggle=\"{\"><i class=\"a-icon a-icon-extender-expand\"><\/i><span class=\"a-expander-prompt\">Weitere Informationen<\/span><\/a> <\/div>\n<p>12 OSTPRODUKTE in GESCHENKBOX: Rotk\u00e4ppchen Piccolo Sekt 0,2l, Halberst\u00e4dter Schmalzfleisch, rote Gr\u00fctze Himbeer, Kr\u00fcgerol Halsbonbon, Schlagers\u00fc\u00dftafel, Heringsfilet Tomatencreme 200g, Kartoffelsuppe 3 Portionen im Beutel, Viba Nougat Stange, Pfeffi Lik\u00f6r, Pfeffi Stange 2 Einzelstangen, Gurken Snack Get One aus dem Spreewald, Brausepulver 2 Einzelt\u00fcten, inkl. Geschenkeverpackung<br \/>\nDDR KOCHBUCH: B\u00fcchlein im handlichen A6 Format (114 S., UPV 3,99\u20ac), festes Cover. Auf geht\u2019s zur kulinarischen Zeitreise mit dem DDR Kochbuch. Mit gro\u00dfem Einfallsreichtum meisterten die \u201eDDR Hausfrauen\u201c so manchen Versorgungsengpass und zauberten eine ganze Reihe leckerer Gerichte, die wir heute nicht missen m\u00f6chten. \u00dcber 40 neu fotografierte K\u00f6stlichkeiten mit leicht verst\u00e4ndlichen Anleitungen zum Nachkochen: Soljanka, Letscho, Senfeier, Kalter Hund und Quarkkeulchen &#8211; Guten Appetit.<br \/>\n24h LIEFERUNG: Bestellungen werden werktags innerhalb von max. 24h in den DHL-Versand gegeben + \u00dcber 1000 weitere DDR Geschenkideen in unserem H\u00e4ndlershop + Geschenkboxen sind wiederverschlie\u00dfbar \u2013 legen Sie noch individuelle Geschenkideen dazu + viele weitere Ostprodukte und Ossiartikel + Ihr Geschenkespezialist f\u00fcr DDR-Produkte + Ostprodukte Versand seit 2003 Deutschlands Nummer 1 f\u00fcr Ostalgie<br \/>\nWEITERE PR\u00c4SENTK\u00d6RBE: Bei uns gibt es viele weitere Ideen f\u00fcr DDR-Pr\u00e4sentk\u00f6rbe gef\u00fcllt mit Ostprodukten. Wir bieten Ihnen eine au\u00dfergew\u00f6hnliche Geschenkidee f\u00fcr jeden &#8222;Ossi&#8220; mit Ostalgie-Produkten und f\u00fcr jeden &#8222;Wessi&#8220; mit traditionsreichen, hochwertigen &#8222;DDR&#8220;-Produkten. Unsere Ostpakete sind genau das Richtige f\u00fcr Geburtstag oder Weihnachten. Dazu neben dem \u201eOssi-Shop\u201c eine breite Palette an Geschenkideen. Geschenkk\u00f6rbe, Ostpakete und Geschenksets f\u00fcr jeden Anlass<br \/>\nAuch Bei Amazon Erh\u00e4ltlich: Ossi S\u00fc\u00dfigkeiten, DDR Geschenkkorb M\u00e4nner, DDR Geschenkkorb f\u00fcr M\u00e4nner, DDR Geschenkkorb S\u00fc\u00dfigkeiten, DDR Geschenke f\u00fcr Frauen, DDR Geschenke f\u00fcr M\u00e4nner, Ossi Produkte Lebensmittel, Geschenkset DDR, DDR Ostpaket Lebensmittel, Ostpaket f\u00fcr M\u00e4nner, DDR Geschenkset, Ostpaket Geburtstag, Ostpaket Mini, Ostpaket 40, Ostpaket 50, Ostpaket Geburtstag, Ostpaket echte M\u00e4nner, Ostpaket S\u00fc\u00dfigkeiten, Ostpaket f\u00fcr Opa, Ostpaket f\u00fcr M\u00e4nner 40, Ostpaket Frau, Ostpaket Gro\u00df<br \/>\n<div class=\"main-cross-sell\" data-asin=\"B01I524NCA\">\n\n\t<div class=\"WooZone-cross-sell-loader\">\n\t\t<div>\n\t\t\t<div id=\"floatingBarsG\">\n\t\t\t\t<div class=\"blockG\" id=\"rotateG_01\"><\/div>\n\t\t\t\t<div class=\"blockG\" id=\"rotateG_02\"><\/div>\n\t\t\t\t<div class=\"blockG\" id=\"rotateG_03\"><\/div>\n\t\t\t\t<div class=\"blockG\" id=\"rotateG_04\"><\/div>\n\t\t\t\t<div class=\"blockG\" id=\"rotateG_05\"><\/div>\n\t\t\t\t<div class=\"blockG\" id=\"rotateG_06\"><\/div>\n\t\t\t\t<div class=\"blockG\" id=\"rotateG_07\"><\/div>\n\t\t\t\t<div class=\"blockG\" id=\"rotateG_08\"><\/div>\n\t\t\t<\/div>\n\t\t\t<div class=\"WooZone-cross-sell-loader-text\"><\/div>\n\t\t<\/div>\n\t<\/div>\n\n\t\t\n<\/div>\n<div style=\"clear:both;\"><\/div>\n","protected":false},"excerpt":{"rendered":"12 OSTPRODUKTE in GESCHENKBOX: Rotk\u00e4ppchen Piccolo Sekt 0,2l, Halberst\u00e4dter Schmalzfleisch, rote Gr\u00fctze Himbeer, Kr\u00fcgerol Halsbonbon, Schlagers\u00fc\u00dftafel, Heringsfilet Tomatencreme 200g, Kartoffelsuppe 3 Portionen im Beutel, Viba Nougat Stange, Pfeffi Lik\u00f6r, Pfeffi Stange 2 Einzelstangen, Gurken Snack Get One aus dem Spreewald, Brausepulver 2 Einzelt\u00fcten, inkl. Geschenkeverpackung\nDDR KOCHBUCH: B\u00fcchlein im handlichen A6 Format (114 S., UPV 3,99\u20ac), festes Cover. Auf geht\u2019s zur kulinarischen Zeitreise mit dem DDR Kochbuch. Mit gro\u00dfem Einfallsreichtum meisterten die \u201eDDR Hausfrauen\u201c so manchen Versorgungsengpass und zauberten eine ganze Reihe leckerer Gerichte, die wir heute nicht missen m\u00f6chten. \u00dcber 40 neu fotografierte K\u00f6stlichkeiten mit leicht verst\u00e4ndlichen Anleitungen zum Nachkochen: Soljanka, Letscho, Senfeier, Kalter Hund und Quarkkeulchen - Guten Appetit.\n24h LIEFERUNG: Bestellungen werden werktags innerhalb von max. 24h in den DHL-Versand gegeben + \u00dcber 1000 weitere DDR Geschenkideen in unserem H\u00e4ndlershop + Geschenkboxen sind wiederverschlie\u00dfbar \u2013 legen Sie noch individuelle Geschenkideen dazu + viele weitere Ostprodukte und Ossiartikel + Ihr Geschenkespezialist f\u00fcr DDR-Produkte + Ostprodukte Versand seit 2003 Deutschlands Nummer 1 f\u00fcr Ostalgie","protected":false},"featured_media":9430,"comment_status":"open","ping_status":"closed","template":"","meta":[],"product_cat":[62],"product_tag":[],"_links":{"self":[{"href":"https:\/\/food-shop.org\/index.php?rest_route=\/wp\/v2\/product\/9429"}],"collection":[{"href":"https:\/\/food-shop.org\/index.php?rest_route=\/wp\/v2\/product"}],"about":[{"href":"https:\/\/food-shop.org\/index.php?rest_route=\/wp\/v2\/types\/product"}],"replies":[{"embeddable":true,"href":"https:\/\/food-shop.org\/index.php?rest_route=%2Fwp%2Fv2%2Fcomments&post=9429"}],"wp:featuredmedia":[{"embeddable":true,"href":"https:\/\/food-shop.org\/index.php?rest_route=\/wp\/v2\/media\/9430"}],"wp:attachment":[{"href":"https:\/\/food-shop.org\/index.php?rest_route=%2Fwp%2Fv2%2Fmedia&parent=9429"}],"wp:term":[{"taxonomy":"product_cat","embeddable":true,"href":"https:\/\/food-shop.org\/index.php?rest_route=%2Fwp%2Fv2%2Fproduct_cat&post=9429"},{"taxonomy":"product_tag","embeddable":true,"href":"https:\/\/food-shop.org\/index.php?rest_route=%2Fwp%2Fv2%2Fproduct_tag&post=9429"}],"curies":[{"name":"wp","href":"https:\/\/api.w.org\/{rel}","templated":true}]}}