{"id":9386,"date":"2020-09-01T10:32:47","date_gmt":"2020-09-01T10:32:47","guid":{"rendered":"https:\/\/food-shop.org\/?product=suessigkeiten-box-mit-ddr-waren-rotkaeppchen-sekt-piccolo-pfeffi-stangen-mintkissen-viba-uvm-ostprodukt-ddr-box-als-geschenkkorb-mit-ddr-spezialitaeten-ostpakete-ddr-waren-ddr-geschen"},"modified":"2023-04-09T17:35:56","modified_gmt":"2023-04-09T17:35:56","slug":"suessigkeiten-box-mit-ddr-waren-rotkaeppchen-sekt-piccolo-pfeffi-stangen-mintkissen-viba-uvm-ostprodukt-ddr-box-als-geschenkkorb-mit-ddr-spezialitaeten-ostpakete-ddr-waren-ddr-geschen","status":"publish","type":"product","link":"https:\/\/food-shop.org\/?product=suessigkeiten-box-mit-ddr-waren-rotkaeppchen-sekt-piccolo-pfeffi-stangen-mintkissen-viba-uvm-ostprodukt-ddr-box-als-geschenkkorb-mit-ddr-spezialitaeten-ostpakete-ddr-waren-ddr-geschen","title":{"rendered":"S\u00fcssigkeiten Box mit DDR Waren \u2013 Rotk\u00e4ppchen Sekt Piccolo, Pfeffi Stangen, Mintkissen Viba uvm. +++ Ostprodukt DDR Box\u2026"},"content":{"rendered":"<div class=\"disclaim\"> Gr\u00f6\u00dfe:<strong>Sue\u00dfigkeiten Box XXL<\/strong> <\/div>\n<p> <!-- show up to 2 reviews by default --> <\/p>\n<h3>Produktbeschreibungen<\/h3>\n<p>16 OSTPRODUKTE im GESCHENK SET: Trabi Puffreis Schokolade, Wikana Butterkeks Wittenberger, Liebesperlen Babyfl\u00e4schchen, Wurzener Extra Waffelbl\u00e4tter Milchschokolade, Othello Keks Wikana, Brausepulver, Schokolade DDR Geld, Kalter Hund Blister, Zetti Knusperflocken Vollmilch, Halloren-Kugeln Classic, Viba Nougat Stange, Mokkabohnen, Rotk\u00e4ppchen Sekt 0,2l, Pfeffi Stange 5er, Mintkissen Viba, Zetti Cocosflocken inkl. anlassbezogener Geschenkverpackung. <\/p>\n<p>DDR KOCHBUCH: B\u00fcchlein im handlichen A6 Format (114 S., UPV 3,99\u20ac), festes Cover. Auf geht\u2019s zur kulinarischen Zeitreise mit dem DDR Kochbuch. Mit gro\u00dfem Einfallsreichtum meisterten die \u201eDDR Hausfrauen\u201c so manchen Versorgungsengpass und zauberten eine ganze Reihe leckerer Gerichte, die wir heute nicht missen m\u00f6chten. \u00dcber 40 neu fotografierte K\u00f6stlichkeiten mit leicht verst\u00e4ndlichen Anleitungen zum Nachkochen: Soljanka, Letscho, Senfeier, Kalter Hund und Quarkkeulchen &#8211; Guten Appetit..<\/p>\n<p>24h LIEFERUNG: Bestellungen werden werktags innerhalb von max. 24h in den DHL-Versand gegeben + \u00dcber 1000 weitere DDR Geschenkideen in unserem H\u00e4ndlershop + Geschenkboxen sind wiederverschlie\u00dfbar \u2013 legen Sie noch individuelle Geschenkideen dazu + viele weitere Ostprodukte und Ossiartikel + Ihr Geschenkespezialist f\u00fcr DDR-Produkte + Ostprodukte Versand seit 2003 Deutschlands Nummer 1 f\u00fcr Ostalgie.<\/p>\n<p>WEITERE PR\u00c4SENTK\u00d6RBE: Bei uns gibt es viele weitere Ideen f\u00fcr DDR-Pr\u00e4sentk\u00f6rbe gef\u00fcllt mit Ostprodukten. Wir bieten Ihnen eine au\u00dfergew\u00f6hnliche Geschenkidee f\u00fcr jeden &#8222;Ossi&#8220; mit Ostalgie-Produkten und f\u00fcr jeden &#8222;Wessi&#8220; mit traditionsreichen, hochwertigen &#8222;DDR&#8220;-Produkten. Unsere Ostpakete sind genau das Richtige f\u00fcr Geburtstag oder Weihnachten. Dazu neben dem \u201eOssi-Shop\u201c eine breite Palette an Geschenkideen. Geschenkk\u00f6rbe, Ostpakete und Geschenksets f\u00fcr jeden Anlass <\/p>\n<h3>Inhaltsstoffe \/ Zutaten<\/h3>\n<p>Weitere Hersteller- und Produktangaben finden Sie in den Bilddaten <\/p>\n<div data-a-expander-name=\"toggle_description\" class=\"a-row a-expander-container a-expander-extend-container\">\n<div class=\"a-expander-content a-expander-extend-content\">\n<h3>Gebrauchsanweisung<\/h3>\n<p>In diesem DDR Geschenkset befinden sich originelle Produkte aus dem Osten. Fertig zum Verschenken mit edler Geschenkbox mit Ostmotiven. Bekommen &#8211; \u00d6ffnen &#8211; Genie\u00dfen und die Erinnerungen aufleben lassen. Lassen Sie es sich schmecken. Verschenken Sie ein bisschen Ostalgie in der passenden DDR Box. F\u00fcgen Sie noch weitere DDR Waren hinzu. Die Geschenkbox ist wiederverschlie\u00dfbar. <\/p>\n<h3>Anschrift Hersteller\/Importeur<\/h3>\n<p>Sekt: Rotk\u00e4ppchen Sektkellereien, 06637 Freyburg\/Unstrut <\/p>\n<\/p><\/div>\n<p> <a href=\"void(0)\" data-action=\"a-expander-toggle\" class=\"a-expander-header a-declarative a-expander-extend-header\" data-a-expander-toggle=\"{\"><i class=\"a-icon a-icon-extender-expand\"><\/i><span class=\"a-expander-prompt\">Weitere Informationen<\/span><\/a> <\/div>\n<p>16 OSTPRODUKTE im GESCHENK SET: Trabi Puffreis Schokolade, Wikana Butterkeks Wittenberger, Liebesperlen Babyfl\u00e4schchen, Wurzener Extra Waffelbl\u00e4tter Milchschokolade, Othello Keks Wikana, Brausepulver, Schokolade DDR Geld, Kalter Hund Blister, Zetti Knusperflocken Vollmilch, Halloren-Kugeln Classic, Viba Nougat Stange, Mokkabohnen, Rotk\u00e4ppchen Sekt 0,2l, Pfeffi Stange 5er, Mintkissen Viba, Zetti Cocosflocken inkl. anlassbezogener Geschenkverpackung<br \/>\nDDR KOCHBUCH: B\u00fcchlein im handlichen A6 Format (114 S., UPV 3,99\u20ac), festes Cover. Auf geht\u2019s zur kulinarischen Zeitreise mit dem DDR Kochbuch. Mit gro\u00dfem Einfallsreichtum meisterten die \u201eDDR Hausfrauen\u201c so manchen Versorgungsengpass und zauberten eine ganze Reihe leckerer Gerichte, die wir heute nicht missen m\u00f6chten. \u00dcber 40 neu fotografierte K\u00f6stlichkeiten mit leicht verst\u00e4ndlichen Anleitungen zum Nachkochen: Soljanka, Letscho, Senfeier, Kalter Hund und Quarkkeulchen &#8211; Guten Appetit.<br \/>\n24h LIEFERUNG: Bestellungen werden werktags innerhalb von max. 24h in den DHL-Versand gegeben + \u00dcber 1000 weitere DDR Geschenkideen in unserem H\u00e4ndlershop + Geschenkboxen sind wiederverschlie\u00dfbar \u2013 legen Sie noch individuelle Geschenkideen dazu + viele weitere Ostprodukte und Ossiartikel + Ihr Geschenkespezialist f\u00fcr DDR-Produkte + Ostprodukte Versand seit 2003 Deutschlands Nummer 1 f\u00fcr Ostalgie<br \/>\nWEITERE PR\u00c4SENTK\u00d6RBE: Bei uns gibt es viele weitere Ideen f\u00fcr DDR-Pr\u00e4sentk\u00f6rbe gef\u00fcllt mit Ostprodukten. Wir bieten Ihnen eine au\u00dfergew\u00f6hnliche Geschenkidee f\u00fcr jeden &#8222;Ossi&#8220; mit Ostalgie-Produkten und f\u00fcr jeden &#8222;Wessi&#8220; mit traditionsreichen, hochwertigen &#8222;DDR&#8220;-Produkten. Unsere Ostpakete sind genau das Richtige f\u00fcr Geburtstag oder Weihnachten. Dazu neben dem \u201eOssi-Shop\u201c eine breite Palette an Geschenkideen. Geschenkk\u00f6rbe, Ostpakete und Geschenksets f\u00fcr jeden Anlass<br \/>\nAuch bei Amazon erh\u00e4ltlich: Ostpaket zum Geburtstag, Ostpaket 70, Ostpaket Papa, Ostpaket klein, Ostpaket pr\u00e4sente, Ostpaket Geschenk, DDR Paket M\u00e4nner, DDR Paket xxl, DDR Paket S\u00fc\u00dfigkeiten, DDR Paket Geschenkset Weihnachten, DDR Paket zum 40 Geburtstag, DDR typische Produkte, DDR Geschenkbox, pr\u00e4sentkorb Ostalgie, DDR Paket Frauen, DDR Paket Geschenkset M\u00e4nner, DDR Paket 60, DDR Paket Frau, DDR Paket Geschenk, DDR Produkte Paket, DDR Paket mit Ost s\u00fcssigkeiten, DDR Paket held der arbeit<br \/>\n<div class=\"main-cross-sell\" data-asin=\"B01GD879N8\">\n\n\t<div class=\"WooZone-cross-sell-loader\">\n\t\t<div>\n\t\t\t<div id=\"floatingBarsG\">\n\t\t\t\t<div class=\"blockG\" id=\"rotateG_01\"><\/div>\n\t\t\t\t<div class=\"blockG\" id=\"rotateG_02\"><\/div>\n\t\t\t\t<div class=\"blockG\" id=\"rotateG_03\"><\/div>\n\t\t\t\t<div class=\"blockG\" id=\"rotateG_04\"><\/div>\n\t\t\t\t<div class=\"blockG\" id=\"rotateG_05\"><\/div>\n\t\t\t\t<div class=\"blockG\" id=\"rotateG_06\"><\/div>\n\t\t\t\t<div class=\"blockG\" id=\"rotateG_07\"><\/div>\n\t\t\t\t<div class=\"blockG\" id=\"rotateG_08\"><\/div>\n\t\t\t<\/div>\n\t\t\t<div class=\"WooZone-cross-sell-loader-text\"><\/div>\n\t\t<\/div>\n\t<\/div>\n\n\t\t\n<\/div>\n<div style=\"clear:both;\"><\/div>\n","protected":false},"excerpt":{"rendered":"16 OSTPRODUKTE im GESCHENK SET: Trabi Puffreis Schokolade, Wikana Butterkeks Wittenberger, Liebesperlen Babyfl\u00e4schchen, Wurzener Extra Waffelbl\u00e4tter Milchschokolade, Othello Keks Wikana, Brausepulver, Schokolade DDR Geld, Kalter Hund Blister, Zetti Knusperflocken Vollmilch, Halloren-Kugeln Classic, Viba Nougat Stange, Mokkabohnen, Rotk\u00e4ppchen Sekt 0,2l, Pfeffi Stange 5er, Mintkissen Viba, Zetti Cocosflocken inkl. anlassbezogener Geschenkverpackung\nDDR KOCHBUCH: B\u00fcchlein im handlichen A6 Format (114 S., UPV 3,99\u20ac), festes Cover. Auf geht\u2019s zur kulinarischen Zeitreise mit dem DDR Kochbuch. Mit gro\u00dfem Einfallsreichtum meisterten die \u201eDDR Hausfrauen\u201c so manchen Versorgungsengpass und zauberten eine ganze Reihe leckerer Gerichte, die wir heute nicht missen m\u00f6chten. \u00dcber 40 neu fotografierte K\u00f6stlichkeiten mit leicht verst\u00e4ndlichen Anleitungen zum Nachkochen: Soljanka, Letscho, Senfeier, Kalter Hund und Quarkkeulchen - Guten Appetit.\n24h LIEFERUNG: Bestellungen werden werktags innerhalb von max. 24h in den DHL-Versand gegeben + \u00dcber 1000 weitere DDR Geschenkideen in unserem H\u00e4ndlershop + Geschenkboxen sind wiederverschlie\u00dfbar \u2013 legen Sie noch individuelle Geschenkideen dazu + viele weitere Ostprodukte und Ossiartikel + Ihr Geschenkespezialist f\u00fcr DDR-Produkte + Ostprodukte Versand seit 2003 Deutschlands Nummer 1 f\u00fcr Ostalgie","protected":false},"featured_media":9387,"comment_status":"open","ping_status":"closed","template":"","meta":[],"product_cat":[62],"product_tag":[],"_links":{"self":[{"href":"https:\/\/food-shop.org\/index.php?rest_route=\/wp\/v2\/product\/9386"}],"collection":[{"href":"https:\/\/food-shop.org\/index.php?rest_route=\/wp\/v2\/product"}],"about":[{"href":"https:\/\/food-shop.org\/index.php?rest_route=\/wp\/v2\/types\/product"}],"replies":[{"embeddable":true,"href":"https:\/\/food-shop.org\/index.php?rest_route=%2Fwp%2Fv2%2Fcomments&post=9386"}],"wp:featuredmedia":[{"embeddable":true,"href":"https:\/\/food-shop.org\/index.php?rest_route=\/wp\/v2\/media\/9387"}],"wp:attachment":[{"href":"https:\/\/food-shop.org\/index.php?rest_route=%2Fwp%2Fv2%2Fmedia&parent=9386"}],"wp:term":[{"taxonomy":"product_cat","embeddable":true,"href":"https:\/\/food-shop.org\/index.php?rest_route=%2Fwp%2Fv2%2Fproduct_cat&post=9386"},{"taxonomy":"product_tag","embeddable":true,"href":"https:\/\/food-shop.org\/index.php?rest_route=%2Fwp%2Fv2%2Fproduct_tag&post=9386"}],"curies":[{"name":"wp","href":"https:\/\/api.w.org\/{rel}","templated":true}]}}