{"id":9366,"date":"2020-09-01T10:32:39","date_gmt":"2020-09-01T10:32:39","guid":{"rendered":"https:\/\/food-shop.org\/?product=schwarzwald-metzgerei-geschenkset-vesper-mit-verschiedenen-wurtsspezialitaeten-einem-gourmet-senf-und-hervorragenden-weisswein-8-teilig"},"modified":"2023-04-09T17:35:55","modified_gmt":"2023-04-09T17:35:55","slug":"schwarzwald-metzgerei-geschenkset-vesper-mit-verschiedenen-wurtsspezialitaeten-einem-gourmet-senf-und-hervorragenden-weisswein-8-teilig","status":"publish","type":"product","link":"https:\/\/food-shop.org\/?product=schwarzwald-metzgerei-geschenkset-vesper-mit-verschiedenen-wurtsspezialitaeten-einem-gourmet-senf-und-hervorragenden-weisswein-8-teilig","title":{"rendered":"Schwarzwald Metzgerei &#8211; Geschenkset &#8222;Vesper&#8220; mit verschiedenen Wurtsspezialit\u00e4ten, einem Gourmet-Senf und hervorragenden Wei\u00dfwein &#8211; 8-teilig"},"content":{"rendered":"<div class=\"disclaim\"> Gr\u00f6\u00dfe:<strong>Vesper (8-teilig)<\/strong> <\/div>\n<p> <!-- show up to 2 reviews by default --> <\/p>\n<h3>Produktbeschreibungen<\/h3>\n<p><b>Schwarzwald Metzgerei &#8211; Geschenksets<\/b><\/p>\n<p> Nutzen Sie unseren Service: Wir legen in das Paket eine Grusskarte mit Ihrer Widmung bei. Bitte senden Sie <br \/> uns eine Nachricht mit dem Gru\u00dftext&#8230;.<\/p>\n<\/p>\n<li>Schwarzw\u00e4lder Schinken am St\u00fcck (ca. 500g)<\/li>\n<li>eine Vesperscheibe Bauchspeck (ca. 100g)<\/li>\n<li>1 Paar Bauernw\u00fcrste<\/li>\n<li>1 Paar Landj\u00e4ger<\/li>\n<li>ein Glas Wiedemers Badischer Hausmacher Senf (100g)<\/li>\n<p> Hersteller: Bernhard Wiedemer e.K. Waldstra\u00dfe 59, 77767 Appenweier<br \/> Allergene: Enth\u00e4lt <b>Senf<\/b> <\/p>\n<li>1 Dose Hausmacher Bauernwurst (200g)<\/li>\n<li>1 Dose Hausmacher Lyoner (200g)<\/li>\n<li>1 Flasche Riesling Alte Reben *** 0,75L <b>13,0% alc. Vol.<\/b><\/li>\n<p> Hersteller: Alexander Laible &#8211; Unterweiler 48 &#8211; 77707 Durbach <br \/> Allergene: Enth\u00e4lt <b>Sulfite<\/b><\/p>\n<p> <b>Au\u00dfenma\u00df: 370 x 270 x 100 mm<\/b><\/p>\n<p><\/p>\n<li>Alles in Vacuum verpackt<\/li>\n<li>gek\u00fchlt lagern bei 5 Grad Celsius<\/li>\n<li>min. 30 Tage unge\u00f6ffnet haltbar nach Versand<\/li>\n<h3>Inhaltsstoffe \/ Zutaten<\/h3>\n<p>BAUCHSPECK: Schweinebauch, Gew\u00fcrze, Dextrose, Saccharose, Nitritp\u00f6kelsalz (mit Konservierungsstoff:E250), Antioxidationsmittel:E301, Tannenrauch<br \/> SCHWARZW.SCHINKEN: Schweinefleisch, Nitritp\u00f6kelsalz (mit Konservierungsstoff:E250) Dextrose, Gew\u00fcrze, Antioxidationsmittel:E301, Tannenrauch<br \/> LANDJ\u00c4GER:Schweinefleisch(87%), Nitritp\u00f6kelsalz (mit Konservierungsstoff:E250), <b>Senf<\/b>mehl Gew\u00fcrze, Kr\u00e4uter, Gew\u00fcrzextrakte, Antioxidationsmittel:E300, S\u00e4uerungsmittel:E330,E575 Geschmacksverst\u00e4rker:E621, Farbstoff:E120, essbare H\u00fclle, Tannenrauch<br \/> BAUERNWURST: 80%Schweinefleisch, 20%Speck, Nitritp\u00f6kelsalz((jodiertes)Kochsalz, Konservierungsstoff:Natriumnitrit), Chili, Gew\u00fcrze, Kr\u00e4uter, Dextrose, <b>Senf<\/b>mehl, Rauch<br \/> LYONER\/SCHINKENWURST: Schweinefleisch33%, Rindfleisch6,6%, Schweinefett, Trinkwasser, Nitritp\u00f6kelsalz (mit Konservierungsstoff:E250), Chili, Gew\u00fcrze, Kr\u00e4uter, Dextrose, <b>Senf<\/b>mehl, Gew\u00fcrzextrakte, Stabilisator:E450, Antioxidationsmittel:E301,E300<br \/> LEBERWURST: 43,6%Fett, 32,7%Schweinefleisch, 15%Schweineleber, Kopffleisch, Trinkwasser, Meersalz, Zwiebel, Knoblauch, Gew\u00fcrze, Kr\u00e4uter<br \/>ALTBADISCHER-SENF: Wasser,<b>Senfsaaten<\/b>,Zucker,Raps\u00f6l,Branntweinessig,Salz<\/p>\n<div data-a-expander-name=\"toggle_description\" class=\"a-row a-expander-container a-expander-extend-container\">\n<div class=\"a-expander-content a-expander-extend-content\">\n<h3>Rechtliche Hinweise<\/h3>\n<p>Abgabe nur an Personen, die das 18. Lebensjahr vollendet haben. <\/p>\n<\/p><\/div>\n<p> <a href=\"void(0)\" data-action=\"a-expander-toggle\" class=\"a-expander-header a-declarative a-expander-extend-header\" data-a-expander-toggle=\"{\"><i class=\"a-icon a-icon-extender-expand\"><\/i><span class=\"a-expander-prompt\">Weitere Informationen<\/span><\/a> <\/div>\n<p>Verschenken Sie ein rundes Sortiment Schwarzw\u00e4lder Spezialit\u00e4ten<br \/>\nZusammenstellung: Schwarzw\u00e4lder Schinken am St\u00fcck (ca. 500g), eine Vesperscheibe Bauchspeck (ca. 100g), 1 Paar Bauernw\u00fcrste, 1 Paar Landj\u00e4ger, ein Glas Wiedemers Badischer Hausmacher Senf (ca. 100g), 1 Dose Hausmacher Bauernwurst (ca. 200g), 1 Dose Hausmacher Lyoner (ca. 200g), 1 Flasche Riesling Alte Reben *** 0,57L 13,0% alc.Vol. Alexander Laible, Durbach<br \/>\nOptionale Gl\u00fcckwunschkarten: Nennen Sie uns einfach Ihren Wunschtext und Ihr Pr\u00e4sent bekommt eine pers\u00f6nlichere Note<br \/>\nAlles in Vakuum verpackt, gek\u00fchlt lagern bei ca. 5 Grad, min. 30 Tage haltbar<br \/>\nHervorragend geeignet auch als Geschenk oder Mitbringsel zur Feier, Fete, Party, Geburtstag, Jubil\u00e4um oder anderen Festen<br \/>\n<div class=\"main-cross-sell\" data-asin=\"B00D9M5C5Y\">\n\n\t<div class=\"WooZone-cross-sell-loader\">\n\t\t<div>\n\t\t\t<div id=\"floatingBarsG\">\n\t\t\t\t<div class=\"blockG\" id=\"rotateG_01\"><\/div>\n\t\t\t\t<div class=\"blockG\" id=\"rotateG_02\"><\/div>\n\t\t\t\t<div class=\"blockG\" id=\"rotateG_03\"><\/div>\n\t\t\t\t<div class=\"blockG\" id=\"rotateG_04\"><\/div>\n\t\t\t\t<div class=\"blockG\" id=\"rotateG_05\"><\/div>\n\t\t\t\t<div class=\"blockG\" id=\"rotateG_06\"><\/div>\n\t\t\t\t<div class=\"blockG\" id=\"rotateG_07\"><\/div>\n\t\t\t\t<div class=\"blockG\" id=\"rotateG_08\"><\/div>\n\t\t\t<\/div>\n\t\t\t<div class=\"WooZone-cross-sell-loader-text\"><\/div>\n\t\t<\/div>\n\t<\/div>\n\n\t\t\n<\/div>\n<div style=\"clear:both;\"><\/div>\n","protected":false},"excerpt":{"rendered":"Verschenken Sie ein rundes Sortiment Schwarzw\u00e4lder Spezialit\u00e4ten\nZusammenstellung: Schwarzw\u00e4lder Schinken am St\u00fcck (ca. 500g), eine Vesperscheibe Bauchspeck (ca. 100g), 1 Paar Bauernw\u00fcrste, 1 Paar Landj\u00e4ger, ein Glas Wiedemers Badischer Hausmacher Senf (ca. 100g), 1 Dose Hausmacher Bauernwurst (ca. 200g), 1 Dose Hausmacher Lyoner (ca. 200g), 1 Flasche Riesling Alte Reben *** 0,57L 13,0% alc.Vol. Alexander Laible, Durbach\nOptionale Gl\u00fcckwunschkarten: Nennen Sie uns einfach Ihren Wunschtext und Ihr Pr\u00e4sent bekommt eine pers\u00f6nlichere Note","protected":false},"featured_media":9367,"comment_status":"open","ping_status":"closed","template":"","meta":[],"product_cat":[62],"product_tag":[],"_links":{"self":[{"href":"https:\/\/food-shop.org\/index.php?rest_route=\/wp\/v2\/product\/9366"}],"collection":[{"href":"https:\/\/food-shop.org\/index.php?rest_route=\/wp\/v2\/product"}],"about":[{"href":"https:\/\/food-shop.org\/index.php?rest_route=\/wp\/v2\/types\/product"}],"replies":[{"embeddable":true,"href":"https:\/\/food-shop.org\/index.php?rest_route=%2Fwp%2Fv2%2Fcomments&post=9366"}],"wp:featuredmedia":[{"embeddable":true,"href":"https:\/\/food-shop.org\/index.php?rest_route=\/wp\/v2\/media\/9367"}],"wp:attachment":[{"href":"https:\/\/food-shop.org\/index.php?rest_route=%2Fwp%2Fv2%2Fmedia&parent=9366"}],"wp:term":[{"taxonomy":"product_cat","embeddable":true,"href":"https:\/\/food-shop.org\/index.php?rest_route=%2Fwp%2Fv2%2Fproduct_cat&post=9366"},{"taxonomy":"product_tag","embeddable":true,"href":"https:\/\/food-shop.org\/index.php?rest_route=%2Fwp%2Fv2%2Fproduct_tag&post=9366"}],"curies":[{"name":"wp","href":"https:\/\/api.w.org\/{rel}","templated":true}]}}