{"id":9362,"date":"2020-09-01T10:32:37","date_gmt":"2020-09-01T10:32:37","guid":{"rendered":"https:\/\/food-shop.org\/?product=praesentkorb-von-herzen"},"modified":"2023-04-09T17:35:55","modified_gmt":"2023-04-09T17:35:55","slug":"praesentkorb-von-herzen","status":"publish","type":"product","link":"https:\/\/food-shop.org\/?product=praesentkorb-von-herzen","title":{"rendered":"Pr\u00e4sentkorb &#8222;Von Herzen&#8220;"},"content":{"rendered":"<p><!-- show up to 2 reviews by default --> <\/p>\n<h3>Produktbeschreibungen<\/h3>\n<p>Pr\u00e4sentkorb von Herzen<\/p>\n<p> bestehend aus:<\/p>\n<p> Destille Kaltenthaler Herzkirschenlik\u00f6r \u2013 Herzflasche<\/p>\n<p> Inhalt: 0,2l &#8211; 20 % vol.<\/p>\n<p> Das intensive Aroma von reifen Kirschen macht diesen Lik\u00f6r zum besonderen Geschmackserlebnis.<\/p>\n<p> Palio Granatapfel \u2013 Secco<\/p>\n<p> Inhalt: 0,20l &#8211; 10% vol.<\/p>\n<p> Die saftig-feinherbe Fruchtnote des s\u00fcdl\u00e4ndischen Granatapfels.<\/p>\n<p> enth\u00e4lt Sulfite<\/p>\n<p> Erdbeerfruchtaufstrich verfeinert mit Rotwein 200g<\/p>\n<p> Ein fruchtiger Brotaufstrich aus Erdbeeren kombiniert mit einer feinen Note Rotwein Cuve\u00e9 58<\/p>\n<p> Weingut Michel-Roos<\/p>\n<p> enth\u00e4lt Sulfite<\/p>\n<p> Soft Nougat Variation Erdbeer, Vanille, Amaretto, Himbeer und Aronia 100g von Chocolaterie Holzderber<\/p>\n<p> Das weiche Nougat wird mit getrockneten Himbeeren, Erdbeeren, Aronia, Vanille und Amaretto verfeinert.<\/p>\n<p> Kann Spuren von N\u00fcssen &amp; Schalenfr\u00fcchten enthalten<\/p>\n<p> Cranberry Nougat in Zartbitter Schokolade im Tray 100g von Chocolaterie Holzderber (diese kann durch eine andere saisonale s\u00fc\u00dfe Leckerei der Chocolaterie Holzderber im Tray ersetzt sein) <\/p>\n<p> Eine softe, wei\u00dfe Nougatmasse, das mit saftigen, getrockneten Cranberries verfeinert wird. Anschlie\u00dfend wird das Nougat in dunkle Schokolade getaucht, so dass dieses ein Fu\u00df aus knackiger Zartbitter Schokolade erh\u00e4lt. Durch den leicht s\u00e4uerlichen Geschmack der Cranberry bekommt das sonst s\u00fc\u00dfe Nougat einen ganz neuen, fruchtigen Geschmack. Zusammen mit der Zartbitter Schokolade kommen alle Aromen voll zur Geltung.<\/p>\n<p> Dieser Pr\u00e4sentkorb wird inkl. Deko und Geschenkfolie geschenkfertig versendet.<\/p>\n<p> Die Deko kann abweichend sein <\/p>\n<h3>Inhaltsstoffe \/ Zutaten<\/h3>\n<p>Erdbeerfruchtaufstrich verfeinert mit Rotwein: 26% Rotwein (Enth\u00e4lt Sulfite) 24% Erdbeeren, Zucker, S\u00e4urungsmittel (Citronens\u00e4ure), Dextrose, Geliermittel (Pektin) Soft Nougat Variation Erdbeer, Vanille, Amaretto, Himbeer und Aronia: Zucker, Glukosesirup, Erdn\u00fcsse ger\u00f6stet (22%), Mandeln ger\u00f6stet (16%),( Aronia (12%), Himbeeren (5%), Erdbeeren (5%) getrocknet), Honig, Pflanzenfett ungeh\u00e4rtet (Palmfett, Raps\u00f6l), Milcheiwei\u00df, Gelatine (Rind), Vollmilchpulver, Kakaopulver schwach ent\u00f6lt, Aroma, Waffel: Weizenmehl, Pflanzenfett (Palm\u00f6l), Emulgator: Sojalecithin, Speisesalz, Tennmittel: Magnesium; Aroma Vanillin, Backtriebmittel: Natriumbicarbonat; Oblaten: Weizenmehl, Kartoffelst\u00e4rke Cranberry Nougat: Zucker, Glukosesirup, Cranberry getrocknet (20%), Pflanzenfett ungeh\u00e4rtet (Palmfett, Raps\u00f6l), Milcheiwei\u00df, Gelatine, Oblaten: Weizenmehl, Kartoffelst\u00e4rke; \u00dcberzug: Zucker, Kakaomasse, Kakaobutter, Emulgator: Sojalecithin; nat\u00fcrliches Vanille Aroma, Kakao: 60% mindestens <\/p>\n<div data-a-expander-name=\"toggle_description\" class=\"a-row a-expander-container a-expander-extend-container\">\n<div class=\"a-expander-content a-expander-extend-content\">\n<h3>Rechtliche Hinweise<\/h3>\n<p>Abgabe an Personen unter 18 Jahren verboten <\/p>\n<\/p><\/div>\n<p> <a href=\"void(0)\" data-action=\"a-expander-toggle\" class=\"a-expander-header a-declarative a-expander-extend-header\" data-a-expander-toggle=\"{\"><i class=\"a-icon a-icon-extender-expand\"><\/i><span class=\"a-expander-prompt\">Weitere Informationen<\/span><\/a> <\/div>\n<p>Eine edle Auswahl unserer Delikatessen, hergestellt von regionalen Produzenten<br \/>\nEin hochwertiges und liebevolles Geschenk zu allen Anl\u00e4ssen und f\u00fcr alle Menschen, die Ihnen am Herzen liegen und Ihnen Freude bringen soll<br \/>\nGeschenkidee zum Geburtstag, Jahrestag, zum Danke sagen, Hochzeit, Pensionierung, Muttertag, Valentinstag und um einfach Gl\u00fcckw\u00fcnsche zu \u00fcbersenden<br \/>\nUnsere Pr\u00e4sentk\u00f6rbe werden geschenkfertig inkl. Deko und Geschenkfolie versendet.<br \/>\nHerkirschenlik\u00f6r, Granatapfel Secco, Erdbeer Fruchtaufstrich, Soft Nougat Variation Erdbeer, Vanille, Amaretto, Himbeer und Aronia und saisonale s\u00fc\u00dfe Leckerei der Chocolaterie Holzderber im Tray<br \/>\n<div class=\"main-cross-sell\" data-asin=\"B07MXGH6NB\">\n\n\t<div class=\"WooZone-cross-sell-loader\">\n\t\t<div>\n\t\t\t<div id=\"floatingBarsG\">\n\t\t\t\t<div class=\"blockG\" id=\"rotateG_01\"><\/div>\n\t\t\t\t<div class=\"blockG\" id=\"rotateG_02\"><\/div>\n\t\t\t\t<div class=\"blockG\" id=\"rotateG_03\"><\/div>\n\t\t\t\t<div class=\"blockG\" id=\"rotateG_04\"><\/div>\n\t\t\t\t<div class=\"blockG\" id=\"rotateG_05\"><\/div>\n\t\t\t\t<div class=\"blockG\" id=\"rotateG_06\"><\/div>\n\t\t\t\t<div class=\"blockG\" id=\"rotateG_07\"><\/div>\n\t\t\t\t<div class=\"blockG\" id=\"rotateG_08\"><\/div>\n\t\t\t<\/div>\n\t\t\t<div class=\"WooZone-cross-sell-loader-text\"><\/div>\n\t\t<\/div>\n\t<\/div>\n\n\t\t\n<\/div>\n<div style=\"clear:both;\"><\/div>\n","protected":false},"excerpt":{"rendered":"Eine edle Auswahl unserer Delikatessen, hergestellt von regionalen Produzenten\nEin hochwertiges und liebevolles Geschenk zu allen Anl\u00e4ssen und f\u00fcr alle Menschen, die Ihnen am Herzen liegen und Ihnen Freude bringen soll\nGeschenkidee zum Geburtstag, Jahrestag, zum Danke sagen, Hochzeit, Pensionierung, Muttertag, Valentinstag und um einfach Gl\u00fcckw\u00fcnsche zu \u00fcbersenden","protected":false},"featured_media":9363,"comment_status":"open","ping_status":"closed","template":"","meta":[],"product_cat":[62],"product_tag":[],"_links":{"self":[{"href":"https:\/\/food-shop.org\/index.php?rest_route=\/wp\/v2\/product\/9362"}],"collection":[{"href":"https:\/\/food-shop.org\/index.php?rest_route=\/wp\/v2\/product"}],"about":[{"href":"https:\/\/food-shop.org\/index.php?rest_route=\/wp\/v2\/types\/product"}],"replies":[{"embeddable":true,"href":"https:\/\/food-shop.org\/index.php?rest_route=%2Fwp%2Fv2%2Fcomments&post=9362"}],"wp:featuredmedia":[{"embeddable":true,"href":"https:\/\/food-shop.org\/index.php?rest_route=\/wp\/v2\/media\/9363"}],"wp:attachment":[{"href":"https:\/\/food-shop.org\/index.php?rest_route=%2Fwp%2Fv2%2Fmedia&parent=9362"}],"wp:term":[{"taxonomy":"product_cat","embeddable":true,"href":"https:\/\/food-shop.org\/index.php?rest_route=%2Fwp%2Fv2%2Fproduct_cat&post=9362"},{"taxonomy":"product_tag","embeddable":true,"href":"https:\/\/food-shop.org\/index.php?rest_route=%2Fwp%2Fv2%2Fproduct_tag&post=9362"}],"curies":[{"name":"wp","href":"https:\/\/api.w.org\/{rel}","templated":true}]}}