{"id":9345,"date":"2020-08-31T15:42:31","date_gmt":"2020-08-31T15:42:31","guid":{"rendered":"https:\/\/food-shop.org\/?product=maaza-mango-saft-6x1l-fruchtsaft-aus-mangopueree"},"modified":"2023-04-09T17:35:55","modified_gmt":"2023-04-09T17:35:55","slug":"maaza-mango-saft-6x1l-fruchtsaft-aus-mangopueree","status":"publish","type":"product","link":"https:\/\/food-shop.org\/?product=maaza-mango-saft-6x1l-fruchtsaft-aus-mangopueree","title":{"rendered":"Maaza Mango Saft 6x1l Fruchtsaft aus Mangop\u00fcree"},"content":{"rendered":"<p><!-- show up to 2 reviews by default --> <\/p>\n<h3>Produktbeschreibungen<\/h3>\n<p>Mango Fruchtsaftgetr\u00e4nk aus Mangop\u00fcree 6 x 1 Liter Tetrapak von Maaza. Maaza ist das indische Wort f\u00fcr &#8222;Genuss&#8220;. Es ist die weltweit gr\u00f6\u00dfte Marke f\u00fcr tropische und exotische Fruchts\u00e4fte. Die S\u00e4fte werden aus nat\u00fcrlichem Fruchtp\u00fcree gemacht und beinhalten keine k\u00fcnstlichen Farb- oder Aromastoffe. Der Fruchtgehalt der Maaza S\u00e4fte ist besonders hoch und das spiegelt sich im vollen Geschmack wider. Der Mangosaft von Maaza schmeckt intensiv nach Mango und hat eine weiche, fast schon cremige Textur. Er schmeckt pur, aber auch erfrischend als Cocktail oder in Kombination mit anderen S\u00e4ften, wie zum Beispiel Maracuja. <\/p>\n<h3>Inhaltsstoffe \/ Zutaten<\/h3>\n<p>Wasser, Mangop\u00fcree (17%), Zitronensaft aus Konzentrat (1%), Zucker, Stabilisierungsmittel: Pectin, Farbstoff: Beta-Carotin, S\u00e4uerungsmittel: Zitronens\u00e4ure, Antioxidationsmittel: Ascorbins\u00e4ure, Aroma. <\/p>\n<div data-a-expander-name=\"toggle_description\" class=\"a-row a-expander-container a-expander-extend-container\">\n<div class=\"a-expander-content a-expander-extend-content\">\n<h3>Gebrauchsanweisung<\/h3>\n<p>Vor Gebraucht gut sch\u00fctteln. <\/p>\n<h3>Anschrift Hersteller\/Importeur<\/h3>\n<p>Infra Foodbrands BV, 1101 CA Amsterdam NL <\/p>\n<\/p><\/div>\n<p> <a href=\"void(0)\" data-action=\"a-expander-toggle\" class=\"a-expander-header a-declarative a-expander-extend-header\" data-a-expander-toggle=\"{\"><i class=\"a-icon a-icon-extender-expand\"><\/i><span class=\"a-expander-prompt\">Weitere Informationen<\/span><\/a> <\/div>\n<p>Maaza Mangosaft aus Mango Fruchtp\u00fcree<br \/>\n6 x 1 Liter Tetrapak<br \/>\nhoher Fruchtgehalt<br \/>\nerfischend, exotisch!<br \/>\n<div class=\"main-cross-sell\" data-asin=\"B08561VV74\">\n\n\t<div class=\"WooZone-cross-sell-loader\">\n\t\t<div>\n\t\t\t<div id=\"floatingBarsG\">\n\t\t\t\t<div class=\"blockG\" id=\"rotateG_01\"><\/div>\n\t\t\t\t<div class=\"blockG\" id=\"rotateG_02\"><\/div>\n\t\t\t\t<div class=\"blockG\" id=\"rotateG_03\"><\/div>\n\t\t\t\t<div class=\"blockG\" id=\"rotateG_04\"><\/div>\n\t\t\t\t<div class=\"blockG\" id=\"rotateG_05\"><\/div>\n\t\t\t\t<div class=\"blockG\" id=\"rotateG_06\"><\/div>\n\t\t\t\t<div class=\"blockG\" id=\"rotateG_07\"><\/div>\n\t\t\t\t<div class=\"blockG\" id=\"rotateG_08\"><\/div>\n\t\t\t<\/div>\n\t\t\t<div class=\"WooZone-cross-sell-loader-text\"><\/div>\n\t\t<\/div>\n\t<\/div>\n\n\t\t\n<\/div>\n<div style=\"clear:both;\"><\/div>\n","protected":false},"excerpt":{"rendered":"Maaza Mangosaft aus Mango Fruchtp\u00fcree\n6 x 1 Liter Tetrapak\nhoher Fruchtgehalt","protected":false},"featured_media":9346,"comment_status":"open","ping_status":"closed","template":"","meta":[],"product_cat":[65,67],"product_tag":[],"_links":{"self":[{"href":"https:\/\/food-shop.org\/index.php?rest_route=\/wp\/v2\/product\/9345"}],"collection":[{"href":"https:\/\/food-shop.org\/index.php?rest_route=\/wp\/v2\/product"}],"about":[{"href":"https:\/\/food-shop.org\/index.php?rest_route=\/wp\/v2\/types\/product"}],"replies":[{"embeddable":true,"href":"https:\/\/food-shop.org\/index.php?rest_route=%2Fwp%2Fv2%2Fcomments&post=9345"}],"wp:featuredmedia":[{"embeddable":true,"href":"https:\/\/food-shop.org\/index.php?rest_route=\/wp\/v2\/media\/9346"}],"wp:attachment":[{"href":"https:\/\/food-shop.org\/index.php?rest_route=%2Fwp%2Fv2%2Fmedia&parent=9345"}],"wp:term":[{"taxonomy":"product_cat","embeddable":true,"href":"https:\/\/food-shop.org\/index.php?rest_route=%2Fwp%2Fv2%2Fproduct_cat&post=9345"},{"taxonomy":"product_tag","embeddable":true,"href":"https:\/\/food-shop.org\/index.php?rest_route=%2Fwp%2Fv2%2Fproduct_tag&post=9345"}],"curies":[{"name":"wp","href":"https:\/\/api.w.org\/{rel}","templated":true}]}}