{"id":9337,"date":"2020-08-31T15:42:27","date_gmt":"2020-08-31T15:42:27","guid":{"rendered":"https:\/\/food-shop.org\/?product=granini-trinkgenuss-apfel-klar-6er-pack-6-x-1-l"},"modified":"2023-04-09T17:35:55","modified_gmt":"2023-04-09T17:35:55","slug":"granini-trinkgenuss-apfel-klar-6er-pack-6-x-1-l","status":"publish","type":"product","link":"https:\/\/food-shop.org\/?product=granini-trinkgenuss-apfel-klar-6er-pack-6-x-1-l","title":{"rendered":"granini Trinkgenuss Apfel klar, 6er Pack (6 x 1 l)"},"content":{"rendered":"<p><!-- show up to 2 reviews by default --> <\/p>\n<h3>Produktbeschreibung<\/h3>\n<\/p>\n<div class=\"aplus\">\n<p>Der Apfelsaft mit 100 % Fruchtgehalt. Aus besten Fr\u00fcchten f\u00fcr Ihr t\u00e4gliches erfrischendes Genusserlebnis.<\/p>\n<p>granini Trinkgenuss ist ber\u00fchmt f\u00fcr besonders fruchtige und leckere Geschmacksrichtungen \u2013 mit Sorten wie Banane, Pfirsich oder Williams Christ Birne war granini hier Vorreiter. Heute umfasst das Trinkgenuss-Sortiment mehr als 15 verschiedene S\u00e4fte und Fruchtgetr\u00e4nke, alle aus sonnengereiften und sorgf\u00e4ltig ausgew\u00e4hlten Fr\u00fcchten.<\/p>\n<\/div>\n<h3>Inhaltsstoffe \/ Zutaten<\/h3>\n<p>Zutaten: Apfelsaft aus Apfelsaftkonzentrat <\/p>\n<div data-a-expander-name=\"toggle_description\" class=\"a-row a-expander-container a-expander-extend-container\">\n<div class=\"a-expander-content a-expander-extend-content\">\n<h3>Gebrauchsanweisung<\/h3>\n<p>Verzehrfertig <\/p>\n<h3>Anschrift Hersteller\/Importeur<\/h3>\n<p>Ludwig-Eckes-Platz 1, 55268 Nieder-Olm <\/p>\n<\/p><\/div>\n<p> <a href=\"void(0)\" data-action=\"a-expander-toggle\" class=\"a-expander-header a-declarative a-expander-extend-header\" data-a-expander-toggle=\"{\"><i class=\"a-icon a-icon-extender-expand\"><\/i><span class=\"a-expander-prompt\">Weitere Informationen<\/span><\/a> <\/div>\n<p>Fruchtgehalt: 100%^Fruchtig-leckerer Geschmack aus sonnengereiften Fr\u00fcchten^Erh\u00e4ltlich in 17 leckeren Sorten^Ohne Pfand<br \/>\n<div class=\"main-cross-sell\" data-asin=\"B00EXP9HWU\">\n\n\t<div class=\"WooZone-cross-sell-loader\">\n\t\t<div>\n\t\t\t<div id=\"floatingBarsG\">\n\t\t\t\t<div class=\"blockG\" id=\"rotateG_01\"><\/div>\n\t\t\t\t<div class=\"blockG\" id=\"rotateG_02\"><\/div>\n\t\t\t\t<div class=\"blockG\" id=\"rotateG_03\"><\/div>\n\t\t\t\t<div class=\"blockG\" id=\"rotateG_04\"><\/div>\n\t\t\t\t<div class=\"blockG\" id=\"rotateG_05\"><\/div>\n\t\t\t\t<div class=\"blockG\" id=\"rotateG_06\"><\/div>\n\t\t\t\t<div class=\"blockG\" id=\"rotateG_07\"><\/div>\n\t\t\t\t<div class=\"blockG\" id=\"rotateG_08\"><\/div>\n\t\t\t<\/div>\n\t\t\t<div class=\"WooZone-cross-sell-loader-text\"><\/div>\n\t\t<\/div>\n\t<\/div>\n\n\t\t\n<\/div>\n<div style=\"clear:both;\"><\/div>\n","protected":false},"excerpt":{"rendered":"Fruchtgehalt: 100%^Fruchtig-leckerer Geschmack aus sonnengereiften Fr\u00fcchten^Erh\u00e4ltlich in 17 leckeren Sorten^Ohne Pfand","protected":false},"featured_media":9338,"comment_status":"open","ping_status":"closed","template":"","meta":[],"product_cat":[65,67],"product_tag":[],"_links":{"self":[{"href":"https:\/\/food-shop.org\/index.php?rest_route=\/wp\/v2\/product\/9337"}],"collection":[{"href":"https:\/\/food-shop.org\/index.php?rest_route=\/wp\/v2\/product"}],"about":[{"href":"https:\/\/food-shop.org\/index.php?rest_route=\/wp\/v2\/types\/product"}],"replies":[{"embeddable":true,"href":"https:\/\/food-shop.org\/index.php?rest_route=%2Fwp%2Fv2%2Fcomments&post=9337"}],"wp:featuredmedia":[{"embeddable":true,"href":"https:\/\/food-shop.org\/index.php?rest_route=\/wp\/v2\/media\/9338"}],"wp:attachment":[{"href":"https:\/\/food-shop.org\/index.php?rest_route=%2Fwp%2Fv2%2Fmedia&parent=9337"}],"wp:term":[{"taxonomy":"product_cat","embeddable":true,"href":"https:\/\/food-shop.org\/index.php?rest_route=%2Fwp%2Fv2%2Fproduct_cat&post=9337"},{"taxonomy":"product_tag","embeddable":true,"href":"https:\/\/food-shop.org\/index.php?rest_route=%2Fwp%2Fv2%2Fproduct_tag&post=9337"}],"curies":[{"name":"wp","href":"https:\/\/api.w.org\/{rel}","templated":true}]}}