{"id":9333,"date":"2020-08-31T15:42:26","date_gmt":"2020-08-31T15:42:26","guid":{"rendered":"https:\/\/food-shop.org\/?product=aktiv-ballaststoffe-6x1l-ew"},"modified":"2023-04-09T17:35:55","modified_gmt":"2023-04-09T17:35:55","slug":"aktiv-ballaststoffe-6x1l-ew","status":"publish","type":"product","link":"https:\/\/food-shop.org\/?product=aktiv-ballaststoffe-6x1l-ew","title":{"rendered":"Amecke, Aktiv-Ballaststoffe 6x1l (6er Pack)"},"content":{"rendered":"<p><!-- show up to 2 reviews by default --> <\/p>\n<h3>Produktbeschreibung<\/h3>\n<p>Vollmundig-fruchtiger Saft, der vorrangig nach Aprikose, Pflaume, Ananas und Apfel schmeckt. Die t\u00e4gliche Portion Ballaststoffe f\u00fcr den aktiven Start in den Tag in einem leckeren Saft. 100% Mehrfrucht-Ballaststoff &#8211; Saft aus Apfel, Ananas, Aprikose, Pflaume, Trockenpflaume, Feige und Karotte, angereichert mit dem Ballaststoff Inulin. Die Deutsche Gesellschaft f\u00fcr Ern\u00e4hrung empfiehlt, t\u00e4glich 30g Ballaststoffe zu sich zu nehmen. Laut \u201eNationale Verzehrsstudie\u201c erreichen 75% der Frauen und 68% der M\u00e4nner die Empfehlung f\u00fcr die t\u00e4gliche Portion Ballaststoffe nicht. Ballaststoffe sind z.B. in Obst, Gem\u00fcse und Vollkornprodukten enthalten. Eine abwechslungsreiche, ausgewogene Ern\u00e4hrung und eine gesunde Lebensweise sind wichtig. Amecke + Aktiv Ballaststoffe kann dazu beitragen. Ein Glas (0,2l) deckt 15% des Richtwertes der Deutschen Gesellschaft f\u00fcr Ern\u00e4hrung f\u00fcr die t\u00e4gliche Portion Ballaststoffe. <\/p>\n<h3>Inhaltsstoffe \/ Zutaten<\/h3>\n<p>Zutaten: Apfelsaft aus Apfelsaftkonzentrat, Apfelsaft, Apfelmark, Ananassaft, Aprikosenmark, Trockenpflaumensaft aus Trockenpflaumensaftkonzentrat, Pflaumenmark aus Pflaumenmarkkonzentrat, Feigenmark, 1,8% Karottensaft aus Karottensaftkonzentrat, Inulin <\/p>\n<div data-a-expander-name=\"toggle_description\" class=\"a-row a-expander-container a-expander-extend-container\">\n<div class=\"a-expander-content a-expander-extend-content\">\n<h3>Anschrift Hersteller\/Importeur<\/h3>\n<p>D-58706 Menden\/Sauerland <\/p>\n<\/p><\/div>\n<p> <a href=\"void(0)\" data-action=\"a-expander-toggle\" class=\"a-expander-header a-declarative a-expander-extend-header\" data-a-expander-toggle=\"{\"><i class=\"a-icon a-icon-extender-expand\"><\/i><span class=\"a-expander-prompt\">Weitere Informationen<\/span><\/a> <\/div>\n<p>100% Saft mit Ballaststoffen<br \/>\nOhne Zuckerzusatz<br \/>\nIn Amecke + Aktiv-Ballaststoffe sind Inulin und ballaststoffreiche Pflanzenfasern aus den verwendeten Fr\u00fcchten enthalten. Inulin ist ein l\u00f6slicher Ballaststoff und wird vorrangig aus der Wurzel der Zichorie gewonnen.<br \/>\nvegan<br \/>\n<div class=\"main-cross-sell\" data-asin=\"B01G3OAWGS\">\n\n\t<div class=\"WooZone-cross-sell-loader\">\n\t\t<div>\n\t\t\t<div id=\"floatingBarsG\">\n\t\t\t\t<div class=\"blockG\" id=\"rotateG_01\"><\/div>\n\t\t\t\t<div class=\"blockG\" id=\"rotateG_02\"><\/div>\n\t\t\t\t<div class=\"blockG\" id=\"rotateG_03\"><\/div>\n\t\t\t\t<div class=\"blockG\" id=\"rotateG_04\"><\/div>\n\t\t\t\t<div class=\"blockG\" id=\"rotateG_05\"><\/div>\n\t\t\t\t<div class=\"blockG\" id=\"rotateG_06\"><\/div>\n\t\t\t\t<div class=\"blockG\" id=\"rotateG_07\"><\/div>\n\t\t\t\t<div class=\"blockG\" id=\"rotateG_08\"><\/div>\n\t\t\t<\/div>\n\t\t\t<div class=\"WooZone-cross-sell-loader-text\"><\/div>\n\t\t<\/div>\n\t<\/div>\n\n\t\t\n<\/div>\n<div style=\"clear:both;\"><\/div>\n","protected":false},"excerpt":{"rendered":"100% Saft mit Ballaststoffen\nOhne Zuckerzusatz\nIn Amecke + Aktiv-Ballaststoffe sind Inulin und ballaststoffreiche Pflanzenfasern aus den verwendeten Fr\u00fcchten enthalten. Inulin ist ein l\u00f6slicher Ballaststoff und wird vorrangig aus der Wurzel der Zichorie gewonnen.","protected":false},"featured_media":9334,"comment_status":"open","ping_status":"closed","template":"","meta":[],"product_cat":[65,67],"product_tag":[],"_links":{"self":[{"href":"https:\/\/food-shop.org\/index.php?rest_route=\/wp\/v2\/product\/9333"}],"collection":[{"href":"https:\/\/food-shop.org\/index.php?rest_route=\/wp\/v2\/product"}],"about":[{"href":"https:\/\/food-shop.org\/index.php?rest_route=\/wp\/v2\/types\/product"}],"replies":[{"embeddable":true,"href":"https:\/\/food-shop.org\/index.php?rest_route=%2Fwp%2Fv2%2Fcomments&post=9333"}],"wp:featuredmedia":[{"embeddable":true,"href":"https:\/\/food-shop.org\/index.php?rest_route=\/wp\/v2\/media\/9334"}],"wp:attachment":[{"href":"https:\/\/food-shop.org\/index.php?rest_route=%2Fwp%2Fv2%2Fmedia&parent=9333"}],"wp:term":[{"taxonomy":"product_cat","embeddable":true,"href":"https:\/\/food-shop.org\/index.php?rest_route=%2Fwp%2Fv2%2Fproduct_cat&post=9333"},{"taxonomy":"product_tag","embeddable":true,"href":"https:\/\/food-shop.org\/index.php?rest_route=%2Fwp%2Fv2%2Fproduct_tag&post=9333"}],"curies":[{"name":"wp","href":"https:\/\/api.w.org\/{rel}","templated":true}]}}