{"id":9325,"date":"2020-08-31T15:42:23","date_gmt":"2020-08-31T15:42:23","guid":{"rendered":"https:\/\/food-shop.org\/?product=jefi-drinks-mangosaft-250ml-30er-pack-30-x-250-ml"},"modified":"2023-04-09T17:35:55","modified_gmt":"2023-04-09T17:35:55","slug":"jefi-drinks-mangosaft-250ml-30er-pack-30-x-250-ml","status":"publish","type":"product","link":"https:\/\/food-shop.org\/?product=jefi-drinks-mangosaft-250ml-30er-pack-30-x-250-ml","title":{"rendered":"Jefi Drinks Mangosaft 250ml, 30er Pack (30 x 250 ml)"},"content":{"rendered":"<p><!-- show up to 2 reviews by default --> <\/p>\n<h3>Produktbeschreibung<\/h3>\n<p>Jefi ist bekannt f\u00fcr ihre \u00e4u\u00dferst beliebten tropischen S\u00e4fte, die sich durch ihre lebhaften, exotischen Aromen und die au\u00dfergew\u00f6hnliche Saftigkeit auszeichnen. Sie sind besonders reich an Vitaminen, bieten puren Saftgeschmack und sind frei von Konservierungsmitteln. Mango ist in den tropischen L\u00e4ndern weit verbreitet und ist auch in weiten Teilen der Welt als exotische Frucht sehr beliebt. Jefi Mangosaft ist ideal f\u00fcr die Zubereitung von Cocktails oder als ein erfrischender Durstl\u00f6scher mit einem hohen Gehalt an Eisen, Kalium und Magnesium. Probieren Sie auch ein paar Tropfen Jefi Mangosaft in Ihrem Salatdressing und erleben Sie den einzigartigen, exotisch-fruchtigen Geschmack. <\/p>\n<h3>Inhaltsstoffe \/ Zutaten<\/h3>\n<p>Zutaten: Wasser, Mangop\u00fcree 35,5 %, Zucker, S\u00e4ureregulator: E330, Antioxidationsmittel: E300, Aroma. <\/p>\n<div data-a-expander-name=\"toggle_description\" class=\"a-row a-expander-container a-expander-extend-container\">\n<div class=\"a-expander-content a-expander-extend-content\">\n<h3>Anschrift Hersteller\/Importeur<\/h3>\n<p>P.O. Box 30202, 6370 KE, Landgraaf, Netherlands. <\/p>\n<\/p><\/div>\n<p> <a href=\"void(0)\" data-action=\"a-expander-toggle\" class=\"a-expander-header a-declarative a-expander-extend-header\" data-a-expander-toggle=\"{\"><i class=\"a-icon a-icon-extender-expand\"><\/i><span class=\"a-expander-prompt\">Weitere Informationen<\/span><\/a> <\/div>\n<p>Drinks Mangosaft<br \/>\n250 ml<br \/>\n<div class=\"main-cross-sell\" data-asin=\"B00KA8JPPS\">\n\n\t<div class=\"WooZone-cross-sell-loader\">\n\t\t<div>\n\t\t\t<div id=\"floatingBarsG\">\n\t\t\t\t<div class=\"blockG\" id=\"rotateG_01\"><\/div>\n\t\t\t\t<div class=\"blockG\" id=\"rotateG_02\"><\/div>\n\t\t\t\t<div class=\"blockG\" id=\"rotateG_03\"><\/div>\n\t\t\t\t<div class=\"blockG\" id=\"rotateG_04\"><\/div>\n\t\t\t\t<div class=\"blockG\" id=\"rotateG_05\"><\/div>\n\t\t\t\t<div class=\"blockG\" id=\"rotateG_06\"><\/div>\n\t\t\t\t<div class=\"blockG\" id=\"rotateG_07\"><\/div>\n\t\t\t\t<div class=\"blockG\" id=\"rotateG_08\"><\/div>\n\t\t\t<\/div>\n\t\t\t<div class=\"WooZone-cross-sell-loader-text\"><\/div>\n\t\t<\/div>\n\t<\/div>\n\n\t\t\n<\/div>\n<div style=\"clear:both;\"><\/div>\n","protected":false},"excerpt":{"rendered":"Drinks Mangosaft\n250 ml","protected":false},"featured_media":9326,"comment_status":"open","ping_status":"closed","template":"","meta":[],"product_cat":[65,67],"product_tag":[],"_links":{"self":[{"href":"https:\/\/food-shop.org\/index.php?rest_route=\/wp\/v2\/product\/9325"}],"collection":[{"href":"https:\/\/food-shop.org\/index.php?rest_route=\/wp\/v2\/product"}],"about":[{"href":"https:\/\/food-shop.org\/index.php?rest_route=\/wp\/v2\/types\/product"}],"replies":[{"embeddable":true,"href":"https:\/\/food-shop.org\/index.php?rest_route=%2Fwp%2Fv2%2Fcomments&post=9325"}],"wp:featuredmedia":[{"embeddable":true,"href":"https:\/\/food-shop.org\/index.php?rest_route=\/wp\/v2\/media\/9326"}],"wp:attachment":[{"href":"https:\/\/food-shop.org\/index.php?rest_route=%2Fwp%2Fv2%2Fmedia&parent=9325"}],"wp:term":[{"taxonomy":"product_cat","embeddable":true,"href":"https:\/\/food-shop.org\/index.php?rest_route=%2Fwp%2Fv2%2Fproduct_cat&post=9325"},{"taxonomy":"product_tag","embeddable":true,"href":"https:\/\/food-shop.org\/index.php?rest_route=%2Fwp%2Fv2%2Fproduct_tag&post=9325"}],"curies":[{"name":"wp","href":"https:\/\/api.w.org\/{rel}","templated":true}]}}