{"id":9321,"date":"2020-08-31T15:42:20","date_gmt":"2020-08-31T15:42:20","guid":{"rendered":"https:\/\/food-shop.org\/?product=hohes-c-milder-multivitamin-100-saft-1-x-15-l"},"modified":"2023-04-09T17:35:54","modified_gmt":"2023-04-09T17:35:54","slug":"hohes-c-milder-multivitamin-100-saft-1-x-15-l","status":"publish","type":"product","link":"https:\/\/food-shop.org\/?product=hohes-c-milder-multivitamin-100-saft-1-x-15-l","title":{"rendered":"Hohes C Milder Multivitamin &#8211; 100% Saft, (1 x 1,5 l)"},"content":{"rendered":"<p><!-- show up to 2 reviews by default --> <\/p>\n<h3>Produktbeschreibung<\/h3>\n<p>Manche m\u00f6gen es gesund und mild. Deshalb gibt es unseren Multivitaminsaft auch als hohes C Milder Mutlivitamin. Dazu w\u00e4hlen wir f\u00fcr Sie sorgf\u00e4ltig die Fr\u00fcchte aus, die von Natur aus s\u00e4uer\u00e4rmer sind. deckt bereits Ihren t\u00e4glichen Bedarf an Vitamin C \u2013 sowie an 9 weiteren wichtigen Vitaminen. Vitamin C tr\u00e4gt zu einer normalen Funktion des Immunsystems bei. Trinken Sie hohes C als ideale Erg\u00e4nzung zu einer ausgewogenen Ern\u00e4hrung und gesunden Lebensweise. <\/p>\n<h3>Inhaltsstoffe \/ Zutaten<\/h3>\n<p>Zutaten: Mehrfruchtsaft aus Mehrfruchtsaftkonzentraten (Apfel, Orange, Acerola, Mango, Zitrone), Bananenmark, Niacin, Vitamin E,Pantothens\u00e4ure, Beta-Carotin, Vitamin B6, Vitamin B2, Vitamin B1, Fols\u00e4ure, Biotin, Vitamin B12. <\/p>\n<div data-a-expander-name=\"toggle_description\" class=\"a-row a-expander-container a-expander-extend-container\">\n<div class=\"a-expander-content a-expander-extend-content\">\n<h3>Gebrauchsanweisung<\/h3>\n<p>Verzehrfertig <\/p>\n<h3>Anschrift Hersteller\/Importeur<\/h3>\n<p>Ludwig-Eckes-Platz 1, 55268 Nieder-Olm <\/p>\n<\/p><\/div>\n<p> <a href=\"void(0)\" data-action=\"a-expander-toggle\" class=\"a-expander-header a-declarative a-expander-extend-header\" data-a-expander-toggle=\"{\"><i class=\"a-icon a-icon-extender-expand\"><\/i><span class=\"a-expander-prompt\">Weitere Informationen<\/span><\/a> <\/div>\n<p>Mit vielen gesunden Vitaminen, f\u00fcr einen guten Start in den Tag.<br \/>\nAus 100% Saft<br \/>\nEin Glas hohes C (0,25L) deckt den Tagesbedarf an nat\u00fcrlichem Vitamin C<br \/>\n<div class=\"main-cross-sell\" data-asin=\"B012IALV7A\">\n\n\t<div class=\"WooZone-cross-sell-loader\">\n\t\t<div>\n\t\t\t<div id=\"floatingBarsG\">\n\t\t\t\t<div class=\"blockG\" id=\"rotateG_01\"><\/div>\n\t\t\t\t<div class=\"blockG\" id=\"rotateG_02\"><\/div>\n\t\t\t\t<div class=\"blockG\" id=\"rotateG_03\"><\/div>\n\t\t\t\t<div class=\"blockG\" id=\"rotateG_04\"><\/div>\n\t\t\t\t<div class=\"blockG\" id=\"rotateG_05\"><\/div>\n\t\t\t\t<div class=\"blockG\" id=\"rotateG_06\"><\/div>\n\t\t\t\t<div class=\"blockG\" id=\"rotateG_07\"><\/div>\n\t\t\t\t<div class=\"blockG\" id=\"rotateG_08\"><\/div>\n\t\t\t<\/div>\n\t\t\t<div class=\"WooZone-cross-sell-loader-text\"><\/div>\n\t\t<\/div>\n\t<\/div>\n\n\t\t\n<\/div>\n<div style=\"clear:both;\"><\/div>\n","protected":false},"excerpt":{"rendered":"Mit vielen gesunden Vitaminen, f\u00fcr einen guten Start in den Tag.\nAus 100% Saft\nEin Glas hohes C (0,25L) deckt den Tagesbedarf an nat\u00fcrlichem Vitamin C","protected":false},"featured_media":9322,"comment_status":"open","ping_status":"closed","template":"","meta":[],"product_cat":[65,67],"product_tag":[],"_links":{"self":[{"href":"https:\/\/food-shop.org\/index.php?rest_route=\/wp\/v2\/product\/9321"}],"collection":[{"href":"https:\/\/food-shop.org\/index.php?rest_route=\/wp\/v2\/product"}],"about":[{"href":"https:\/\/food-shop.org\/index.php?rest_route=\/wp\/v2\/types\/product"}],"replies":[{"embeddable":true,"href":"https:\/\/food-shop.org\/index.php?rest_route=%2Fwp%2Fv2%2Fcomments&post=9321"}],"wp:featuredmedia":[{"embeddable":true,"href":"https:\/\/food-shop.org\/index.php?rest_route=\/wp\/v2\/media\/9322"}],"wp:attachment":[{"href":"https:\/\/food-shop.org\/index.php?rest_route=%2Fwp%2Fv2%2Fmedia&parent=9321"}],"wp:term":[{"taxonomy":"product_cat","embeddable":true,"href":"https:\/\/food-shop.org\/index.php?rest_route=%2Fwp%2Fv2%2Fproduct_cat&post=9321"},{"taxonomy":"product_tag","embeddable":true,"href":"https:\/\/food-shop.org\/index.php?rest_route=%2Fwp%2Fv2%2Fproduct_tag&post=9321"}],"curies":[{"name":"wp","href":"https:\/\/api.w.org\/{rel}","templated":true}]}}