{"id":9274,"date":"2020-08-31T15:41:59","date_gmt":"2020-08-31T15:41:59","guid":{"rendered":"https:\/\/food-shop.org\/?product=rotbaeckchen-lernstark-6er-pack-6-x-700-ml"},"modified":"2023-04-09T17:35:54","modified_gmt":"2023-04-09T17:35:54","slug":"rotbaeckchen-lernstark-6er-pack-6-x-700-ml","status":"publish","type":"product","link":"https:\/\/food-shop.org\/?product=rotbaeckchen-lernstark-6er-pack-6-x-700-ml","title":{"rendered":"ROTB\u00c4CKCHEN Lernstark 6er Pack (6 x 700ml). Mehrfruchtsaft mit Eisen und B-Vitaminen"},"content":{"rendered":"<div class=\"disclaim\"> Gr\u00f6\u00dfe:<strong>6 x 700 ml<\/strong> <\/div>\n<p> <!-- show up to 2 reviews by default --> <\/p>\n<h3>Produktbeschreibung<\/h3>\n<\/p>\n<p>Seit nunmehr \u00fcber 60 Jahren steht Rotb\u00e4ckchen f\u00fcr besonders wertvollen, naturreinen Saft. Generationen sind bis heute mit der magischen Originalformel von Rotb\u00e4ckchen gro\u00df geworden. <\/p>\n<p> Rotb\u00e4ckchen Lernstark ist ein Mehrfruchtsaft, angereichert mit Eisen(II)gluconat und acht B-Vitaminen aus Direkts\u00e4ften. Rotb\u00e4ckchen Lernstark schmeckt nicht nur gut, sondern tr\u00e4gt durch den Eisenzusatz zu einer normalen kognitiven Funktion bei. Die Vitamine B1, B2, Biotin und Pantothens\u00e4ure tragen zu einem normalen Energiestoffwechsel und die Vitamine B6, B12, Nicacin und Fols\u00e4ure zur Verringerung von M\u00fcdigkeit und Erm\u00fcdung bei. <\/p>\n<p> Bereits 100 ml Rotb\u00e4ckchen Lernstark decken gem\u00e4\u00df der EU-Empfehlung den Tagesbedarf an den enthaltenen Vitaminen zu 25 % und an Eisen zu 15 %. <\/p>\n<h3>Inhaltsstoffe \/ Zutaten<\/h3>\n<p>Zutaten: Wei\u00dfer Traubensaft, Apfelsaft, Erdbeermark, Aroniasaft, Holundersaft, Heidelbeersaft, Eisen(II)gluconat, Vitamin B1, B2, B6, B12, Niacin, Pantothenat, Biotin. <\/p>\n<div data-a-expander-name=\"toggle_description\" class=\"a-row a-expander-container a-expander-extend-container\">\n<div class=\"a-expander-content a-expander-extend-content\">\n<h3>Gebrauchsanweisung<\/h3>\n<p>Bitte vor dem \u00d6ffnen die Flasche sch\u00fctteln. <\/p>\n<h3>Anschrift Hersteller\/Importeur<\/h3>\n<p>D-53572 Unkel\/Rhein <\/p>\n<\/p><\/div>\n<p> <a href=\"void(0)\" data-action=\"a-expander-toggle\" class=\"a-expander-header a-declarative a-expander-extend-header\" data-a-expander-toggle=\"{\"><i class=\"a-icon a-icon-extender-expand\"><\/i><span class=\"a-expander-prompt\">Weitere Informationen<\/span><\/a> <\/div>\n<p>Mehrfrucht-Direktsaft<br \/>\nMit Eisen + Vitamin B-Komplex zur Unterst\u00fctzung der Konzentrationsf\u00e4higkeit<br \/>\nF\u00fcr Gro\u00df und Klein aus Direkts\u00e4ften mit Liebe und Sorgfalt hergestellt.<br \/>\nRohstoffe von h\u00f6chster Qualit\u00e4t werden naturbelassen und besonders schonend verarbeitet.<br \/>\n<div class=\"main-cross-sell\" data-asin=\"B00HEBWN3U\">\n\n\t<div class=\"WooZone-cross-sell-loader\">\n\t\t<div>\n\t\t\t<div id=\"floatingBarsG\">\n\t\t\t\t<div class=\"blockG\" id=\"rotateG_01\"><\/div>\n\t\t\t\t<div class=\"blockG\" id=\"rotateG_02\"><\/div>\n\t\t\t\t<div class=\"blockG\" id=\"rotateG_03\"><\/div>\n\t\t\t\t<div class=\"blockG\" id=\"rotateG_04\"><\/div>\n\t\t\t\t<div class=\"blockG\" id=\"rotateG_05\"><\/div>\n\t\t\t\t<div class=\"blockG\" id=\"rotateG_06\"><\/div>\n\t\t\t\t<div class=\"blockG\" id=\"rotateG_07\"><\/div>\n\t\t\t\t<div class=\"blockG\" id=\"rotateG_08\"><\/div>\n\t\t\t<\/div>\n\t\t\t<div class=\"WooZone-cross-sell-loader-text\"><\/div>\n\t\t<\/div>\n\t<\/div>\n\n\t\t\n<\/div>\n<div style=\"clear:both;\"><\/div>\n","protected":false},"excerpt":{"rendered":"Mehrfrucht-Direktsaft\nMit Eisen + Vitamin B-Komplex zur Unterst\u00fctzung der Konzentrationsf\u00e4higkeit\nF\u00fcr Gro\u00df und Klein aus Direkts\u00e4ften mit Liebe und Sorgfalt hergestellt.","protected":false},"featured_media":9275,"comment_status":"open","ping_status":"closed","template":"","meta":[],"product_cat":[65,67],"product_tag":[],"_links":{"self":[{"href":"https:\/\/food-shop.org\/index.php?rest_route=\/wp\/v2\/product\/9274"}],"collection":[{"href":"https:\/\/food-shop.org\/index.php?rest_route=\/wp\/v2\/product"}],"about":[{"href":"https:\/\/food-shop.org\/index.php?rest_route=\/wp\/v2\/types\/product"}],"replies":[{"embeddable":true,"href":"https:\/\/food-shop.org\/index.php?rest_route=%2Fwp%2Fv2%2Fcomments&post=9274"}],"wp:featuredmedia":[{"embeddable":true,"href":"https:\/\/food-shop.org\/index.php?rest_route=\/wp\/v2\/media\/9275"}],"wp:attachment":[{"href":"https:\/\/food-shop.org\/index.php?rest_route=%2Fwp%2Fv2%2Fmedia&parent=9274"}],"wp:term":[{"taxonomy":"product_cat","embeddable":true,"href":"https:\/\/food-shop.org\/index.php?rest_route=%2Fwp%2Fv2%2Fproduct_cat&post=9274"},{"taxonomy":"product_tag","embeddable":true,"href":"https:\/\/food-shop.org\/index.php?rest_route=%2Fwp%2Fv2%2Fproduct_tag&post=9274"}],"curies":[{"name":"wp","href":"https:\/\/api.w.org\/{rel}","templated":true}]}}