{"id":9270,"date":"2020-08-31T15:41:57","date_gmt":"2020-08-31T15:41:57","guid":{"rendered":"https:\/\/food-shop.org\/?product=amecke-sanfte-saefte-pink-grapefruit-apfel-6-x-1-l"},"modified":"2023-04-09T17:35:54","modified_gmt":"2023-04-09T17:35:54","slug":"amecke-sanfte-saefte-pink-grapefruit-apfel-6-x-1-l","status":"publish","type":"product","link":"https:\/\/food-shop.org\/?product=amecke-sanfte-saefte-pink-grapefruit-apfel-6-x-1-l","title":{"rendered":"Amecke Sanfte S\u00e4fte Grapefruit 6x1l (6er Pack)"},"content":{"rendered":"<p><!-- show up to 2 reviews by default --> <\/p>\n<h3>Produktbeschreibung<\/h3>\n<p>Milder Mehrfruchtsaft aus Pink Grapefruit, Apfel und Sweetie. AMECKE SANFTE S\u00c4FTE sind aus sorgf\u00e4ltig ausgesuchten Fr\u00fcchten hergestellt und dadurch sp\u00fcrbar mild. Wir kombinieren ausgew\u00e4hlte Sorten und Anbaugebiete und w\u00e4hlen den besten Erntezeitpunkt. Das macht den Unterschied: Sanfter Geschmack bei voller Fruchtigkeit. <\/p>\n<h3>Inhaltsstoffe \/ Zutaten<\/h3>\n<p>Zutaten: Grapefruitsaft*, Apfelsaft*, Sweetiesaft*, Vitamin C. *aus Fruchtsaftkonzentrat <\/p>\n<div data-a-expander-name=\"toggle_description\" class=\"a-row a-expander-container a-expander-extend-container\">\n<div class=\"a-expander-content a-expander-extend-content\">\n<h3>Warnhinweise<\/h3>\n<p>&#8211; <\/p>\n<h3>Anschrift Hersteller\/Importeur<\/h3>\n<p>D-58706 Menden\/Sauerland <\/p>\n<\/p><\/div>\n<p> <a href=\"void(0)\" data-action=\"a-expander-toggle\" class=\"a-expander-header a-declarative a-expander-extend-header\" data-a-expander-toggle=\"{\"><i class=\"a-icon a-icon-extender-expand\"><\/i><span class=\"a-expander-prompt\">Weitere Informationen<\/span><\/a> <\/div>\n<p>100% Frucht<br \/>\nOhne Zuckerzusatz<br \/>\nIhr herber, bitter-s\u00fc\u00dfer Geschmack macht die Grapefruit so beliebt.<br \/>\nvegan<br \/>\nIn einer Packung steckt der Saft von ca. 1,8 Kg frischen Fr\u00fcchten.<br \/>\n<div class=\"main-cross-sell\" data-asin=\"B07CHRW7BK\">\n\n\t<div class=\"WooZone-cross-sell-loader\">\n\t\t<div>\n\t\t\t<div id=\"floatingBarsG\">\n\t\t\t\t<div class=\"blockG\" id=\"rotateG_01\"><\/div>\n\t\t\t\t<div class=\"blockG\" id=\"rotateG_02\"><\/div>\n\t\t\t\t<div class=\"blockG\" id=\"rotateG_03\"><\/div>\n\t\t\t\t<div class=\"blockG\" id=\"rotateG_04\"><\/div>\n\t\t\t\t<div class=\"blockG\" id=\"rotateG_05\"><\/div>\n\t\t\t\t<div class=\"blockG\" id=\"rotateG_06\"><\/div>\n\t\t\t\t<div class=\"blockG\" id=\"rotateG_07\"><\/div>\n\t\t\t\t<div class=\"blockG\" id=\"rotateG_08\"><\/div>\n\t\t\t<\/div>\n\t\t\t<div class=\"WooZone-cross-sell-loader-text\"><\/div>\n\t\t<\/div>\n\t<\/div>\n\n\t\t\n<\/div>\n<div style=\"clear:both;\"><\/div>\n","protected":false},"excerpt":{"rendered":"100% Frucht\nOhne Zuckerzusatz\nIhr herber, bitter-s\u00fc\u00dfer Geschmack macht die Grapefruit so beliebt.","protected":false},"featured_media":9271,"comment_status":"open","ping_status":"closed","template":"","meta":[],"product_cat":[65,67],"product_tag":[],"_links":{"self":[{"href":"https:\/\/food-shop.org\/index.php?rest_route=\/wp\/v2\/product\/9270"}],"collection":[{"href":"https:\/\/food-shop.org\/index.php?rest_route=\/wp\/v2\/product"}],"about":[{"href":"https:\/\/food-shop.org\/index.php?rest_route=\/wp\/v2\/types\/product"}],"replies":[{"embeddable":true,"href":"https:\/\/food-shop.org\/index.php?rest_route=%2Fwp%2Fv2%2Fcomments&post=9270"}],"wp:featuredmedia":[{"embeddable":true,"href":"https:\/\/food-shop.org\/index.php?rest_route=\/wp\/v2\/media\/9271"}],"wp:attachment":[{"href":"https:\/\/food-shop.org\/index.php?rest_route=%2Fwp%2Fv2%2Fmedia&parent=9270"}],"wp:term":[{"taxonomy":"product_cat","embeddable":true,"href":"https:\/\/food-shop.org\/index.php?rest_route=%2Fwp%2Fv2%2Fproduct_cat&post=9270"},{"taxonomy":"product_tag","embeddable":true,"href":"https:\/\/food-shop.org\/index.php?rest_route=%2Fwp%2Fv2%2Fproduct_tag&post=9270"}],"curies":[{"name":"wp","href":"https:\/\/api.w.org\/{rel}","templated":true}]}}