{"id":9266,"date":"2020-08-31T15:41:55","date_gmt":"2020-08-31T15:41:55","guid":{"rendered":"https:\/\/food-shop.org\/?product=rauch-happy-day-multivitamin-6er-pack-6-x-1-l"},"modified":"2023-04-09T17:35:54","modified_gmt":"2023-04-09T17:35:54","slug":"rauch-happy-day-multivitamin-6er-pack-6-x-1-l","status":"publish","type":"product","link":"https:\/\/food-shop.org\/?product=rauch-happy-day-multivitamin-6er-pack-6-x-1-l","title":{"rendered":"Rauch Happy Day Multivitamin, 6er Pack (6 x 1 l)"},"content":{"rendered":"<div class=\"disclaim\"> Geschmack:<strong>Multivitamin<\/strong> <\/div>\n<p> <!-- show up to 2 reviews by default --> <\/p>\n<h3>Produktbeschreibung<\/h3>\n<p>100% Multivitaminsaft aus Mehrfruchtsaft\/markkonzentrat mit 9 Vitaminen. Eine Genuss-Reise um die Welt. Maracujas aus \u00dcbersee, Mangos aus den Tropen, Ananas aus exotischen L\u00e4ndern und \u00c4pfel aus Europa \u2013 Happy Day Multivitamin schickt Sie bei jedem Schluck auf eine Weltreise. Mit 8 wertvollen Vitaminen im Gep\u00e4ck. <\/p>\n<h3>Inhaltsstoffe \/ Zutaten<\/h3>\n<p>Zutaten: Mehrfruchtsaft aus Mehrfruchtsaftkonzentrat (Apfel, Orange, Birne, Ananas, Traube, Mandarine, Zitrone, Maracuja) und Mehrfruchtmarkkonzentrat (Banane, Apfel, Pfirsich, Mango, Guave, Aprikose), Vitamine (Thiamin, Riboflavin, B6, C, E, Biotin, Calcium-D-pantothenat, Niacin); \u03b2-Carotin. <\/p>\n<div data-a-expander-name=\"toggle_description\" class=\"a-row a-expander-container a-expander-extend-container\">\n<div class=\"a-expander-content a-expander-extend-content\">\n<h3>Gebrauchsanweisung<\/h3>\n<p>Ge\u00f6ffnet gek\u00fchlt 3 Tage haltbar <\/p>\n<h3>Warnhinweise<\/h3>\n<p>Ge\u00f6ffnet gek\u00fchlt 3 Tage haltbar <\/p>\n<h3>Anschrift Hersteller\/Importeur<\/h3>\n<p>Langgasse 1, A-6830 Rankweil, Austria <\/p>\n<\/p><\/div>\n<p> <a href=\"void(0)\" data-action=\"a-expander-toggle\" class=\"a-expander-header a-declarative a-expander-extend-header\" data-a-expander-toggle=\"{\"><i class=\"a-icon a-icon-extender-expand\"><\/i><span class=\"a-expander-prompt\">Weitere Informationen<\/span><\/a> <\/div>\n<p>in bester Rauch-Qualit\u00e4t<br \/>\nVegetarisch &amp; Vegan<br \/>\n100% Fruchtsaft<br \/>\n<div class=\"main-cross-sell\" data-asin=\"B07CMDTK4Z\">\n\n\t<div class=\"WooZone-cross-sell-loader\">\n\t\t<div>\n\t\t\t<div id=\"floatingBarsG\">\n\t\t\t\t<div class=\"blockG\" id=\"rotateG_01\"><\/div>\n\t\t\t\t<div class=\"blockG\" id=\"rotateG_02\"><\/div>\n\t\t\t\t<div class=\"blockG\" id=\"rotateG_03\"><\/div>\n\t\t\t\t<div class=\"blockG\" id=\"rotateG_04\"><\/div>\n\t\t\t\t<div class=\"blockG\" id=\"rotateG_05\"><\/div>\n\t\t\t\t<div class=\"blockG\" id=\"rotateG_06\"><\/div>\n\t\t\t\t<div class=\"blockG\" id=\"rotateG_07\"><\/div>\n\t\t\t\t<div class=\"blockG\" id=\"rotateG_08\"><\/div>\n\t\t\t<\/div>\n\t\t\t<div class=\"WooZone-cross-sell-loader-text\"><\/div>\n\t\t<\/div>\n\t<\/div>\n\n\t\t\n<\/div>\n<div style=\"clear:both;\"><\/div>\n","protected":false},"excerpt":{"rendered":"in bester Rauch-Qualit\u00e4t\nVegetarisch &amp; Vegan\n100% Fruchtsaft","protected":false},"featured_media":9267,"comment_status":"open","ping_status":"closed","template":"","meta":[],"product_cat":[65,67],"product_tag":[],"_links":{"self":[{"href":"https:\/\/food-shop.org\/index.php?rest_route=\/wp\/v2\/product\/9266"}],"collection":[{"href":"https:\/\/food-shop.org\/index.php?rest_route=\/wp\/v2\/product"}],"about":[{"href":"https:\/\/food-shop.org\/index.php?rest_route=\/wp\/v2\/types\/product"}],"replies":[{"embeddable":true,"href":"https:\/\/food-shop.org\/index.php?rest_route=%2Fwp%2Fv2%2Fcomments&post=9266"}],"wp:featuredmedia":[{"embeddable":true,"href":"https:\/\/food-shop.org\/index.php?rest_route=\/wp\/v2\/media\/9267"}],"wp:attachment":[{"href":"https:\/\/food-shop.org\/index.php?rest_route=%2Fwp%2Fv2%2Fmedia&parent=9266"}],"wp:term":[{"taxonomy":"product_cat","embeddable":true,"href":"https:\/\/food-shop.org\/index.php?rest_route=%2Fwp%2Fv2%2Fproduct_cat&post=9266"},{"taxonomy":"product_tag","embeddable":true,"href":"https:\/\/food-shop.org\/index.php?rest_route=%2Fwp%2Fv2%2Fproduct_tag&post=9266"}],"curies":[{"name":"wp","href":"https:\/\/api.w.org\/{rel}","templated":true}]}}