{"id":9258,"date":"2020-08-31T15:41:52","date_gmt":"2020-08-31T15:41:52","guid":{"rendered":"https:\/\/food-shop.org\/?product=hohes-c-multivitamin-100-saft-12er-pack-12-x-500-ml"},"modified":"2023-04-09T17:35:54","modified_gmt":"2023-04-09T17:35:54","slug":"hohes-c-multivitamin-100-saft-12er-pack-12-x-500-ml","status":"publish","type":"product","link":"https:\/\/food-shop.org\/?product=hohes-c-multivitamin-100-saft-12er-pack-12-x-500-ml","title":{"rendered":"hohes C Multivitamin &#8211; 100% Saft, 12er Pack (12 x 500 ml)"},"content":{"rendered":"<p><!-- show up to 2 reviews by default --> <\/p>\n<h3>Produktbeschreibung<\/h3>\n<\/p>\n<div class=\"aplus\"> <b>hohes C Multivitamin<\/b><\/p>\n<p>Sch\u00f6n, dass uns die Natur mit einem gro\u00dfen Angebot an Fr\u00fcchten so reichhaltig beschenkt. Aus \u00c4pfeln, Orangen, Ananas, Maracuja, Mango, Zitrone sowie Bananen- und Nektarinenmark machen wir unser hohes C Multivitamin. Mit vielen gesunden Vitaminen, f\u00fcr einen guten Start in den Tag.<\/p>\n<p>Und das Beste: 1 Glas (0,25 L) hohes C deckt bereits Ihren t\u00e4glichen Bedarf an Vitamin C \u2013 sowie an 9 weiteren wichtigen Vitaminen. Vitamin C tr\u00e4gt zu einer normalen Funktion des Immunsystems bei. <\/p>\n<\/p><\/div>\n<h3>Inhaltsstoffe \/ Zutaten<\/h3>\n<p>Zutaten: Mehrfruchtsaft aus Mehrfruchtsaftkonzentraten (Apfel, Orange, Ananas, Acerola, Maracuja, Mango, Zitrone), Bananen- und Nektarinenmark, Niacin, Vitamin E, Pantothens\u00e4ure, Beta-Carotin, Vitamin B6, Vitamin B2, Vitamin B1, Fols\u00e4ure, Biotin, Vitamin B12. <\/p>\n<div data-a-expander-name=\"toggle_description\" class=\"a-row a-expander-container a-expander-extend-container\">\n<div class=\"a-expander-content a-expander-extend-content\">\n<h3>Gebrauchsanweisung<\/h3>\n<p>Verzehrfertig <\/p>\n<h3>Anschrift Hersteller\/Importeur<\/h3>\n<p>Ludwig-Eckes-Platz 1, 55268 Nieder-Olm <\/p>\n<\/p><\/div>\n<p> <a href=\"void(0)\" data-action=\"a-expander-toggle\" class=\"a-expander-header a-declarative a-expander-extend-header\" data-a-expander-toggle=\"{\"><i class=\"a-icon a-icon-extender-expand\"><\/i><span class=\"a-expander-prompt\">Weitere Informationen<\/span><\/a> <\/div>\n<p>ohne Zusatz von Zucker<br \/>\nreich an nat\u00fcrlichem Vitamin C<br \/>\nangereichert mit 9 weiteren Vitaminen<br \/>\nOhne Pfand!<br \/>\nQUALIT\u00c4TSGARANTIE<br \/>\nMit vielen gesunden Vitaminen, f\u00fcr einen guten Start in den Tag.^100% Saft^Schon ein Glas (0,25L) deckt den Tagesbedarf an 10 wichtigen Vitaminen^Ohne Zusatz von Zucker^Ohne Pfand<br \/>\n<div class=\"main-cross-sell\" data-asin=\"B002RAJIJK\">\n\n\t<div class=\"WooZone-cross-sell-loader\">\n\t\t<div>\n\t\t\t<div id=\"floatingBarsG\">\n\t\t\t\t<div class=\"blockG\" id=\"rotateG_01\"><\/div>\n\t\t\t\t<div class=\"blockG\" id=\"rotateG_02\"><\/div>\n\t\t\t\t<div class=\"blockG\" id=\"rotateG_03\"><\/div>\n\t\t\t\t<div class=\"blockG\" id=\"rotateG_04\"><\/div>\n\t\t\t\t<div class=\"blockG\" id=\"rotateG_05\"><\/div>\n\t\t\t\t<div class=\"blockG\" id=\"rotateG_06\"><\/div>\n\t\t\t\t<div class=\"blockG\" id=\"rotateG_07\"><\/div>\n\t\t\t\t<div class=\"blockG\" id=\"rotateG_08\"><\/div>\n\t\t\t<\/div>\n\t\t\t<div class=\"WooZone-cross-sell-loader-text\"><\/div>\n\t\t<\/div>\n\t<\/div>\n\n\t\t\n<\/div>\n<div style=\"clear:both;\"><\/div>\n","protected":false},"excerpt":{"rendered":"ohne Zusatz von Zucker\nreich an nat\u00fcrlichem Vitamin C\nangereichert mit 9 weiteren Vitaminen","protected":false},"featured_media":9259,"comment_status":"open","ping_status":"closed","template":"","meta":[],"product_cat":[65,67],"product_tag":[],"_links":{"self":[{"href":"https:\/\/food-shop.org\/index.php?rest_route=\/wp\/v2\/product\/9258"}],"collection":[{"href":"https:\/\/food-shop.org\/index.php?rest_route=\/wp\/v2\/product"}],"about":[{"href":"https:\/\/food-shop.org\/index.php?rest_route=\/wp\/v2\/types\/product"}],"replies":[{"embeddable":true,"href":"https:\/\/food-shop.org\/index.php?rest_route=%2Fwp%2Fv2%2Fcomments&post=9258"}],"wp:featuredmedia":[{"embeddable":true,"href":"https:\/\/food-shop.org\/index.php?rest_route=\/wp\/v2\/media\/9259"}],"wp:attachment":[{"href":"https:\/\/food-shop.org\/index.php?rest_route=%2Fwp%2Fv2%2Fmedia&parent=9258"}],"wp:term":[{"taxonomy":"product_cat","embeddable":true,"href":"https:\/\/food-shop.org\/index.php?rest_route=%2Fwp%2Fv2%2Fproduct_cat&post=9258"},{"taxonomy":"product_tag","embeddable":true,"href":"https:\/\/food-shop.org\/index.php?rest_route=%2Fwp%2Fv2%2Fproduct_tag&post=9258"}],"curies":[{"name":"wp","href":"https:\/\/api.w.org\/{rel}","templated":true}]}}