{"id":9241,"date":"2020-08-31T15:41:44","date_gmt":"2020-08-31T15:41:44","guid":{"rendered":"https:\/\/food-shop.org\/?product=bio-cranberry-muttersaft-100-direktsaft-3-liter"},"modified":"2023-04-09T17:35:53","modified_gmt":"2023-04-09T17:35:53","slug":"bio-cranberry-muttersaft-100-direktsaft-3-liter","status":"publish","type":"product","link":"https:\/\/food-shop.org\/?product=bio-cranberry-muttersaft-100-direktsaft-3-liter","title":{"rendered":"Tilia BIO Cranberry Muttersaft &#8211; 100% Direktsaft 3 Liter"},"content":{"rendered":"<div class=\"disclaim\"> Gr\u00f6\u00dfe:<strong>3 l (1er Pack)<\/strong> <\/div>\n<p> <!-- show up to 2 reviews by default --> <\/p>\n<h3>Produktbeschreibungen<\/h3>\n<p>Unser BIO Cranberry Muttersaft wird aus gesunden und reifen BIO Cranberries hergestellt. Die auch Gro\u00dffr\u00fcchtige Moosbeere oder Kranbeere genannte Pflanze ist verwandt mit der Preiselbeere. Der Saft enth\u00e4lt keine Zus\u00e4tze und ist frei von Verunreinigungen. Dieses hochwertige Naturprodukt von tiefroter Farbe wird unter gr\u00f6\u00dfter Sorgfalt schonend in Saftboxen abgef\u00fcllt. Dieser au\u00dfergew\u00f6hnliche Direktsaft ist harmonisch und rein im Geschmack. In dem Karton befindet sich ein lebensmittelechter Innenbeutel mit Zapfhahn. Der Zapfhahn l\u00e4sst sich leicht \u00fcber die Perforation an der Seite der Saftbox installieren. Durch das verwendete System ist der BIO Cranberry Muttersaft nach dem \u00d6ffnen 3 Monate bei Zimmertemperatur haltbar. Der Saft ist optimal gesch\u00fctzt und bleibt frisch bis zum letzten Glas. Hergestellt in Deutschland &#8211; Ursprungsland der Rohstoffe: Kanada &#8211; Die N\u00e4hrwertangaben beziehen sich auf 100 g BIO Cranberry Muttersaft. <\/p>\n<h3>Inhaltsstoffe \/ Zutaten<\/h3>\n<p>BIO Cranberry Muttersaft (100%) <\/p>\n<p>aus kontrolliert biologischem Anbau ( kbA ) mit hohem Gehalt an starken Antioxidantien<br \/>\nDer Saft enth\u00e4lt keine Zus\u00e4tze und ist frei von Verunreinigungen.<br \/>\nUnser BIO Cranberry Muttersaft wird aus gesunden und reifen BIO Cranberries hergestellt. Die auch Gro\u00dffr\u00fcchtige Moosbeere oder Kranbeere genannte Pflanze ist verwandt mit der Preiselbeere. Der Saft enth\u00e4lt keine Zus\u00e4tze und ist frei von Verunreinigungen. Dieses hochwertige Naturprodukt von tiefroter Farbe wird unter gr\u00f6\u00dfter Sorgfalt schonend in Saftboxen abgef\u00fcllt. Dieser au\u00dfergew\u00f6hnliche Direktsaft ist harmonisch und rein im Geschmack.<br \/>\nIn dem Karton befindet sich ein lebensmittelechter Innenbeutel mit Zapfhahn. Der Zapfhahn l\u00e4sst sich leicht \u00fcber die Perforation an der Seite der Saftbox installieren. Durch das verwendete System ist der BIO Cranberry Muttersaft nach dem \u00d6ffnen 3 Monate bei Zimmertemperatur haltbar. Der Saft ist optimal gesch\u00fctzt und bleibt frisch bis zum letzten Glas.<br \/>\nHergestellt in Deutschland &#8211; Ursprungsland der Rohstoffe: Kanada &#8211; Die N\u00e4hrwertangaben beziehen sich auf 100 g BIO Cranberry Muttersaft.<br \/>\n<div class=\"main-cross-sell\" data-asin=\"B00Q1E8380\">\n\n\t<div class=\"WooZone-cross-sell-loader\">\n\t\t<div>\n\t\t\t<div id=\"floatingBarsG\">\n\t\t\t\t<div class=\"blockG\" id=\"rotateG_01\"><\/div>\n\t\t\t\t<div class=\"blockG\" id=\"rotateG_02\"><\/div>\n\t\t\t\t<div class=\"blockG\" id=\"rotateG_03\"><\/div>\n\t\t\t\t<div class=\"blockG\" id=\"rotateG_04\"><\/div>\n\t\t\t\t<div class=\"blockG\" id=\"rotateG_05\"><\/div>\n\t\t\t\t<div class=\"blockG\" id=\"rotateG_06\"><\/div>\n\t\t\t\t<div class=\"blockG\" id=\"rotateG_07\"><\/div>\n\t\t\t\t<div class=\"blockG\" id=\"rotateG_08\"><\/div>\n\t\t\t<\/div>\n\t\t\t<div class=\"WooZone-cross-sell-loader-text\"><\/div>\n\t\t<\/div>\n\t<\/div>\n\n\t\t\n<\/div>\n<div style=\"clear:both;\"><\/div>\n","protected":false},"excerpt":{"rendered":"aus kontrolliert biologischem Anbau ( kbA ) mit hohem Gehalt an starken Antioxidantien\nDer Saft enth\u00e4lt keine Zus\u00e4tze und ist frei von Verunreinigungen.\nUnser BIO Cranberry Muttersaft wird aus gesunden und reifen BIO Cranberries hergestellt. Die auch Gro\u00dffr\u00fcchtige Moosbeere oder Kranbeere genannte Pflanze ist verwandt mit der Preiselbeere. Der Saft enth\u00e4lt keine Zus\u00e4tze und ist frei von Verunreinigungen. Dieses hochwertige Naturprodukt von tiefroter Farbe wird unter gr\u00f6\u00dfter Sorgfalt schonend in Saftboxen abgef\u00fcllt. Dieser au\u00dfergew\u00f6hnliche Direktsaft ist harmonisch und rein im Geschmack.","protected":false},"featured_media":9242,"comment_status":"open","ping_status":"closed","template":"","meta":[],"product_cat":[65,67],"product_tag":[],"_links":{"self":[{"href":"https:\/\/food-shop.org\/index.php?rest_route=\/wp\/v2\/product\/9241"}],"collection":[{"href":"https:\/\/food-shop.org\/index.php?rest_route=\/wp\/v2\/product"}],"about":[{"href":"https:\/\/food-shop.org\/index.php?rest_route=\/wp\/v2\/types\/product"}],"replies":[{"embeddable":true,"href":"https:\/\/food-shop.org\/index.php?rest_route=%2Fwp%2Fv2%2Fcomments&post=9241"}],"wp:featuredmedia":[{"embeddable":true,"href":"https:\/\/food-shop.org\/index.php?rest_route=\/wp\/v2\/media\/9242"}],"wp:attachment":[{"href":"https:\/\/food-shop.org\/index.php?rest_route=%2Fwp%2Fv2%2Fmedia&parent=9241"}],"wp:term":[{"taxonomy":"product_cat","embeddable":true,"href":"https:\/\/food-shop.org\/index.php?rest_route=%2Fwp%2Fv2%2Fproduct_cat&post=9241"},{"taxonomy":"product_tag","embeddable":true,"href":"https:\/\/food-shop.org\/index.php?rest_route=%2Fwp%2Fv2%2Fproduct_tag&post=9241"}],"curies":[{"name":"wp","href":"https:\/\/api.w.org\/{rel}","templated":true}]}}