{"id":9221,"date":"2020-08-31T15:41:36","date_gmt":"2020-08-31T15:41:36","guid":{"rendered":"https:\/\/food-shop.org\/?product=antioxidantien-gelb-6x1l-ew"},"modified":"2023-04-09T17:35:53","modified_gmt":"2023-04-09T17:35:53","slug":"antioxidantien-gelb-6x1l-ew","status":"publish","type":"product","link":"https:\/\/food-shop.org\/?product=antioxidantien-gelb-6x1l-ew","title":{"rendered":"Amecke, + Antioxidantien gelb 6er Pack (6x1l)"},"content":{"rendered":"<p><!-- show up to 2 reviews by default --> <\/p>\n<h3>Produktbeschreibung<\/h3>\n<p>Exotisch und zitrusfrischer Geschmack nach Orange, Pink Grapefruit, exotischer Guave, gelber Kiwi, Ananas, Physalis und vielen weiteren Fr\u00fcchten. Versorge dich mit den Antioxidantien C + E in einem 100% Saft aus verschiedenen Fr\u00fcchten mit exotisch-frischem Geschmack. Eine abwechslungsreiche, ausgewogene Ern\u00e4hrung und eine gesunde Lebensweise sind wichtig. Amecke + Antioxidantien gelb kann dazu beitragen. Ein Glas (0,2l) deckt 30% der Referenzwerte f\u00fcr die t\u00e4gliche Zufuhr der Vitamine C und E. <\/p>\n<h3>Inhaltsstoffe \/ Zutaten<\/h3>\n<p>Zutaten: Orangensaft- und Apfelsaft aus Fruchtsaftkonzentraten, gelbes Kiwimark, roter Grapefruitsaft aus Grapefruitsaftkonzentrat, Mandarinensaft, Ananassaft aus Ananassaftkonzentrat, Guavenmark, Ananassaft, roter Grapefruitsaft, Sanddornsaft-, Maracujasaft-, und Hagebuttensaft aus Fruchtsaftkonzentraten, Physalismark, Vitamin C, Vitamin E <\/p>\n<div data-a-expander-name=\"toggle_description\" class=\"a-row a-expander-container a-expander-extend-container\">\n<div class=\"a-expander-content a-expander-extend-content\">\n<h3>Anschrift Hersteller\/Importeur<\/h3>\n<p>D-58706 Menden\/Sauerland <\/p>\n<\/p><\/div>\n<p> <a href=\"void(0)\" data-action=\"a-expander-toggle\" class=\"a-expander-header a-declarative a-expander-extend-header\" data-a-expander-toggle=\"{\"><i class=\"a-icon a-icon-extender-expand\"><\/i><span class=\"a-expander-prompt\">Weitere Informationen<\/span><\/a> <\/div>\n<p>100% Frucht<br \/>\nOhne Zuckerzusatz<br \/>\nvegan<br \/>\nWozu Vitamin C und E? Sie sind beteiligt am Schutz der Zellen vor oxidativem Stress. Als oxidativen Stress bezeichnet man die Wirkung von freien Radikalen auf die Zellen. Diese k\u00f6nnen durch eine unausgewogene Ern\u00e4hrung, ungesunde Lebensweise und Umweltbelastung entstehen.<br \/>\n<div class=\"main-cross-sell\" data-asin=\"B013Q88U8Q\">\n\n\t<div class=\"WooZone-cross-sell-loader\">\n\t\t<div>\n\t\t\t<div id=\"floatingBarsG\">\n\t\t\t\t<div class=\"blockG\" id=\"rotateG_01\"><\/div>\n\t\t\t\t<div class=\"blockG\" id=\"rotateG_02\"><\/div>\n\t\t\t\t<div class=\"blockG\" id=\"rotateG_03\"><\/div>\n\t\t\t\t<div class=\"blockG\" id=\"rotateG_04\"><\/div>\n\t\t\t\t<div class=\"blockG\" id=\"rotateG_05\"><\/div>\n\t\t\t\t<div class=\"blockG\" id=\"rotateG_06\"><\/div>\n\t\t\t\t<div class=\"blockG\" id=\"rotateG_07\"><\/div>\n\t\t\t\t<div class=\"blockG\" id=\"rotateG_08\"><\/div>\n\t\t\t<\/div>\n\t\t\t<div class=\"WooZone-cross-sell-loader-text\"><\/div>\n\t\t<\/div>\n\t<\/div>\n\n\t\t\n<\/div>\n<div style=\"clear:both;\"><\/div>\n","protected":false},"excerpt":{"rendered":"100% Frucht\nOhne Zuckerzusatz\nvegan","protected":false},"featured_media":9222,"comment_status":"open","ping_status":"closed","template":"","meta":[],"product_cat":[65,67],"product_tag":[],"_links":{"self":[{"href":"https:\/\/food-shop.org\/index.php?rest_route=\/wp\/v2\/product\/9221"}],"collection":[{"href":"https:\/\/food-shop.org\/index.php?rest_route=\/wp\/v2\/product"}],"about":[{"href":"https:\/\/food-shop.org\/index.php?rest_route=\/wp\/v2\/types\/product"}],"replies":[{"embeddable":true,"href":"https:\/\/food-shop.org\/index.php?rest_route=%2Fwp%2Fv2%2Fcomments&post=9221"}],"wp:featuredmedia":[{"embeddable":true,"href":"https:\/\/food-shop.org\/index.php?rest_route=\/wp\/v2\/media\/9222"}],"wp:attachment":[{"href":"https:\/\/food-shop.org\/index.php?rest_route=%2Fwp%2Fv2%2Fmedia&parent=9221"}],"wp:term":[{"taxonomy":"product_cat","embeddable":true,"href":"https:\/\/food-shop.org\/index.php?rest_route=%2Fwp%2Fv2%2Fproduct_cat&post=9221"},{"taxonomy":"product_tag","embeddable":true,"href":"https:\/\/food-shop.org\/index.php?rest_route=%2Fwp%2Fv2%2Fproduct_tag&post=9221"}],"curies":[{"name":"wp","href":"https:\/\/api.w.org\/{rel}","templated":true}]}}