{"id":9205,"date":"2020-08-31T15:41:29","date_gmt":"2020-08-31T15:41:29","guid":{"rendered":"https:\/\/food-shop.org\/?product=rabenhorst-cranberry-muttersaft-6er-pack-6-x-0-7-l"},"modified":"2023-04-09T17:35:53","modified_gmt":"2023-04-09T17:35:53","slug":"rabenhorst-cranberry-muttersaft-6er-pack-6-x-0-7-l","status":"publish","type":"product","link":"https:\/\/food-shop.org\/?product=rabenhorst-cranberry-muttersaft-6er-pack-6-x-0-7-l","title":{"rendered":"Rabenhorst Cranberry Muttersaft, 6er Pack (6 x 0.7 l)"},"content":{"rendered":"<div class=\"disclaim\"> Gr\u00f6\u00dfe:<strong>6 x 700 ml<\/strong> <\/div>\n<p> <!-- show up to 2 reviews by default --> <\/p>\n<h3>Produktbeschreibung<\/h3>\n<p>Aus sorgf\u00e4ltig ausgew\u00e4hlten, original nordamerikanischen Cranberries von bester Qualit\u00e4t entsteht in der hauseigenen Rabenhorst-Kelterei der einzigartige Cranberrysaft erster G\u00fcte. Die erlesenen Beeren werden nur einmal gepresst. So entsteht ein wirklich purer Direktsaft mit der ganzen F\u00fclle seiner nat\u00fcrlichen Inhaltsstoffe. Trinken Sie t\u00e4glich 75 ml pur oder nach Belieben verd\u00fcnnt. Eine kurm\u00e4\u00dfige Anwendung \u00fcber einen Zeitraum von 6-8 Wochen ist besonders empfehlenswert. <\/p>\n<h3>Inhaltsstoffe \/ Zutaten<\/h3>\n<p>Zutaten: Cranberrysaft <\/p>\n<div data-a-expander-name=\"toggle_description\" class=\"a-row a-expander-container a-expander-extend-container\">\n<div class=\"a-expander-content a-expander-extend-content\">\n<h3>Gebrauchsanweisung<\/h3>\n<p>Bitte vor dem \u00d6ffnen die Flasche sch\u00fctteln. <\/p>\n<h3>Anschrift Hersteller\/Importeur<\/h3>\n<p>D-53572 Unkel\/Rhein <\/p>\n<\/p><\/div>\n<p> <a href=\"void(0)\" data-action=\"a-expander-toggle\" class=\"a-expander-header a-declarative a-expander-extend-header\" data-a-expander-toggle=\"{\"><i class=\"a-icon a-icon-extender-expand\"><\/i><span class=\"a-expander-prompt\">Weitere Informationen<\/span><\/a> <\/div>\n<p>Vaccinium Macrocarpon &#8211; das Original aus Nordamerika<br \/>\n100 % purer Direktsaft aus erster Pressung<br \/>\n100 % Fruchtgehalt<br \/>\nschonend verarbeitet in der hauseigenen Kelterei<br \/>\nherb-fruchtiger Geschmack<br \/>\n<div class=\"main-cross-sell\" data-asin=\"B00JQDIJE6\">\n\n\t<div class=\"WooZone-cross-sell-loader\">\n\t\t<div>\n\t\t\t<div id=\"floatingBarsG\">\n\t\t\t\t<div class=\"blockG\" id=\"rotateG_01\"><\/div>\n\t\t\t\t<div class=\"blockG\" id=\"rotateG_02\"><\/div>\n\t\t\t\t<div class=\"blockG\" id=\"rotateG_03\"><\/div>\n\t\t\t\t<div class=\"blockG\" id=\"rotateG_04\"><\/div>\n\t\t\t\t<div class=\"blockG\" id=\"rotateG_05\"><\/div>\n\t\t\t\t<div class=\"blockG\" id=\"rotateG_06\"><\/div>\n\t\t\t\t<div class=\"blockG\" id=\"rotateG_07\"><\/div>\n\t\t\t\t<div class=\"blockG\" id=\"rotateG_08\"><\/div>\n\t\t\t<\/div>\n\t\t\t<div class=\"WooZone-cross-sell-loader-text\"><\/div>\n\t\t<\/div>\n\t<\/div>\n\n\t\t\n<\/div>\n<div style=\"clear:both;\"><\/div>\n","protected":false},"excerpt":{"rendered":"Vaccinium Macrocarpon - das Original aus Nordamerika\n100 % purer Direktsaft aus erster Pressung\n100 % Fruchtgehalt","protected":false},"featured_media":9206,"comment_status":"open","ping_status":"closed","template":"","meta":[],"product_cat":[65,67],"product_tag":[],"_links":{"self":[{"href":"https:\/\/food-shop.org\/index.php?rest_route=\/wp\/v2\/product\/9205"}],"collection":[{"href":"https:\/\/food-shop.org\/index.php?rest_route=\/wp\/v2\/product"}],"about":[{"href":"https:\/\/food-shop.org\/index.php?rest_route=\/wp\/v2\/types\/product"}],"replies":[{"embeddable":true,"href":"https:\/\/food-shop.org\/index.php?rest_route=%2Fwp%2Fv2%2Fcomments&post=9205"}],"wp:featuredmedia":[{"embeddable":true,"href":"https:\/\/food-shop.org\/index.php?rest_route=\/wp\/v2\/media\/9206"}],"wp:attachment":[{"href":"https:\/\/food-shop.org\/index.php?rest_route=%2Fwp%2Fv2%2Fmedia&parent=9205"}],"wp:term":[{"taxonomy":"product_cat","embeddable":true,"href":"https:\/\/food-shop.org\/index.php?rest_route=%2Fwp%2Fv2%2Fproduct_cat&post=9205"},{"taxonomy":"product_tag","embeddable":true,"href":"https:\/\/food-shop.org\/index.php?rest_route=%2Fwp%2Fv2%2Fproduct_tag&post=9205"}],"curies":[{"name":"wp","href":"https:\/\/api.w.org\/{rel}","templated":true}]}}