{"id":9197,"date":"2020-08-31T15:41:25","date_gmt":"2020-08-31T15:41:25","guid":{"rendered":"https:\/\/food-shop.org\/?product=flawsome-suess-saurer-apfel-leicht-sprudelnder-saft-24x250ml"},"modified":"2023-04-09T17:35:53","modified_gmt":"2023-04-09T17:35:53","slug":"flawsome-suess-saurer-apfel-leicht-sprudelnder-saft-24x250ml","status":"publish","type":"product","link":"https:\/\/food-shop.org\/?product=flawsome-suess-saurer-apfel-leicht-sprudelnder-saft-24x250ml","title":{"rendered":"Flawsome !\u00a0S\u00fc\u00df-saurer Apfel leicht sprudelnder Saft (24x250ml)"},"content":{"rendered":"<p><!-- show up to 2 reviews by default --> <\/p>\n<p>Inspiriert von den leckeren Rezepten unserer Nan speichern wir unvollkommene Fr\u00fcchte, f\u00fcgen erfrischendes Sprudelwasser hinzu und verwandeln es in perfekt zubereitete sprudelnde Getr\u00e4nke. Von unserem Logo bis zu unseren Boxen verwandeln wir das Unerw\u00fcnschte in etwas Fehlerhaftes. Fairer f\u00fcr Landwirte. Speichern der abgelehnten. Besser f\u00fcr den Planeten. <\/p>\n<p>\u00f0\u0178 \u017d IMPERFECT APPLES &#8211; verwandelt sich in ein perfekt verarbeitetes kohlens\u00e4urehaltiges Fruchtwasser<br \/>\n\u00f0\u0178 &#8218;\u203a60 KCAL &#8211; kalorienarm, nur 60 kcal pro Dose<br \/>\n\u00f0\u0178 \u00ac ABSOLUT NICHTS K\u00dcNSTLICHES &#8211; Aus \u00fcbersch\u00fcssigen und wackeligen Fr\u00fcchten hergestellt, werden weder Zucker noch S\u00fc\u00dfstoffe zugesetzt<br \/>\n\u00f0\u0178\u0161\u0153 FAIRER TO FARMERS &#8211; Unterst\u00fctzung der Landwirte durch faire Bezahlung ihres Produkts, Rettung der Abgelehnten, Hilfe f\u00fcr den Planeten<br \/>\n&#8222;NACHHALTIGE VERPACKUNG &#8211; BPA-freie Verpackung&#8220;<br \/>\n<div class=\"main-cross-sell\" data-asin=\"B07ZTKS3FF\">\n\n\t<div class=\"WooZone-cross-sell-loader\">\n\t\t<div>\n\t\t\t<div id=\"floatingBarsG\">\n\t\t\t\t<div class=\"blockG\" id=\"rotateG_01\"><\/div>\n\t\t\t\t<div class=\"blockG\" id=\"rotateG_02\"><\/div>\n\t\t\t\t<div class=\"blockG\" id=\"rotateG_03\"><\/div>\n\t\t\t\t<div class=\"blockG\" id=\"rotateG_04\"><\/div>\n\t\t\t\t<div class=\"blockG\" id=\"rotateG_05\"><\/div>\n\t\t\t\t<div class=\"blockG\" id=\"rotateG_06\"><\/div>\n\t\t\t\t<div class=\"blockG\" id=\"rotateG_07\"><\/div>\n\t\t\t\t<div class=\"blockG\" id=\"rotateG_08\"><\/div>\n\t\t\t<\/div>\n\t\t\t<div class=\"WooZone-cross-sell-loader-text\"><\/div>\n\t\t<\/div>\n\t<\/div>\n\n\t\t\n<\/div>\n<div style=\"clear:both;\"><\/div>\n","protected":false},"excerpt":{"rendered":"\u00f0\u0178 \u017d IMPERFECT APPLES - verwandelt sich in ein perfekt verarbeitetes kohlens\u00e4urehaltiges Fruchtwasser\n\u00f0\u0178 '\u203a60 KCAL - kalorienarm, nur 60 kcal pro Dose\n\u00f0\u0178 \u00ac ABSOLUT NICHTS K\u00dcNSTLICHES - Aus \u00fcbersch\u00fcssigen und wackeligen Fr\u00fcchten hergestellt, werden weder Zucker noch S\u00fc\u00dfstoffe zugesetzt","protected":false},"featured_media":9198,"comment_status":"open","ping_status":"closed","template":"","meta":[],"product_cat":[65,67],"product_tag":[],"_links":{"self":[{"href":"https:\/\/food-shop.org\/index.php?rest_route=\/wp\/v2\/product\/9197"}],"collection":[{"href":"https:\/\/food-shop.org\/index.php?rest_route=\/wp\/v2\/product"}],"about":[{"href":"https:\/\/food-shop.org\/index.php?rest_route=\/wp\/v2\/types\/product"}],"replies":[{"embeddable":true,"href":"https:\/\/food-shop.org\/index.php?rest_route=%2Fwp%2Fv2%2Fcomments&post=9197"}],"wp:featuredmedia":[{"embeddable":true,"href":"https:\/\/food-shop.org\/index.php?rest_route=\/wp\/v2\/media\/9198"}],"wp:attachment":[{"href":"https:\/\/food-shop.org\/index.php?rest_route=%2Fwp%2Fv2%2Fmedia&parent=9197"}],"wp:term":[{"taxonomy":"product_cat","embeddable":true,"href":"https:\/\/food-shop.org\/index.php?rest_route=%2Fwp%2Fv2%2Fproduct_cat&post=9197"},{"taxonomy":"product_tag","embeddable":true,"href":"https:\/\/food-shop.org\/index.php?rest_route=%2Fwp%2Fv2%2Fproduct_tag&post=9197"}],"curies":[{"name":"wp","href":"https:\/\/api.w.org\/{rel}","templated":true}]}}