{"id":9189,"date":"2020-08-31T15:41:22","date_gmt":"2020-08-31T15:41:22","guid":{"rendered":"https:\/\/food-shop.org\/?product=rotbaeckchen-vital-eisen-formel-3er-pack-3-x-450-ml"},"modified":"2023-04-09T17:35:53","modified_gmt":"2023-04-09T17:35:53","slug":"rotbaeckchen-vital-eisen-formel-3er-pack-3-x-450-ml","status":"publish","type":"product","link":"https:\/\/food-shop.org\/?product=rotbaeckchen-vital-eisen-formel-3er-pack-3-x-450-ml","title":{"rendered":"Rotb\u00e4ckchen Vital Eisen Formel, 3er Pack (3 x 450 ml)"},"content":{"rendered":"<p><!-- show up to 2 reviews by default --> <\/p>\n<h3>Produktbeschreibung<\/h3>\n<p>Gr\u00f6\u00dfe:3 x 450 ml Gebrauchsanweisung Keine Anweisung Warnhinweise F\u00fcr kleine Kinder unzug\u00e4nglich aufbewahren. Nicht einnehmen bei Eisenspeicherkrankheit. Anschrift Hersteller\/Importeur D-53572 Unkel\/Rhein F\u00fcr kleine Kinder unzug\u00e4nglich aufbewahren. Nicht einnehmen bei Eisenspeicherkrankheit. <\/p>\n<h3>Inhaltsstoffe \/ Zutaten<\/h3>\n<p>Zutaten: Roter Traubensaft, Aroniasaft, Holundersaft, Kirschsaft, Brombeersaft, Eisen(II)gluconat, Vitamin C, B12, B6, B2, B1. <\/p>\n<div data-a-expander-name=\"toggle_description\" class=\"a-row a-expander-container a-expander-extend-container\">\n<div class=\"a-expander-content a-expander-extend-content\">\n<h3>Gebrauchsanweisung<\/h3>\n<p>Keine Anweisung <\/p>\n<h3>Warnhinweise<\/h3>\n<p>F\u00fcr kleine Kinder unzug\u00e4nglich aufbewahren. Nicht einnehmen bei Eisenspeicherkrankheit. <\/p>\n<h3>Anschrift Hersteller\/Importeur<\/h3>\n<p>D-53572 Unkel\/Rhein <\/p>\n<\/p><\/div>\n<p> <a href=\"void(0)\" data-action=\"a-expander-toggle\" class=\"a-expander-header a-declarative a-expander-extend-header\" data-a-expander-toggle=\"{\"><i class=\"a-icon a-icon-extender-expand\"><\/i><span class=\"a-expander-prompt\">Weitere Informationen<\/span><\/a> <\/div>\n<p>Zur Unterst\u00fctzung des Energiestoffwechsels<br \/>\nVitamin C f\u00fcr eine verbesserte Eisenaufnahme<br \/>\nF\u00fcr Erwachsene, Jugendliche und Kinder<br \/>\nNat\u00fcrlich fruchtig<br \/>\n<div class=\"main-cross-sell\" data-asin=\"B01MSQRXPN\">\n\n\t<div class=\"WooZone-cross-sell-loader\">\n\t\t<div>\n\t\t\t<div id=\"floatingBarsG\">\n\t\t\t\t<div class=\"blockG\" id=\"rotateG_01\"><\/div>\n\t\t\t\t<div class=\"blockG\" id=\"rotateG_02\"><\/div>\n\t\t\t\t<div class=\"blockG\" id=\"rotateG_03\"><\/div>\n\t\t\t\t<div class=\"blockG\" id=\"rotateG_04\"><\/div>\n\t\t\t\t<div class=\"blockG\" id=\"rotateG_05\"><\/div>\n\t\t\t\t<div class=\"blockG\" id=\"rotateG_06\"><\/div>\n\t\t\t\t<div class=\"blockG\" id=\"rotateG_07\"><\/div>\n\t\t\t\t<div class=\"blockG\" id=\"rotateG_08\"><\/div>\n\t\t\t<\/div>\n\t\t\t<div class=\"WooZone-cross-sell-loader-text\"><\/div>\n\t\t<\/div>\n\t<\/div>\n\n\t\t\n<\/div>\n<div style=\"clear:both;\"><\/div>\n","protected":false},"excerpt":{"rendered":"Zur Unterst\u00fctzung des Energiestoffwechsels\nVitamin C f\u00fcr eine verbesserte Eisenaufnahme\nF\u00fcr Erwachsene, Jugendliche und Kinder","protected":false},"featured_media":9190,"comment_status":"open","ping_status":"closed","template":"","meta":[],"product_cat":[65,67],"product_tag":[],"_links":{"self":[{"href":"https:\/\/food-shop.org\/index.php?rest_route=\/wp\/v2\/product\/9189"}],"collection":[{"href":"https:\/\/food-shop.org\/index.php?rest_route=\/wp\/v2\/product"}],"about":[{"href":"https:\/\/food-shop.org\/index.php?rest_route=\/wp\/v2\/types\/product"}],"replies":[{"embeddable":true,"href":"https:\/\/food-shop.org\/index.php?rest_route=%2Fwp%2Fv2%2Fcomments&post=9189"}],"wp:featuredmedia":[{"embeddable":true,"href":"https:\/\/food-shop.org\/index.php?rest_route=\/wp\/v2\/media\/9190"}],"wp:attachment":[{"href":"https:\/\/food-shop.org\/index.php?rest_route=%2Fwp%2Fv2%2Fmedia&parent=9189"}],"wp:term":[{"taxonomy":"product_cat","embeddable":true,"href":"https:\/\/food-shop.org\/index.php?rest_route=%2Fwp%2Fv2%2Fproduct_cat&post=9189"},{"taxonomy":"product_tag","embeddable":true,"href":"https:\/\/food-shop.org\/index.php?rest_route=%2Fwp%2Fv2%2Fproduct_tag&post=9189"}],"curies":[{"name":"wp","href":"https:\/\/api.w.org\/{rel}","templated":true}]}}