{"id":9181,"date":"2020-08-31T15:27:57","date_gmt":"2020-08-31T15:27:57","guid":{"rendered":"https:\/\/food-shop.org\/?product=sanfte-saefte-himbeer-joh-6x1l-ew"},"modified":"2023-04-09T17:35:52","modified_gmt":"2023-04-09T17:35:52","slug":"sanfte-saefte-himbeer-joh-6x1l-ew","status":"publish","type":"product","link":"https:\/\/food-shop.org\/?product=sanfte-saefte-himbeer-joh-6x1l-ew","title":{"rendered":"Sanfte S\u00e4fte Himbeer-Joh. 6x1L EW"},"content":{"rendered":"<p><!-- show up to 2 reviews by default --> <\/p>\n<h3>Produktbeschreibung<\/h3>\n<p>Milder Mehrfruchtsaft aus s\u00e4urearmen Fr\u00fcchten. AMECKE SANFTE S\u00c4FTE sind aus sorgf\u00e4ltig ausgesuchten Fr\u00fcchten hergestellt und dadurch sp\u00fcrbar mild. Wir kombinieren ausgew\u00e4hlte Sorten und Anbaugebiete und w\u00e4hlen den besten Erntezeitpunkt. Das macht den Unterschied: Sanfter Geschmack bei voller Fruchtigkeit. <\/p>\n<h3>Inhaltsstoffe \/ Zutaten<\/h3>\n<p>Zutaten: 89% Apfelsaft aus Apfelsaftkonzentrat, 6% Johannisbeersaft, 4,5% Himbeermark, Traubensaft aus Traubensaftkonzentrat <\/p>\n<div data-a-expander-name=\"toggle_description\" class=\"a-row a-expander-container a-expander-extend-container\">\n<div class=\"a-expander-content a-expander-extend-content\">\n<h3>Gebrauchsanweisung<\/h3>\n<p>K\u00fchl und trocken lagern. <\/p>\n<h3>Warnhinweise<\/h3>\n<p>keine <\/p>\n<h3>Anschrift Hersteller\/Importeur<\/h3>\n<p>D-58706 Menden\/Sauerland <\/p>\n<\/p><\/div>\n<p> <a href=\"void(0)\" data-action=\"a-expander-toggle\" class=\"a-expander-header a-declarative a-expander-extend-header\" data-a-expander-toggle=\"{\"><i class=\"a-icon a-icon-extender-expand\"><\/i><span class=\"a-expander-prompt\">Weitere Informationen<\/span><\/a> <\/div>\n<p>100% Frucht<br \/>\nOhne Zuckerzusatz<br \/>\nDie intensiven Beeren werden hier mit mildem Apfelsaft zu diesem leckeren Saft kombiniert.<br \/>\nvegan<br \/>\nIn einer Packung steckt der Saft von ca. 45g reifen Himbeeren, 75 g Johannisbeeren, 12 knackigen \u00c4pfeln und 7 g Trauben.<br \/>\n<div class=\"main-cross-sell\" data-asin=\"B06XRH24VQ\">\n\n\t<div class=\"WooZone-cross-sell-loader\">\n\t\t<div>\n\t\t\t<div id=\"floatingBarsG\">\n\t\t\t\t<div class=\"blockG\" id=\"rotateG_01\"><\/div>\n\t\t\t\t<div class=\"blockG\" id=\"rotateG_02\"><\/div>\n\t\t\t\t<div class=\"blockG\" id=\"rotateG_03\"><\/div>\n\t\t\t\t<div class=\"blockG\" id=\"rotateG_04\"><\/div>\n\t\t\t\t<div class=\"blockG\" id=\"rotateG_05\"><\/div>\n\t\t\t\t<div class=\"blockG\" id=\"rotateG_06\"><\/div>\n\t\t\t\t<div class=\"blockG\" id=\"rotateG_07\"><\/div>\n\t\t\t\t<div class=\"blockG\" id=\"rotateG_08\"><\/div>\n\t\t\t<\/div>\n\t\t\t<div class=\"WooZone-cross-sell-loader-text\"><\/div>\n\t\t<\/div>\n\t<\/div>\n\n\t\t\n<\/div>\n<div style=\"clear:both;\"><\/div>\n","protected":false},"excerpt":{"rendered":"100% Frucht\nOhne Zuckerzusatz\nDie intensiven Beeren werden hier mit mildem Apfelsaft zu diesem leckeren Saft kombiniert.","protected":false},"featured_media":9182,"comment_status":"open","ping_status":"closed","template":"","meta":[],"product_cat":[65,67],"product_tag":[],"_links":{"self":[{"href":"https:\/\/food-shop.org\/index.php?rest_route=\/wp\/v2\/product\/9181"}],"collection":[{"href":"https:\/\/food-shop.org\/index.php?rest_route=\/wp\/v2\/product"}],"about":[{"href":"https:\/\/food-shop.org\/index.php?rest_route=\/wp\/v2\/types\/product"}],"replies":[{"embeddable":true,"href":"https:\/\/food-shop.org\/index.php?rest_route=%2Fwp%2Fv2%2Fcomments&post=9181"}],"wp:featuredmedia":[{"embeddable":true,"href":"https:\/\/food-shop.org\/index.php?rest_route=\/wp\/v2\/media\/9182"}],"wp:attachment":[{"href":"https:\/\/food-shop.org\/index.php?rest_route=%2Fwp%2Fv2%2Fmedia&parent=9181"}],"wp:term":[{"taxonomy":"product_cat","embeddable":true,"href":"https:\/\/food-shop.org\/index.php?rest_route=%2Fwp%2Fv2%2Fproduct_cat&post=9181"},{"taxonomy":"product_tag","embeddable":true,"href":"https:\/\/food-shop.org\/index.php?rest_route=%2Fwp%2Fv2%2Fproduct_tag&post=9181"}],"curies":[{"name":"wp","href":"https:\/\/api.w.org\/{rel}","templated":true}]}}