{"id":9155,"date":"2020-08-31T15:27:45","date_gmt":"2020-08-31T15:27:45","guid":{"rendered":"https:\/\/food-shop.org\/?product=rotbaeckchen-immunstark-6er-pack-6-x-700ml"},"modified":"2023-04-09T17:35:52","modified_gmt":"2023-04-09T17:35:52","slug":"rotbaeckchen-immunstark-6er-pack-6-x-700ml","status":"publish","type":"product","link":"https:\/\/food-shop.org\/?product=rotbaeckchen-immunstark-6er-pack-6-x-700ml","title":{"rendered":"ROTB\u00c4CKCHEN Immunstark 6er Pack (6 x 700ml). Mehrfruchtsaft mit Zink und Vitamin C"},"content":{"rendered":"<div class=\"disclaim\"> Gr\u00f6\u00dfe:<strong>700 ml (6er Pack)<\/strong> <\/div>\n<p> <!-- show up to 2 reviews by default --> <\/p>\n<h3>Produktbeschreibung<\/h3>\n<p>Seit nunmehr \u00fcber 60 Jahren steht Rotb\u00e4ckchen f\u00fcr besonders wertvollen, naturreinen Saft. Generationen sind bis heute mit der magischen Originalformel von Rotb\u00e4ckchen gro\u00df geworden. <\/p>\n<p><b>Rotb\u00e4ckchen Immunstark <\/b>ist ein Mehrfruchtsaft angereichert mit Zinkgluconat und Vitamin C &#8211; aus Direkts\u00e4ften. Damit unser Immunsystem auch bei hohen Beanspruchungen leistungsf\u00e4hig bleibt, ben\u00f6tigt unser K\u00f6rper ausreichend Zink und Vitamin C. Zink und Vitamin C tragen zu einer normalen Funktion des Immunsystems bei. Da der K\u00f6rper das Spurenelement Zink nicht selbst herstellen kann und die Zinkspeicher begrenzt sind, muss es regelm\u00e4\u00dfig \u00fcber eine ausgewogene und abwechslungsreiche Ern\u00e4hrung zugef\u00fchrt werden. <\/p>\n<\/p>\n<h3>Inhaltsstoffe \/ Zutaten<\/h3>\n<p>Zutaten: Roter Traubensaft, Apfelsaft, Aroniasaft, Holundersaft, Acerolamark, Vitamin C, Zinkgluconat <\/p>\n<div data-a-expander-name=\"toggle_description\" class=\"a-row a-expander-container a-expander-extend-container\">\n<div class=\"a-expander-content a-expander-extend-content\">\n<h3>Gebrauchsanweisung<\/h3>\n<p>Bitte vor dem \u00d6ffnen die Flasche sch\u00fctteln. <\/p>\n<h3>Anschrift Hersteller\/Importeur<\/h3>\n<p>D-53572 Unkel\/Rhein <\/p>\n<\/p><\/div>\n<p> <a href=\"void(0)\" data-action=\"a-expander-toggle\" class=\"a-expander-header a-declarative a-expander-extend-header\" data-a-expander-toggle=\"{\"><i class=\"a-icon a-icon-extender-expand\"><\/i><span class=\"a-expander-prompt\">Weitere Informationen<\/span><\/a> <\/div>\n<p>Mehrfrucht-Direktsaft<br \/>\nMit Zink und Vitamin C zur Unterst\u00fctzung des Immunsystems.<br \/>\nF\u00fcr Gro\u00df und Klein mit Liebe und Sorgfalt hergestellt.<br \/>\nRohstoffe von h\u00f6chster Qualit\u00e4t werden naturbelassen und besonders schonend verarbeitet.<br \/>\nvegan<br \/>\n<div class=\"main-cross-sell\" data-asin=\"B00HEBWM0E\">\n\n\t<div class=\"WooZone-cross-sell-loader\">\n\t\t<div>\n\t\t\t<div id=\"floatingBarsG\">\n\t\t\t\t<div class=\"blockG\" id=\"rotateG_01\"><\/div>\n\t\t\t\t<div class=\"blockG\" id=\"rotateG_02\"><\/div>\n\t\t\t\t<div class=\"blockG\" id=\"rotateG_03\"><\/div>\n\t\t\t\t<div class=\"blockG\" id=\"rotateG_04\"><\/div>\n\t\t\t\t<div class=\"blockG\" id=\"rotateG_05\"><\/div>\n\t\t\t\t<div class=\"blockG\" id=\"rotateG_06\"><\/div>\n\t\t\t\t<div class=\"blockG\" id=\"rotateG_07\"><\/div>\n\t\t\t\t<div class=\"blockG\" id=\"rotateG_08\"><\/div>\n\t\t\t<\/div>\n\t\t\t<div class=\"WooZone-cross-sell-loader-text\"><\/div>\n\t\t<\/div>\n\t<\/div>\n\n\t\t\n<\/div>\n<div style=\"clear:both;\"><\/div>\n","protected":false},"excerpt":{"rendered":"Mehrfrucht-Direktsaft\nMit Zink und Vitamin C zur Unterst\u00fctzung des Immunsystems.\nF\u00fcr Gro\u00df und Klein mit Liebe und Sorgfalt hergestellt.","protected":false},"featured_media":9156,"comment_status":"open","ping_status":"closed","template":"","meta":[],"product_cat":[65,67],"product_tag":[],"_links":{"self":[{"href":"https:\/\/food-shop.org\/index.php?rest_route=\/wp\/v2\/product\/9155"}],"collection":[{"href":"https:\/\/food-shop.org\/index.php?rest_route=\/wp\/v2\/product"}],"about":[{"href":"https:\/\/food-shop.org\/index.php?rest_route=\/wp\/v2\/types\/product"}],"replies":[{"embeddable":true,"href":"https:\/\/food-shop.org\/index.php?rest_route=%2Fwp%2Fv2%2Fcomments&post=9155"}],"wp:featuredmedia":[{"embeddable":true,"href":"https:\/\/food-shop.org\/index.php?rest_route=\/wp\/v2\/media\/9156"}],"wp:attachment":[{"href":"https:\/\/food-shop.org\/index.php?rest_route=%2Fwp%2Fv2%2Fmedia&parent=9155"}],"wp:term":[{"taxonomy":"product_cat","embeddable":true,"href":"https:\/\/food-shop.org\/index.php?rest_route=%2Fwp%2Fv2%2Fproduct_cat&post=9155"},{"taxonomy":"product_tag","embeddable":true,"href":"https:\/\/food-shop.org\/index.php?rest_route=%2Fwp%2Fv2%2Fproduct_tag&post=9155"}],"curies":[{"name":"wp","href":"https:\/\/api.w.org\/{rel}","templated":true}]}}