{"id":9103,"date":"2020-08-31T15:27:25","date_gmt":"2020-08-31T15:27:25","guid":{"rendered":"https:\/\/food-shop.org\/?product=sanfte-saefte-birne-6x1l-ew"},"modified":"2023-04-09T17:35:52","modified_gmt":"2023-04-09T17:35:52","slug":"sanfte-saefte-birne-6x1l-ew","status":"publish","type":"product","link":"https:\/\/food-shop.org\/?product=sanfte-saefte-birne-6x1l-ew","title":{"rendered":"Amecke, Sanfte S\u00e4fte Birne 6 x 1L EW, Fr\u00fcchtemischungenBirne, 6000 milliliter, Pack of 6"},"content":{"rendered":"<p><!-- show up to 2 reviews by default --> <\/p>\n<h3>Produktbeschreibung<\/h3>\n<p>Milder Birnen-Apfelsaft. AMECKE SANFTE S\u00c4FTE sind aus sorgf\u00e4ltig ausgesuchten Fr\u00fcchten hergestellt und dadurch sp\u00fcrbar mild. Wir kombinieren ausgew\u00e4hlte Sorten und Anbaugebiete und w\u00e4hlen den besten Erntezeitpunkt. Das macht den Unterschied: Sanfter Geschmack bei voller Fruchtigkeit. <\/p>\n<h3>Inhaltsstoffe \/ Zutaten<\/h3>\n<p>Zutaten: 41% Birnensaft aus Birnensaftkonzentrat, 30% Birnenmark, 28% Apfelsaft aus Apfelsaftkonzentrat, Zitronensaft aus Zitronensaftkonzentrat, Vitamin C <\/p>\n<div data-a-expander-name=\"toggle_description\" class=\"a-row a-expander-container a-expander-extend-container\">\n<div class=\"a-expander-content a-expander-extend-content\">\n<h3>Gebrauchsanweisung<\/h3>\n<p>Vor dem \u00d6ffnen gut sch\u00fctteln. <\/p>\n<h3>Anschrift Hersteller\/Importeur<\/h3>\n<p>D-58706 Menden\/Sauerland <\/p>\n<\/p><\/div>\n<p> <a href=\"void(0)\" data-action=\"a-expander-toggle\" class=\"a-expander-header a-declarative a-expander-extend-header\" data-a-expander-toggle=\"{\"><i class=\"a-icon a-icon-extender-expand\"><\/i><span class=\"a-expander-prompt\">Weitere Informationen<\/span><\/a> <\/div>\n<p>100% Frucht<br \/>\nOhne Zuckerzusatz<br \/>\nmit 30% Birnenmark<br \/>\nvegan<br \/>\nIn einer Packung steckt der Saft von ca. 7 Birnen und 4 knackigen \u00c4pfeln.<br \/>\n<div class=\"main-cross-sell\" data-asin=\"B00BMJVTQM\">\n\n\t<div class=\"WooZone-cross-sell-loader\">\n\t\t<div>\n\t\t\t<div id=\"floatingBarsG\">\n\t\t\t\t<div class=\"blockG\" id=\"rotateG_01\"><\/div>\n\t\t\t\t<div class=\"blockG\" id=\"rotateG_02\"><\/div>\n\t\t\t\t<div class=\"blockG\" id=\"rotateG_03\"><\/div>\n\t\t\t\t<div class=\"blockG\" id=\"rotateG_04\"><\/div>\n\t\t\t\t<div class=\"blockG\" id=\"rotateG_05\"><\/div>\n\t\t\t\t<div class=\"blockG\" id=\"rotateG_06\"><\/div>\n\t\t\t\t<div class=\"blockG\" id=\"rotateG_07\"><\/div>\n\t\t\t\t<div class=\"blockG\" id=\"rotateG_08\"><\/div>\n\t\t\t<\/div>\n\t\t\t<div class=\"WooZone-cross-sell-loader-text\"><\/div>\n\t\t<\/div>\n\t<\/div>\n\n\t\t\n<\/div>\n<div style=\"clear:both;\"><\/div>\n","protected":false},"excerpt":{"rendered":"100% Frucht\nOhne Zuckerzusatz\nmit 30% Birnenmark","protected":false},"featured_media":9104,"comment_status":"open","ping_status":"closed","template":"","meta":[],"product_cat":[65,67],"product_tag":[],"_links":{"self":[{"href":"https:\/\/food-shop.org\/index.php?rest_route=\/wp\/v2\/product\/9103"}],"collection":[{"href":"https:\/\/food-shop.org\/index.php?rest_route=\/wp\/v2\/product"}],"about":[{"href":"https:\/\/food-shop.org\/index.php?rest_route=\/wp\/v2\/types\/product"}],"replies":[{"embeddable":true,"href":"https:\/\/food-shop.org\/index.php?rest_route=%2Fwp%2Fv2%2Fcomments&post=9103"}],"wp:featuredmedia":[{"embeddable":true,"href":"https:\/\/food-shop.org\/index.php?rest_route=\/wp\/v2\/media\/9104"}],"wp:attachment":[{"href":"https:\/\/food-shop.org\/index.php?rest_route=%2Fwp%2Fv2%2Fmedia&parent=9103"}],"wp:term":[{"taxonomy":"product_cat","embeddable":true,"href":"https:\/\/food-shop.org\/index.php?rest_route=%2Fwp%2Fv2%2Fproduct_cat&post=9103"},{"taxonomy":"product_tag","embeddable":true,"href":"https:\/\/food-shop.org\/index.php?rest_route=%2Fwp%2Fv2%2Fproduct_tag&post=9103"}],"curies":[{"name":"wp","href":"https:\/\/api.w.org\/{rel}","templated":true}]}}