{"id":9081,"date":"2020-08-31T15:27:14","date_gmt":"2020-08-31T15:27:14","guid":{"rendered":"https:\/\/food-shop.org\/?product=rauch-happy-day-erdbeere-6er-pack-6-x-1-l"},"modified":"2023-04-09T17:35:51","modified_gmt":"2023-04-09T17:35:51","slug":"rauch-happy-day-erdbeere-6er-pack-6-x-1-l","status":"publish","type":"product","link":"https:\/\/food-shop.org\/?product=rauch-happy-day-erdbeere-6er-pack-6-x-1-l","title":{"rendered":"Rauch Happy Day Erdbeere, 6er Pack (6 x 1 l)"},"content":{"rendered":"<div class=\"disclaim\"> Geschmack:<strong>Erdbeere<\/strong> <\/div>\n<p> <!-- show up to 2 reviews by default --> <\/p>\n<h3>Produktbeschreibung<\/h3>\n<\/p>\n<p><strong>RAUCH<\/strong><\/p>\n<p>happy day<\/p>\n<p>Erdbeere<\/p>\n<\/p>\n<h3>Inhaltsstoffe \/ Zutaten<\/h3>\n<p>Wasser, Erdbeermark, Zucker, Apfelmarkkonzentrat, Fruchtsaftkonzentrat (Erdbeer, Apfel, Zitronen) f\u00e4rbendes Frucht-und Gem\u00fcsekonzentrat Schwarze Johannisbeere Schwarze Karotte), S\u00e4\u00fcrungsmittel: Zitronens\u00e4ure, Aroma, Pasteurisiert. <\/p>\n<div data-a-expander-name=\"toggle_description\" class=\"a-row a-expander-container a-expander-extend-container\">\n<div class=\"a-expander-content a-expander-extend-content\">\n<h3>Anschrift Hersteller\/Importeur<\/h3>\n<p>Langgasse 1, A-6830 Rankweil, Austria <\/p>\n<\/p><\/div>\n<p> <a href=\"void(0)\" data-action=\"a-expander-toggle\" class=\"a-expander-header a-declarative a-expander-extend-header\" data-a-expander-toggle=\"{\"><i class=\"a-icon a-icon-extender-expand\"><\/i><span class=\"a-expander-prompt\">Weitere Informationen<\/span><\/a> <\/div>\n<p>ausgew\u00e4hlte GARANTIE Fr\u00fcchte<br \/>\nFruchtgehalt mindestens 50% (30% Erdbeere)<br \/>\nRauch Happy Day Erdbeere<br \/>\nFruchts\u00e4fte &amp; Nektare<br \/>\n<div class=\"main-cross-sell\" data-asin=\"B003R7KYCC\">\n\n\t<div class=\"WooZone-cross-sell-loader\">\n\t\t<div>\n\t\t\t<div id=\"floatingBarsG\">\n\t\t\t\t<div class=\"blockG\" id=\"rotateG_01\"><\/div>\n\t\t\t\t<div class=\"blockG\" id=\"rotateG_02\"><\/div>\n\t\t\t\t<div class=\"blockG\" id=\"rotateG_03\"><\/div>\n\t\t\t\t<div class=\"blockG\" id=\"rotateG_04\"><\/div>\n\t\t\t\t<div class=\"blockG\" id=\"rotateG_05\"><\/div>\n\t\t\t\t<div class=\"blockG\" id=\"rotateG_06\"><\/div>\n\t\t\t\t<div class=\"blockG\" id=\"rotateG_07\"><\/div>\n\t\t\t\t<div class=\"blockG\" id=\"rotateG_08\"><\/div>\n\t\t\t<\/div>\n\t\t\t<div class=\"WooZone-cross-sell-loader-text\"><\/div>\n\t\t<\/div>\n\t<\/div>\n\n\t\t\n<\/div>\n<div style=\"clear:both;\"><\/div>\n","protected":false},"excerpt":{"rendered":"ausgew\u00e4hlte GARANTIE Fr\u00fcchte\nFruchtgehalt mindestens 50% (30% Erdbeere)\nRauch Happy Day Erdbeere","protected":false},"featured_media":9082,"comment_status":"open","ping_status":"closed","template":"","meta":[],"product_cat":[65,67],"product_tag":[],"_links":{"self":[{"href":"https:\/\/food-shop.org\/index.php?rest_route=\/wp\/v2\/product\/9081"}],"collection":[{"href":"https:\/\/food-shop.org\/index.php?rest_route=\/wp\/v2\/product"}],"about":[{"href":"https:\/\/food-shop.org\/index.php?rest_route=\/wp\/v2\/types\/product"}],"replies":[{"embeddable":true,"href":"https:\/\/food-shop.org\/index.php?rest_route=%2Fwp%2Fv2%2Fcomments&post=9081"}],"wp:featuredmedia":[{"embeddable":true,"href":"https:\/\/food-shop.org\/index.php?rest_route=\/wp\/v2\/media\/9082"}],"wp:attachment":[{"href":"https:\/\/food-shop.org\/index.php?rest_route=%2Fwp%2Fv2%2Fmedia&parent=9081"}],"wp:term":[{"taxonomy":"product_cat","embeddable":true,"href":"https:\/\/food-shop.org\/index.php?rest_route=%2Fwp%2Fv2%2Fproduct_cat&post=9081"},{"taxonomy":"product_tag","embeddable":true,"href":"https:\/\/food-shop.org\/index.php?rest_route=%2Fwp%2Fv2%2Fproduct_tag&post=9081"}],"curies":[{"name":"wp","href":"https:\/\/api.w.org\/{rel}","templated":true}]}}