{"id":9069,"date":"2020-08-31T15:27:09","date_gmt":"2020-08-31T15:27:09","guid":{"rendered":"https:\/\/food-shop.org\/?product=granini-selection-cranberry-6er-pack-6-x-750-ml"},"modified":"2023-04-09T17:35:51","modified_gmt":"2023-04-09T17:35:51","slug":"granini-selection-cranberry-6er-pack-6-x-750-ml","status":"publish","type":"product","link":"https:\/\/food-shop.org\/?product=granini-selection-cranberry-6er-pack-6-x-750-ml","title":{"rendered":"Granini Selection Cranberry, 6er Pack (6 x 750 ml)"},"content":{"rendered":"<p><!-- show up to 2 reviews by default --> <\/p>\n<h3>Produktbeschreibung<\/h3>\n<p>Fruchtig-s\u00fc\u00df und facettenreich entfaltet sich der Geschmack intensiv fruchtiger Mango am Gaumen, der erlesene Duft des Nektars entf\u00fchrt den Genie\u00dfer in tropische Welten: Das ist granini Selection. Neben den Sorten Maracuja und Cranberry ist granini Selection Mango eine von drei neuen, besonders hochwertigen und exotischen Sorten von granini. Jede einzelne sorgt dank ihrer hochwertigen Rezeptur f\u00fcr den echten, puren Fruchtgenuss. <\/p>\n<h3>Inhaltsstoffe \/ Zutaten<\/h3>\n<p>Zutaten: Wasser, Cranberrysaft aus Cranberrysaftkonzentrat (30%), Zucker, Zitronensaft aus Zitronensaftkonzentrat. <\/p>\n<div data-a-expander-name=\"toggle_description\" class=\"a-row a-expander-container a-expander-extend-container\">\n<div class=\"a-expander-content a-expander-extend-content\">\n<h3>Gebrauchsanweisung<\/h3>\n<p>Verzehrfertig <\/p>\n<h3>Anschrift Hersteller\/Importeur<\/h3>\n<p>Ludwig-Eckes-Platz 1, 55268 Nieder-Olm <\/p>\n<\/p><\/div>\n<p> <a href=\"void(0)\" data-action=\"a-expander-toggle\" class=\"a-expander-header a-declarative a-expander-extend-header\" data-a-expander-toggle=\"{\"><i class=\"a-icon a-icon-extender-expand\"><\/i><span class=\"a-expander-prompt\">Weitere Informationen<\/span><\/a> <\/div>\n<p>Fruchtgehalt: mindestens 30%.<br \/>\nUnverf\u00e4lschter Fruchtgenuss<br \/>\nIdeal auch als Schorle oder in Mix-Getr\u00e4nken<br \/>\nH\u00f6chste Qualit\u00e4t und ausgew\u00e4hlte Zutaten<br \/>\n<div class=\"main-cross-sell\" data-asin=\"B07VJN1RQG\">\n\n\t<div class=\"WooZone-cross-sell-loader\">\n\t\t<div>\n\t\t\t<div id=\"floatingBarsG\">\n\t\t\t\t<div class=\"blockG\" id=\"rotateG_01\"><\/div>\n\t\t\t\t<div class=\"blockG\" id=\"rotateG_02\"><\/div>\n\t\t\t\t<div class=\"blockG\" id=\"rotateG_03\"><\/div>\n\t\t\t\t<div class=\"blockG\" id=\"rotateG_04\"><\/div>\n\t\t\t\t<div class=\"blockG\" id=\"rotateG_05\"><\/div>\n\t\t\t\t<div class=\"blockG\" id=\"rotateG_06\"><\/div>\n\t\t\t\t<div class=\"blockG\" id=\"rotateG_07\"><\/div>\n\t\t\t\t<div class=\"blockG\" id=\"rotateG_08\"><\/div>\n\t\t\t<\/div>\n\t\t\t<div class=\"WooZone-cross-sell-loader-text\"><\/div>\n\t\t<\/div>\n\t<\/div>\n\n\t\t\n<\/div>\n<div style=\"clear:both;\"><\/div>\n","protected":false},"excerpt":{"rendered":"Fruchtgehalt: mindestens 30%.\nUnverf\u00e4lschter Fruchtgenuss\nIdeal auch als Schorle oder in Mix-Getr\u00e4nken","protected":false},"featured_media":9070,"comment_status":"open","ping_status":"closed","template":"","meta":[],"product_cat":[65,67],"product_tag":[],"_links":{"self":[{"href":"https:\/\/food-shop.org\/index.php?rest_route=\/wp\/v2\/product\/9069"}],"collection":[{"href":"https:\/\/food-shop.org\/index.php?rest_route=\/wp\/v2\/product"}],"about":[{"href":"https:\/\/food-shop.org\/index.php?rest_route=\/wp\/v2\/types\/product"}],"replies":[{"embeddable":true,"href":"https:\/\/food-shop.org\/index.php?rest_route=%2Fwp%2Fv2%2Fcomments&post=9069"}],"wp:featuredmedia":[{"embeddable":true,"href":"https:\/\/food-shop.org\/index.php?rest_route=\/wp\/v2\/media\/9070"}],"wp:attachment":[{"href":"https:\/\/food-shop.org\/index.php?rest_route=%2Fwp%2Fv2%2Fmedia&parent=9069"}],"wp:term":[{"taxonomy":"product_cat","embeddable":true,"href":"https:\/\/food-shop.org\/index.php?rest_route=%2Fwp%2Fv2%2Fproduct_cat&post=9069"},{"taxonomy":"product_tag","embeddable":true,"href":"https:\/\/food-shop.org\/index.php?rest_route=%2Fwp%2Fv2%2Fproduct_tag&post=9069"}],"curies":[{"name":"wp","href":"https:\/\/api.w.org\/{rel}","templated":true}]}}