{"id":9061,"date":"2020-08-31T15:27:06","date_gmt":"2020-08-31T15:27:06","guid":{"rendered":"https:\/\/food-shop.org\/?product=rauch-happy-day-superfruits-6-x-1-l-brombeere-acai"},"modified":"2023-04-09T17:35:51","modified_gmt":"2023-04-09T17:35:51","slug":"rauch-happy-day-superfruits-6-x-1-l-brombeere-acai","status":"publish","type":"product","link":"https:\/\/food-shop.org\/?product=rauch-happy-day-superfruits-6-x-1-l-brombeere-acai","title":{"rendered":"Rauch Happy Day Brombeere, 6er Pack (6 x 1L)"},"content":{"rendered":"<div class=\"disclaim\"> Geschmack:<strong>Brombeere-Acai<\/strong> <\/div>\n<p> <!-- show up to 2 reviews by default --> <\/p>\n<h3>Produktbeschreibung<\/h3>\n<p>Super fruchtig &#8211; beerenstark.Superfruit vom Amazonas trifft aromatische Kultbeere aus der Heimat: Edle Acai mit Brombeeren und sonnengereiften Trauben machen unseren Happy Day Brombeere + Acai zum extra fruchtigen Genuss. Beerenstarker Geschmack f\u00fcr alle, die im Leben powern. Acai liefert die erfrischende Note und wertvolles Vitamin C hilft, die Zellen vor oxidativem Stress zu sch\u00fctzen. **Vitamin C tr\u00e4gt dazu bei, die Zellen vor oxidativem Stress zu sch\u00fctezn. Empfohlene Verzehrseinheit: ein Glas (250ml) pro Tag. Ganz allgemein empfehlen wir eine ausgewogene Ern\u00e4hrung und eine gesunde Lebensweise. Diese Packung enth\u00e4lt 4 Portionen (Gl\u00e4ser) zu 250 ml. <\/p>\n<h3>Inhaltsstoffe \/ Zutaten<\/h3>\n<p>Zutaten: Wasser, 10% Brombeermark, 10% Brombeersaft aus Brombeersaftkonzentrat, 9,5% roter Traubensaft aus rotem Traubensaftkonzentrat, Zucker, 0,5% A\u00e7aimark, S\u00e4uerungsmittel: Citronens\u00e4ure; Vitamin C. <\/p>\n<div data-a-expander-name=\"toggle_description\" class=\"a-row a-expander-container a-expander-extend-container\">\n<div class=\"a-expander-content a-expander-extend-content\">\n<h3>Anschrift Hersteller\/Importeur<\/h3>\n<p>Langgasse 1, A-6830 Rankweil, Austria <\/p>\n<\/p><\/div>\n<p> <a href=\"void(0)\" data-action=\"a-expander-toggle\" class=\"a-expander-header a-declarative a-expander-extend-header\" data-a-expander-toggle=\"{\"><i class=\"a-icon a-icon-extender-expand\"><\/i><span class=\"a-expander-prompt\">Weitere Informationen<\/span><\/a> <\/div>\n<p>100% Vegan<br \/>\nEnth\u00e4lt Antioxidantien<br \/>\n1 Glas (250ml) deckt bereits mehr als 1\/3 des empfohlenen Tagesbedarf an Vitamin C!<br \/>\n100% Happiness<br \/>\n<div class=\"main-cross-sell\" data-asin=\"B07PJ4XLD7\">\n\n\t<div class=\"WooZone-cross-sell-loader\">\n\t\t<div>\n\t\t\t<div id=\"floatingBarsG\">\n\t\t\t\t<div class=\"blockG\" id=\"rotateG_01\"><\/div>\n\t\t\t\t<div class=\"blockG\" id=\"rotateG_02\"><\/div>\n\t\t\t\t<div class=\"blockG\" id=\"rotateG_03\"><\/div>\n\t\t\t\t<div class=\"blockG\" id=\"rotateG_04\"><\/div>\n\t\t\t\t<div class=\"blockG\" id=\"rotateG_05\"><\/div>\n\t\t\t\t<div class=\"blockG\" id=\"rotateG_06\"><\/div>\n\t\t\t\t<div class=\"blockG\" id=\"rotateG_07\"><\/div>\n\t\t\t\t<div class=\"blockG\" id=\"rotateG_08\"><\/div>\n\t\t\t<\/div>\n\t\t\t<div class=\"WooZone-cross-sell-loader-text\"><\/div>\n\t\t<\/div>\n\t<\/div>\n\n\t\t\n<\/div>\n<div style=\"clear:both;\"><\/div>\n","protected":false},"excerpt":{"rendered":"100% Vegan\nEnth\u00e4lt Antioxidantien\n1 Glas (250ml) deckt bereits mehr als 1\/3 des empfohlenen Tagesbedarf an Vitamin C!","protected":false},"featured_media":9062,"comment_status":"open","ping_status":"closed","template":"","meta":[],"product_cat":[65,67],"product_tag":[],"_links":{"self":[{"href":"https:\/\/food-shop.org\/index.php?rest_route=\/wp\/v2\/product\/9061"}],"collection":[{"href":"https:\/\/food-shop.org\/index.php?rest_route=\/wp\/v2\/product"}],"about":[{"href":"https:\/\/food-shop.org\/index.php?rest_route=\/wp\/v2\/types\/product"}],"replies":[{"embeddable":true,"href":"https:\/\/food-shop.org\/index.php?rest_route=%2Fwp%2Fv2%2Fcomments&post=9061"}],"wp:featuredmedia":[{"embeddable":true,"href":"https:\/\/food-shop.org\/index.php?rest_route=\/wp\/v2\/media\/9062"}],"wp:attachment":[{"href":"https:\/\/food-shop.org\/index.php?rest_route=%2Fwp%2Fv2%2Fmedia&parent=9061"}],"wp:term":[{"taxonomy":"product_cat","embeddable":true,"href":"https:\/\/food-shop.org\/index.php?rest_route=%2Fwp%2Fv2%2Fproduct_cat&post=9061"},{"taxonomy":"product_tag","embeddable":true,"href":"https:\/\/food-shop.org\/index.php?rest_route=%2Fwp%2Fv2%2Fproduct_tag&post=9061"}],"curies":[{"name":"wp","href":"https:\/\/api.w.org\/{rel}","templated":true}]}}