{"id":9047,"date":"2020-08-31T15:27:00","date_gmt":"2020-08-31T15:27:00","guid":{"rendered":"https:\/\/food-shop.org\/?product=walthers-sauerkirsch-nektar-1-x-3-l-saftbox"},"modified":"2023-04-09T17:35:51","modified_gmt":"2023-04-09T17:35:51","slug":"walthers-sauerkirsch-nektar-1-x-3-l-saftbox","status":"publish","type":"product","link":"https:\/\/food-shop.org\/?product=walthers-sauerkirsch-nektar-1-x-3-l-saftbox","title":{"rendered":"Walthers Sauerkirsch-Nektar (1 x 3 l Saftbox)"},"content":{"rendered":"<div class=\"disclaim\"> Anzahl:<strong>1<\/strong> <\/div>\n<p> <!-- show up to 2 reviews by default --> <\/p>\n<h3>Produktbeschreibung<\/h3>\n<p>Der hohe Fruchtgehalt von mindestens 60 % macht ihn so schmackhaft: Verarbeitet werden nur Sauerkirschen vom Feinsten; knackig, erntefrisch, vollreif. Sorgsam gekeltert und zubereitet ist er eine wahre Gaumenfreude. Ein Unterschied wie Tag und Nacht zu herk\u00f6mmlichen Kirschnektaren, sagen Walthers Kunden. Die beste Verpackung f\u00fcr frische Obsts\u00e4fte! In Walthers Verpackung befindet sich ein geschmacksneutraler, lebensmittelechter Innenbeutel mit vorinstalliertem Zapfhahn. Auch beim Zapfen dringt durch den Hahn keine Luft in den Innenbeutel. Dadurch zieht sich der Beutel beim Entleeren \u00e4hnlich einem Vakuum zusammen. Diese Technik garantiert die lange Haltbarkeit und Frische von Walthers S\u00e4ften und Nektaren in der Saftbox. Und das ganz ohne jegliche Konservierungsstoffe und ohne K\u00fchlung. Natur pur bleibt so auch nach dem ersten Zapfen drei Monate haltbar wie am ersten Tag. Probieren Sie den Frische-Unterschied. <\/p>\n<h3>Inhaltsstoffe \/ Zutaten<\/h3>\n<p>Sauerkirsch-Direktsaft, Trinkwasser,Fruchts\u00fc\u00dfe aus \u00c4pfeln <\/p>\n<p>Innovative Verpackung, die lange Frische garantiert<br \/>\nKinderleichtes Zapfen ohne Nachtropfen<br \/>\nGekeltert in \u00fcber 80 Jahre alter Familienkelterei<br \/>\n<div class=\"main-cross-sell\" data-asin=\"B082VNHYJM\">\n\n\t<div class=\"WooZone-cross-sell-loader\">\n\t\t<div>\n\t\t\t<div id=\"floatingBarsG\">\n\t\t\t\t<div class=\"blockG\" id=\"rotateG_01\"><\/div>\n\t\t\t\t<div class=\"blockG\" id=\"rotateG_02\"><\/div>\n\t\t\t\t<div class=\"blockG\" id=\"rotateG_03\"><\/div>\n\t\t\t\t<div class=\"blockG\" id=\"rotateG_04\"><\/div>\n\t\t\t\t<div class=\"blockG\" id=\"rotateG_05\"><\/div>\n\t\t\t\t<div class=\"blockG\" id=\"rotateG_06\"><\/div>\n\t\t\t\t<div class=\"blockG\" id=\"rotateG_07\"><\/div>\n\t\t\t\t<div class=\"blockG\" id=\"rotateG_08\"><\/div>\n\t\t\t<\/div>\n\t\t\t<div class=\"WooZone-cross-sell-loader-text\"><\/div>\n\t\t<\/div>\n\t<\/div>\n\n\t\t\n<\/div>\n<div style=\"clear:both;\"><\/div>\n","protected":false},"excerpt":{"rendered":"Innovative Verpackung, die lange Frische garantiert\nKinderleichtes Zapfen ohne Nachtropfen\nGekeltert in \u00fcber 80 Jahre alter Familienkelterei","protected":false},"featured_media":9048,"comment_status":"open","ping_status":"closed","template":"","meta":[],"product_cat":[65,67],"product_tag":[],"_links":{"self":[{"href":"https:\/\/food-shop.org\/index.php?rest_route=\/wp\/v2\/product\/9047"}],"collection":[{"href":"https:\/\/food-shop.org\/index.php?rest_route=\/wp\/v2\/product"}],"about":[{"href":"https:\/\/food-shop.org\/index.php?rest_route=\/wp\/v2\/types\/product"}],"replies":[{"embeddable":true,"href":"https:\/\/food-shop.org\/index.php?rest_route=%2Fwp%2Fv2%2Fcomments&post=9047"}],"wp:featuredmedia":[{"embeddable":true,"href":"https:\/\/food-shop.org\/index.php?rest_route=\/wp\/v2\/media\/9048"}],"wp:attachment":[{"href":"https:\/\/food-shop.org\/index.php?rest_route=%2Fwp%2Fv2%2Fmedia&parent=9047"}],"wp:term":[{"taxonomy":"product_cat","embeddable":true,"href":"https:\/\/food-shop.org\/index.php?rest_route=%2Fwp%2Fv2%2Fproduct_cat&post=9047"},{"taxonomy":"product_tag","embeddable":true,"href":"https:\/\/food-shop.org\/index.php?rest_route=%2Fwp%2Fv2%2Fproduct_tag&post=9047"}],"curies":[{"name":"wp","href":"https:\/\/api.w.org\/{rel}","templated":true}]}}