{"id":8966,"date":"2020-08-31T15:24:09","date_gmt":"2020-08-31T15:24:09","guid":{"rendered":"https:\/\/food-shop.org\/?product=hamamelis-blaetter-tee-bio-hamamelis-virginiana-blatt-100g"},"modified":"2023-04-10T18:24:17","modified_gmt":"2023-04-10T18:24:17","slug":"hamamelis-blaetter-tee-bio-hamamelis-virginiana-blatt-100g","status":"publish","type":"product","link":"https:\/\/food-shop.org\/?product=hamamelis-blaetter-tee-bio-hamamelis-virginiana-blatt-100g","title":{"rendered":"Hamamelis Blaetter Tee Bio &#8211; Hamamelis Virginiana Blatt &#8211; Hamamelis Bl\u00e4tter Hamamelis Bio Hammamelis Hamam\u00e9lis 100G"},"content":{"rendered":"<p>Die Bl\u00e4tter der Zaubernuss sind ein althergebrachtes pflanzliches Heilmittel, das in Pasten zur Behandlung aller m\u00f6glichen Beschwerden Verwendung findet. Kr\u00e4uterheiler nutzen die Wirkung der verschiedenen Substanzen in den Bl\u00e4ttern, um den Zustand und das Wohlbefinden ihrer Patienten zu verbessern.<br \/>\nDiese Pflanze enth\u00e4lt eine Vielzahl gesundheitsf\u00f6rdernder Inhaltsstoffe. Zum einen sind dies eine ganze Reihe adstringierender Verbindungen, die bei topischer Anwendung die Haut straffen k\u00f6nnen. Zum anderen wirkt sie entz\u00fcndungshemmend, was in vielerlei Situationen n\u00fctzlich ist.<br \/>\nDiese Zaubernuss-Bl\u00e4tter wurden von unseren Experten mit besonderer Sorgfalt ausgew\u00e4hlt. Die hochwertigsten Bl\u00e4tter werden speziell verpackt, um sicherzustellen, dass sie in bestem gebrauchsfertigem Zustand bei Ihnen ankommen.<br \/>\nDa dies ein v\u00f6llig nat\u00fcrliches Produkt ist, wird es bei richtiger Aufbewahrung an einem k\u00fchlen, trockenen Ort seinen vollen Geschmack f\u00fcr lange Zeit bewahren.<br \/>\nWir sind davon \u00fcberzeugt, dass ein hochwertiges Produkt auch eine st\u00e4rkere positive Wirkung hat, weil es prallvoll mit den richtigen Stoffen ist. Daher suchen wir auf der ganzen Welt nur nach den besten Erzeugnissen.<br \/>\n<div class=\"main-cross-sell\" data-asin=\"B085W82K2G\">\n\n\t<div class=\"WooZone-cross-sell-loader\">\n\t\t<div>\n\t\t\t<div id=\"floatingBarsG\">\n\t\t\t\t<div class=\"blockG\" id=\"rotateG_01\"><\/div>\n\t\t\t\t<div class=\"blockG\" id=\"rotateG_02\"><\/div>\n\t\t\t\t<div class=\"blockG\" id=\"rotateG_03\"><\/div>\n\t\t\t\t<div class=\"blockG\" id=\"rotateG_04\"><\/div>\n\t\t\t\t<div class=\"blockG\" id=\"rotateG_05\"><\/div>\n\t\t\t\t<div class=\"blockG\" id=\"rotateG_06\"><\/div>\n\t\t\t\t<div class=\"blockG\" id=\"rotateG_07\"><\/div>\n\t\t\t\t<div class=\"blockG\" id=\"rotateG_08\"><\/div>\n\t\t\t<\/div>\n\t\t\t<div class=\"WooZone-cross-sell-loader-text\"><\/div>\n\t\t<\/div>\n\t<\/div>\n\n\t\t\n<\/div>\n<div style=\"clear:both;\"><\/div>\n","protected":false},"excerpt":{"rendered":"Die Bl\u00e4tter der Zaubernuss sind ein althergebrachtes pflanzliches Heilmittel, das in Pasten zur Behandlung aller m\u00f6glichen Beschwerden Verwendung findet. Kr\u00e4uterheiler nutzen die Wirkung der verschiedenen Substanzen in den Bl\u00e4ttern, um den Zustand und das Wohlbefinden ihrer Patienten zu verbessern.\nDiese Pflanze enth\u00e4lt eine Vielzahl gesundheitsf\u00f6rdernder Inhaltsstoffe. Zum einen sind dies eine ganze Reihe adstringierender Verbindungen, die bei topischer Anwendung die Haut straffen k\u00f6nnen. Zum anderen wirkt sie entz\u00fcndungshemmend, was in vielerlei Situationen n\u00fctzlich ist.\nDiese Zaubernuss-Bl\u00e4tter wurden von unseren Experten mit besonderer Sorgfalt ausgew\u00e4hlt. Die hochwertigsten Bl\u00e4tter werden speziell verpackt, um sicherzustellen, dass sie in bestem gebrauchsfertigem Zustand bei Ihnen ankommen.","protected":false},"featured_media":8967,"comment_status":"open","ping_status":"closed","template":"","meta":[],"product_cat":[8457,65],"product_tag":[],"_links":{"self":[{"href":"https:\/\/food-shop.org\/index.php?rest_route=\/wp\/v2\/product\/8966"}],"collection":[{"href":"https:\/\/food-shop.org\/index.php?rest_route=\/wp\/v2\/product"}],"about":[{"href":"https:\/\/food-shop.org\/index.php?rest_route=\/wp\/v2\/types\/product"}],"replies":[{"embeddable":true,"href":"https:\/\/food-shop.org\/index.php?rest_route=%2Fwp%2Fv2%2Fcomments&post=8966"}],"wp:featuredmedia":[{"embeddable":true,"href":"https:\/\/food-shop.org\/index.php?rest_route=\/wp\/v2\/media\/8967"}],"wp:attachment":[{"href":"https:\/\/food-shop.org\/index.php?rest_route=%2Fwp%2Fv2%2Fmedia&parent=8966"}],"wp:term":[{"taxonomy":"product_cat","embeddable":true,"href":"https:\/\/food-shop.org\/index.php?rest_route=%2Fwp%2Fv2%2Fproduct_cat&post=8966"},{"taxonomy":"product_tag","embeddable":true,"href":"https:\/\/food-shop.org\/index.php?rest_route=%2Fwp%2Fv2%2Fproduct_tag&post=8966"}],"curies":[{"name":"wp","href":"https:\/\/api.w.org\/{rel}","templated":true}]}}